{"id":1861,"date":"2024-09-11T11:56:06","date_gmt":"2024-09-11T09:56:06","guid":{"rendered":"https:\/\/akhonrent.eus\/alquiler\/sin%20categor\u00eda\/camara-panasonic-cx-350-01-ndi\/"},"modified":"2026-04-02T06:04:37","modified_gmt":"2026-04-02T04:04:37","slug":"camara-panasonic-cx-350-01-ndi","status":"publish","type":"product","link":"https:\/\/akhonrent.eus\/eu\/productos\/camaras-2\/camara-panasonic-cx-350-01-ndi\/","title":{"rendered":"C\u00c1MARA PANASONIC CX 350"},"content":{"rendered":"<div dir=\"ltr\">\n<div class=\"input-box\">\n<div id=\"waffle-rich-text-editor\" class=\"cell-input editable disabled-input\" dir=\"ltr\" role=\"combobox\" aria-label=\"E3\">Camara Broadcast 4K con salidas SDI y HDMI simultaneas, I.S. h\u00edbrido de 5 ejes, c\u00f3dec de 10 bits: Codec: ALL-I, 422LongG y New HEVC LongG. Soporta streaming RTMP. Dos entradas de audio XLR.<\/div>\n<\/div>\n<\/div>\n<div><\/div>","protected":false},"excerpt":{"rendered":"<table dir=\"ltr\" style=\"height: 105px\" border=\"1\" width=\"838\" cellspacing=\"0\" cellpadding=\"0\" data-sheets-root=\"1\" data-sheets-baot=\"1\">\n<tbody>\n<tr>\n<td><\/td>\n<td>2 d\u00edas<\/td>\n<td>3 d\u00edas<\/td>\n<td>4 d\u00edas<\/td>\n<td>5 d\u00edas<\/td>\n<td>6 d\u00edas<\/td>\n<td>7 d\u00edas<\/td>\n<\/tr>\n<tr>\n<td>DTO<\/td>\n<td>25%<\/td>\n<td>30%<\/td>\n<td>35%<\/td>\n<td>40%<\/td>\n<td>45%<\/td>\n<td>50%<\/td>\n<\/tr>\n<\/tbody>\n<\/table>","protected":false},"featured_media":1538,"comment_status":"open","ping_status":"closed","template":"","meta":{"_acf_changed":false,"site-sidebar-layout":"default","site-content-layout":"","ast-site-content-layout":"default","site-content-style":"default","site-sidebar-style":"default","ast-global-header-display":"","ast-banner-title-visibility":"","ast-main-header-display":"","ast-hfb-above-header-display":"","ast-hfb-below-header-display":"","ast-hfb-mobile-header-display":"","site-post-title":"","ast-breadcrumbs-content":"","ast-featured-img":"","footer-sml-layout":"","theme-transparent-header-meta":"default","adv-header-id-meta":"","stick-header-meta":"","header-above-stick-meta":"","header-main-stick-meta":"","header-below-stick-meta":"","astra-migrate-meta-layouts":"set","ast-page-background-enabled":"default","ast-page-background-meta":{"desktop":{"background-color":"var(--ast-global-color-4)","background-image":"","background-repeat":"repeat","background-position":"center center","background-size":"auto","background-attachment":"scroll","background-type":"","background-media":"","overlay-type":"","overlay-color":"","overlay-opacity":"","overlay-gradient":""},"tablet":{"background-color":"","background-image":"","background-repeat":"repeat","background-position":"center center","background-size":"auto","background-attachment":"scroll","background-type":"","background-media":"","overlay-type":"","overlay-color":"","overlay-opacity":"","overlay-gradient":""},"mobile":{"background-color":"","background-image":"","background-repeat":"repeat","background-position":"center center","background-size":"auto","background-attachment":"scroll","background-type":"","background-media":"","overlay-type":"","overlay-color":"","overlay-opacity":"","overlay-gradient":""}},"ast-content-background-meta":{"desktop":{"background-color":"var(--ast-global-color-5)","background-image":"","background-repeat":"repeat","background-position":"center center","background-size":"auto","background-attachment":"scroll","background-type":"","background-media":"","overlay-type":"","overlay-color":"","overlay-opacity":"","overlay-gradient":""},"tablet":{"background-color":"var(--ast-global-color-5)","background-image":"","background-repeat":"repeat","background-position":"center center","background-size":"auto","background-attachment":"scroll","background-type":"","background-media":"","overlay-type":"","overlay-color":"","overlay-opacity":"","overlay-gradient":""},"mobile":{"background-color":"var(--ast-global-color-5)","background-image":"","background-repeat":"repeat","background-position":"center center","background-size":"auto","background-attachment":"scroll","background-type":"","background-media":"","overlay-type":"","overlay-color":"","overlay-opacity":"","overlay-gradient":""}}},"product_brand":[],"product_cat":[69,36],"product_tag":[],"class_list":{"0":"post-1861","1":"product","2":"type-product","3":"status-publish","4":"has-post-thumbnail","6":"product_cat-todos-los-productos","7":"product_cat-camaras-2","8":"desktop-align-left","9":"tablet-align-left","10":"mobile-align-left","12":"first","13":"instock","14":"taxable","15":"shipping-taxable","16":"purchasable","17":"product-type-simple"},"acf":[],"yoast_head":"<!-- This site is optimized with the Yoast SEO plugin v24.7 - https:\/\/yoast.com\/wordpress\/plugins\/seo\/ -->\n<title>C\u00c1MARA PANASONIC CX 350 - AKHONrent<\/title>\n<meta name=\"description\" content=\"Descubre nuestras c\u00e1maras en alquiler y lleva tu producci\u00f3n al siguiente nivel. Encuentra modelos Sony, Canon y m\u00e1s al mejor precio. \u00a1Reserva en AkhonRent!\" \/>\n<meta name=\"robots\" content=\"index, follow, max-snippet:-1, max-image-preview:large, max-video-preview:-1\" \/>\n<link rel=\"canonical\" href=\"http:\/\/akhonrent.eus\/eu\/productos\/camaras-2\/camara-panasonic-cx-350-01-ndi\/\" \/>\n<meta property=\"og:locale\" content=\"en_US\" \/>\n<meta property=\"og:type\" content=\"article\" \/>\n<meta property=\"og:title\" content=\"C\u00c1MARA PANASONIC CX 350 - AKHONrent\" \/>\n<meta property=\"og:description\" content=\"Descubre nuestras c\u00e1maras en alquiler y lleva tu producci\u00f3n al siguiente nivel. Encuentra modelos Sony, Canon y m\u00e1s al mejor precio. \u00a1Reserva en AkhonRent!\" \/>\n<meta property=\"og:url\" content=\"http:\/\/akhonrent.eus\/eu\/productos\/camaras-2\/camara-panasonic-cx-350-01-ndi\/\" \/>\n<meta property=\"og:site_name\" content=\"AKHONrent\" \/>\n<meta property=\"article:modified_time\" content=\"2026-04-02T04:04:37+00:00\" \/>\n<meta property=\"og:image\" content=\"http:\/\/akhonrent.eus\/wp-content\/uploads\/2024\/09\/Camara-Panasonic-CX-3501.png\" \/>\n\t<meta property=\"og:image:width\" content=\"1280\" \/>\n\t<meta property=\"og:image:height\" content=\"640\" \/>\n\t<meta property=\"og:image:type\" content=\"image\/png\" \/>\n<meta name=\"twitter:card\" content=\"summary_large_image\" \/>\n<meta name=\"twitter:label1\" content=\"Est. reading time\" \/>\n\t<meta name=\"twitter:data1\" content=\"1 minutua\" \/>\n<script type=\"application\/ld+json\" class=\"yoast-schema-graph\">{\"@context\":\"https:\/\/schema.org\",\"@graph\":[{\"@type\":\"WebPage\",\"@id\":\"http:\/\/akhonrent.eus\/productos\/camaras-2\/camara-panasonic-cx-350-01-ndi\/\",\"url\":\"http:\/\/akhonrent.eus\/productos\/camaras-2\/camara-panasonic-cx-350-01-ndi\/\",\"name\":\"C\u00c1MARA PANASONIC CX 350 - AKHONrent\",\"isPartOf\":{\"@id\":\"http:\/\/akhonrent.eus\/#website\"},\"primaryImageOfPage\":{\"@id\":\"http:\/\/akhonrent.eus\/productos\/camaras-2\/camara-panasonic-cx-350-01-ndi\/#primaryimage\"},\"image\":{\"@id\":\"http:\/\/akhonrent.eus\/productos\/camaras-2\/camara-panasonic-cx-350-01-ndi\/#primaryimage\"},\"thumbnailUrl\":\"https:\/\/akhonrent.eus\/wp-content\/uploads\/2024\/09\/Camara-Panasonic-CX-3501.png\",\"datePublished\":\"2024-09-11T09:56:06+00:00\",\"dateModified\":\"2026-04-02T04:04:37+00:00\",\"description\":\"Descubre nuestras c\u00e1maras en alquiler y lleva tu producci\u00f3n al siguiente nivel. Encuentra modelos Sony, Canon y m\u00e1s al mejor precio. \u00a1Reserva en AkhonRent!\",\"breadcrumb\":{\"@id\":\"http:\/\/akhonrent.eus\/productos\/camaras-2\/camara-panasonic-cx-350-01-ndi\/#breadcrumb\"},\"inLanguage\":\"eu\",\"potentialAction\":[{\"@type\":\"ReadAction\",\"target\":[\"http:\/\/akhonrent.eus\/productos\/camaras-2\/camara-panasonic-cx-350-01-ndi\/\"]}]},{\"@type\":\"ImageObject\",\"inLanguage\":\"eu\",\"@id\":\"http:\/\/akhonrent.eus\/productos\/camaras-2\/camara-panasonic-cx-350-01-ndi\/#primaryimage\",\"url\":\"https:\/\/akhonrent.eus\/wp-content\/uploads\/2024\/09\/Camara-Panasonic-CX-3501.png\",\"contentUrl\":\"https:\/\/akhonrent.eus\/wp-content\/uploads\/2024\/09\/Camara-Panasonic-CX-3501.png\",\"width\":1280,\"height\":640,\"caption\":\"Ca\u0301mara Panasonic CX 350(1)\"},{\"@type\":\"BreadcrumbList\",\"@id\":\"http:\/\/akhonrent.eus\/productos\/camaras-2\/camara-panasonic-cx-350-01-ndi\/#breadcrumb\",\"itemListElement\":[{\"@type\":\"ListItem\",\"position\":1,\"name\":\"Portada\",\"item\":\"http:\/\/akhonrent.eus\/\"},{\"@type\":\"ListItem\",\"position\":2,\"name\":\"Tienda\",\"item\":\"http:\/\/akhonrent.eus\/productos\/\"},{\"@type\":\"ListItem\",\"position\":3,\"name\":\"C\u00c1MARA PANASONIC CX 350\"}]},{\"@type\":\"WebSite\",\"@id\":\"http:\/\/akhonrent.eus\/#website\",\"url\":\"http:\/\/akhonrent.eus\/\",\"name\":\"AKHONrent\",\"description\":\"Alquiler de material audiovisual para empresas: sonido, iluminaci\u00f3n y video de alta calidad. Fiabilidad y asesoramiento de equipo de expertos\",\"publisher\":{\"@id\":\"http:\/\/akhonrent.eus\/#organization\"},\"potentialAction\":[{\"@type\":\"SearchAction\",\"target\":{\"@type\":\"EntryPoint\",\"urlTemplate\":\"http:\/\/akhonrent.eus\/?s={search_term_string}\"},\"query-input\":{\"@type\":\"PropertyValueSpecification\",\"valueRequired\":true,\"valueName\":\"search_term_string\"}}],\"inLanguage\":\"eu\"},{\"@type\":\"Organization\",\"@id\":\"http:\/\/akhonrent.eus\/#organization\",\"name\":\"AKHONrent\",\"url\":\"http:\/\/akhonrent.eus\/\",\"logo\":{\"@type\":\"ImageObject\",\"inLanguage\":\"eu\",\"@id\":\"http:\/\/akhonrent.eus\/#\/schema\/logo\/image\/\",\"url\":\"https:\/\/akhonrent.eus\/wp-content\/uploads\/2024\/06\/cropped-akhon-rent.png\",\"contentUrl\":\"https:\/\/akhonrent.eus\/wp-content\/uploads\/2024\/06\/cropped-akhon-rent.png\",\"width\":576,\"height\":192,\"caption\":\"AKHONrent\"},\"image\":{\"@id\":\"http:\/\/akhonrent.eus\/#\/schema\/logo\/image\/\"}}]}<\/script>\n<!-- \/ Yoast SEO plugin. -->","yoast_head_json":{"title":"C\u00c1MARA PANASONIC CX 350 - AKHONrent","description":"Descubre nuestras c\u00e1maras en alquiler y lleva tu producci\u00f3n al siguiente nivel. Encuentra modelos Sony, Canon y m\u00e1s al mejor precio. \u00a1Reserva en AkhonRent!","robots":{"index":"index","follow":"follow","max-snippet":"max-snippet:-1","max-image-preview":"max-image-preview:large","max-video-preview":"max-video-preview:-1"},"canonical":"http:\/\/akhonrent.eus\/eu\/productos\/camaras-2\/camara-panasonic-cx-350-01-ndi\/","og_locale":"en_US","og_type":"article","og_title":"C\u00c1MARA PANASONIC CX 350 - AKHONrent","og_description":"Descubre nuestras c\u00e1maras en alquiler y lleva tu producci\u00f3n al siguiente nivel. Encuentra modelos Sony, Canon y m\u00e1s al mejor precio. \u00a1Reserva en AkhonRent!","og_url":"http:\/\/akhonrent.eus\/eu\/productos\/camaras-2\/camara-panasonic-cx-350-01-ndi\/","og_site_name":"AKHONrent","article_modified_time":"2026-04-02T04:04:37+00:00","og_image":[{"width":1280,"height":640,"url":"http:\/\/akhonrent.eus\/wp-content\/uploads\/2024\/09\/Camara-Panasonic-CX-3501.png","type":"image\/png"}],"twitter_card":"summary_large_image","twitter_misc":{"Est. reading time":"1 minutua"},"schema":{"@context":"https:\/\/schema.org","@graph":[{"@type":"WebPage","@id":"http:\/\/akhonrent.eus\/productos\/camaras-2\/camara-panasonic-cx-350-01-ndi\/","url":"http:\/\/akhonrent.eus\/productos\/camaras-2\/camara-panasonic-cx-350-01-ndi\/","name":"C\u00c1MARA PANASONIC CX 350 - AKHONrent","isPartOf":{"@id":"http:\/\/akhonrent.eus\/#website"},"primaryImageOfPage":{"@id":"http:\/\/akhonrent.eus\/productos\/camaras-2\/camara-panasonic-cx-350-01-ndi\/#primaryimage"},"image":{"@id":"http:\/\/akhonrent.eus\/productos\/camaras-2\/camara-panasonic-cx-350-01-ndi\/#primaryimage"},"thumbnailUrl":"https:\/\/akhonrent.eus\/wp-content\/uploads\/2024\/09\/Camara-Panasonic-CX-3501.png","datePublished":"2024-09-11T09:56:06+00:00","dateModified":"2026-04-02T04:04:37+00:00","description":"Descubre nuestras c\u00e1maras en alquiler y lleva tu producci\u00f3n al siguiente nivel. Encuentra modelos Sony, Canon y m\u00e1s al mejor precio. \u00a1Reserva en AkhonRent!","breadcrumb":{"@id":"http:\/\/akhonrent.eus\/productos\/camaras-2\/camara-panasonic-cx-350-01-ndi\/#breadcrumb"},"inLanguage":"eu","potentialAction":[{"@type":"ReadAction","target":["http:\/\/akhonrent.eus\/productos\/camaras-2\/camara-panasonic-cx-350-01-ndi\/"]}]},{"@type":"ImageObject","inLanguage":"eu","@id":"http:\/\/akhonrent.eus\/productos\/camaras-2\/camara-panasonic-cx-350-01-ndi\/#primaryimage","url":"https:\/\/akhonrent.eus\/wp-content\/uploads\/2024\/09\/Camara-Panasonic-CX-3501.png","contentUrl":"https:\/\/akhonrent.eus\/wp-content\/uploads\/2024\/09\/Camara-Panasonic-CX-3501.png","width":1280,"height":640,"caption":"Ca\u0301mara Panasonic CX 350(1)"},{"@type":"BreadcrumbList","@id":"http:\/\/akhonrent.eus\/productos\/camaras-2\/camara-panasonic-cx-350-01-ndi\/#breadcrumb","itemListElement":[{"@type":"ListItem","position":1,"name":"Portada","item":"http:\/\/akhonrent.eus\/"},{"@type":"ListItem","position":2,"name":"Tienda","item":"http:\/\/akhonrent.eus\/productos\/"},{"@type":"ListItem","position":3,"name":"C\u00c1MARA PANASONIC CX 350"}]},{"@type":"WebSite","@id":"http:\/\/akhonrent.eus\/#website","url":"http:\/\/akhonrent.eus\/","name":"AKHONrent","description":"Alquiler de material audiovisual para empresas: sonido, iluminaci\u00f3n y video de alta calidad. Fiabilidad y asesoramiento de equipo de expertos","publisher":{"@id":"http:\/\/akhonrent.eus\/#organization"},"potentialAction":[{"@type":"SearchAction","target":{"@type":"EntryPoint","urlTemplate":"http:\/\/akhonrent.eus\/?s={search_term_string}"},"query-input":{"@type":"PropertyValueSpecification","valueRequired":true,"valueName":"search_term_string"}}],"inLanguage":"eu"},{"@type":"Organization","@id":"http:\/\/akhonrent.eus\/#organization","name":"AKHONrent","url":"http:\/\/akhonrent.eus\/","logo":{"@type":"ImageObject","inLanguage":"eu","@id":"http:\/\/akhonrent.eus\/#\/schema\/logo\/image\/","url":"https:\/\/akhonrent.eus\/wp-content\/uploads\/2024\/06\/cropped-akhon-rent.png","contentUrl":"https:\/\/akhonrent.eus\/wp-content\/uploads\/2024\/06\/cropped-akhon-rent.png","width":576,"height":192,"caption":"AKHONrent"},"image":{"@id":"http:\/\/akhonrent.eus\/#\/schema\/logo\/image\/"}}]}},"_links":{"self":[{"href":"https:\/\/akhonrent.eus\/eu\/wp-json\/wp\/v2\/product\/1861","targetHints":{"allow":["GET"]}}],"collection":[{"href":"https:\/\/akhonrent.eus\/eu\/wp-json\/wp\/v2\/product"}],"about":[{"href":"https:\/\/akhonrent.eus\/eu\/wp-json\/wp\/v2\/types\/product"}],"replies":[{"embeddable":true,"href":"https:\/\/akhonrent.eus\/eu\/wp-json\/wp\/v2\/comments?post=1861"}],"wp:featuredmedia":[{"embeddable":true,"href":"https:\/\/akhonrent.eus\/eu\/wp-json\/wp\/v2\/media\/1538"}],"wp:attachment":[{"href":"https:\/\/akhonrent.eus\/eu\/wp-json\/wp\/v2\/media?parent=1861"}],"wp:term":[{"taxonomy":"product_brand","embeddable":true,"href":"https:\/\/akhonrent.eus\/eu\/wp-json\/wp\/v2\/product_brand?post=1861"},{"taxonomy":"product_cat","embeddable":true,"href":"https:\/\/akhonrent.eus\/eu\/wp-json\/wp\/v2\/product_cat?post=1861"},{"taxonomy":"product_tag","embeddable":true,"href":"https:\/\/akhonrent.eus\/eu\/wp-json\/wp\/v2\/product_tag?post=1861"}],"curies":[{"name":"wp","href":"https:\/\/api.w.org\/{rel}","templated":true}]}}