{"id":1899,"date":"2024-09-11T11:56:29","date_gmt":"2024-09-11T09:56:29","guid":{"rendered":"https:\/\/akhonrent.eus\/alquiler\/sin%20categor\u00eda\/objetivo-dzo-100mm-t2-1\/"},"modified":"2024-12-18T16:18:45","modified_gmt":"2024-12-18T15:18:45","slug":"objetivo-dzo-100mm-t2-1","status":"publish","type":"product","link":"https:\/\/akhonrent.eus\/eu\/productos\/objetivos\/objetivo-dzo-100mm-t2-1\/","title":{"rendered":"OBJETIVO DZO. 100mm\/ T2.1"},"content":{"rendered":"<p>Este objetivo de 100 mm, ideal para cine, tiene un c\u00edrculo de imagen que cubre un sensor de fotograma completo. El iris de 16 hojas es un bokeh de aspecto natural y crea suaves y redondeados reflejos desenfocados. La cobertura de fotograma completo del objetivo admite sensores que tienen un c\u00edrculo de imagen de hasta 46,5 mm para su uso en c\u00e1maras con sensores de hasta fotograma completo sin vi\u00f1eteado. La lente tiene un di\u00e1metro frontal de 80mm, lo que le permite trabajar con pr\u00e1cticamente cualquier caja mate de estilo cine. Los anillos de engranaje de estilo cine en el foco y los anillos de iris hacen que la lente sea compatible con los accesorios de las lentes de estilo cine. Tiene un diametro de 77mm para filtros compatibles y la distancia minima de enfoque es de 0,7m<\/p>","protected":false},"excerpt":{"rendered":"<table dir=\"ltr\" style=\"height: 105px;\" border=\"1\" width=\"838\" cellspacing=\"0\" cellpadding=\"0\" data-sheets-root=\"1\" data-sheets-baot=\"1\">\n<tbody>\n<tr>\n<td><\/td>\n<td>2 d\u00edas<\/td>\n<td>3 d\u00edas<\/td>\n<td>4 d\u00edas<\/td>\n<td>5 d\u00edas<\/td>\n<td>6 d\u00edas<\/td>\n<td>7 d\u00edas<\/td>\n<\/tr>\n<tr>\n<td>DTO<\/td>\n<td>25%<\/td>\n<td>30%<\/td>\n<td>35%<\/td>\n<td>40%<\/td>\n<td>45%<\/td>\n<td>50%<\/td>\n<\/tr>\n<\/tbody>\n<\/table>","protected":false},"featured_media":2150,"comment_status":"open","ping_status":"closed","template":"","meta":{"_acf_changed":false,"site-sidebar-layout":"default","site-content-layout":"","ast-site-content-layout":"default","site-content-style":"default","site-sidebar-style":"default","ast-global-header-display":"","ast-banner-title-visibility":"","ast-main-header-display":"","ast-hfb-above-header-display":"","ast-hfb-below-header-display":"","ast-hfb-mobile-header-display":"","site-post-title":"","ast-breadcrumbs-content":"","ast-featured-img":"","footer-sml-layout":"","theme-transparent-header-meta":"default","adv-header-id-meta":"","stick-header-meta":"","header-above-stick-meta":"","header-main-stick-meta":"","header-below-stick-meta":"","astra-migrate-meta-layouts":"set","ast-page-background-enabled":"default","ast-page-background-meta":{"desktop":{"background-color":"var(--ast-global-color-4)","background-image":"","background-repeat":"repeat","background-position":"center center","background-size":"auto","background-attachment":"scroll","background-type":"","background-media":"","overlay-type":"","overlay-color":"","overlay-opacity":"","overlay-gradient":""},"tablet":{"background-color":"","background-image":"","background-repeat":"repeat","background-position":"center center","background-size":"auto","background-attachment":"scroll","background-type":"","background-media":"","overlay-type":"","overlay-color":"","overlay-opacity":"","overlay-gradient":""},"mobile":{"background-color":"","background-image":"","background-repeat":"repeat","background-position":"center center","background-size":"auto","background-attachment":"scroll","background-type":"","background-media":"","overlay-type":"","overlay-color":"","overlay-opacity":"","overlay-gradient":""}},"ast-content-background-meta":{"desktop":{"background-color":"var(--ast-global-color-5)","background-image":"","background-repeat":"repeat","background-position":"center center","background-size":"auto","background-attachment":"scroll","background-type":"","background-media":"","overlay-type":"","overlay-color":"","overlay-opacity":"","overlay-gradient":""},"tablet":{"background-color":"var(--ast-global-color-5)","background-image":"","background-repeat":"repeat","background-position":"center center","background-size":"auto","background-attachment":"scroll","background-type":"","background-media":"","overlay-type":"","overlay-color":"","overlay-opacity":"","overlay-gradient":""},"mobile":{"background-color":"var(--ast-global-color-5)","background-image":"","background-repeat":"repeat","background-position":"center center","background-size":"auto","background-attachment":"scroll","background-type":"","background-media":"","overlay-type":"","overlay-color":"","overlay-opacity":"","overlay-gradient":""}}},"product_brand":[],"product_cat":[69,27],"product_tag":[],"class_list":{"0":"post-1899","1":"product","2":"type-product","3":"status-publish","4":"has-post-thumbnail","6":"product_cat-todos-los-productos","7":"product_cat-objetivos","8":"desktop-align-left","9":"tablet-align-left","10":"mobile-align-left","12":"first","13":"instock","14":"taxable","15":"shipping-taxable","16":"purchasable","17":"product-type-simple"},"acf":[],"yoast_head":"<!-- This site is optimized with the Yoast SEO plugin v24.7 - https:\/\/yoast.com\/wordpress\/plugins\/seo\/ -->\n<title>OBJETIVO DZO. 100mm\/ T2.1 - AKHONrent<\/title>\n<meta name=\"robots\" content=\"index, follow, max-snippet:-1, max-image-preview:large, max-video-preview:-1\" \/>\n<link rel=\"canonical\" href=\"https:\/\/akhonrent.eus\/eu\/productos\/objetivos\/objetivo-dzo-100mm-t2-1\/\" \/>\n<meta property=\"og:locale\" content=\"en_US\" \/>\n<meta property=\"og:type\" content=\"article\" \/>\n<meta property=\"og:title\" content=\"OBJETIVO DZO. 100mm\/ T2.1 - AKHONrent\" \/>\n<meta property=\"og:description\" content=\"2 d\u00edas 3 d\u00edas 4 d\u00edas 5 d\u00edas 6 d\u00edas 7 d\u00edas   DTO 25% 30% 35% 40% 45% 50%\" \/>\n<meta property=\"og:url\" content=\"https:\/\/akhonrent.eus\/eu\/productos\/objetivos\/objetivo-dzo-100mm-t2-1\/\" \/>\n<meta property=\"og:site_name\" content=\"AKHONrent\" \/>\n<meta property=\"article:modified_time\" content=\"2024-12-18T15:18:45+00:00\" \/>\n<meta property=\"og:image\" content=\"https:\/\/akhonrent.eus\/wp-content\/uploads\/2024\/09\/Objetivo-DZO.-100mm_-T2.11-1.jpg\" \/>\n\t<meta property=\"og:image:width\" content=\"1000\" \/>\n\t<meta property=\"og:image:height\" content=\"1000\" \/>\n\t<meta property=\"og:image:type\" content=\"image\/jpeg\" \/>\n<meta name=\"twitter:card\" content=\"summary_large_image\" \/>\n<meta name=\"twitter:label1\" content=\"Est. reading time\" \/>\n\t<meta name=\"twitter:data1\" content=\"1 minutua\" \/>\n<script type=\"application\/ld+json\" class=\"yoast-schema-graph\">{\"@context\":\"https:\/\/schema.org\",\"@graph\":[{\"@type\":\"WebPage\",\"@id\":\"https:\/\/akhonrent.eus\/productos\/objetivos\/objetivo-dzo-100mm-t2-1\/\",\"url\":\"https:\/\/akhonrent.eus\/productos\/objetivos\/objetivo-dzo-100mm-t2-1\/\",\"name\":\"OBJETIVO DZO. 100mm\/ T2.1 - AKHONrent\",\"isPartOf\":{\"@id\":\"https:\/\/akhonrent.eus\/#website\"},\"primaryImageOfPage\":{\"@id\":\"https:\/\/akhonrent.eus\/productos\/objetivos\/objetivo-dzo-100mm-t2-1\/#primaryimage\"},\"image\":{\"@id\":\"https:\/\/akhonrent.eus\/productos\/objetivos\/objetivo-dzo-100mm-t2-1\/#primaryimage\"},\"thumbnailUrl\":\"https:\/\/akhonrent.eus\/wp-content\/uploads\/2024\/09\/Objetivo-DZO.-100mm_-T2.11-1.jpg\",\"datePublished\":\"2024-09-11T09:56:29+00:00\",\"dateModified\":\"2024-12-18T15:18:45+00:00\",\"breadcrumb\":{\"@id\":\"https:\/\/akhonrent.eus\/productos\/objetivos\/objetivo-dzo-100mm-t2-1\/#breadcrumb\"},\"inLanguage\":\"eu\",\"potentialAction\":[{\"@type\":\"ReadAction\",\"target\":[\"https:\/\/akhonrent.eus\/productos\/objetivos\/objetivo-dzo-100mm-t2-1\/\"]}]},{\"@type\":\"ImageObject\",\"inLanguage\":\"eu\",\"@id\":\"https:\/\/akhonrent.eus\/productos\/objetivos\/objetivo-dzo-100mm-t2-1\/#primaryimage\",\"url\":\"https:\/\/akhonrent.eus\/wp-content\/uploads\/2024\/09\/Objetivo-DZO.-100mm_-T2.11-1.jpg\",\"contentUrl\":\"https:\/\/akhonrent.eus\/wp-content\/uploads\/2024\/09\/Objetivo-DZO.-100mm_-T2.11-1.jpg\",\"width\":1000,\"height\":1000},{\"@type\":\"BreadcrumbList\",\"@id\":\"https:\/\/akhonrent.eus\/productos\/objetivos\/objetivo-dzo-100mm-t2-1\/#breadcrumb\",\"itemListElement\":[{\"@type\":\"ListItem\",\"position\":1,\"name\":\"Portada\",\"item\":\"https:\/\/akhonrent.eus\/\"},{\"@type\":\"ListItem\",\"position\":2,\"name\":\"Tienda\",\"item\":\"https:\/\/akhonrent.eus\/productos\/\"},{\"@type\":\"ListItem\",\"position\":3,\"name\":\"OBJETIVO DZO. 100mm\/ T2.1\"}]},{\"@type\":\"WebSite\",\"@id\":\"https:\/\/akhonrent.eus\/#website\",\"url\":\"https:\/\/akhonrent.eus\/\",\"name\":\"AKHONrent\",\"description\":\"Alquiler de material audiovisual para empresas: sonido, iluminaci\u00f3n y video de alta calidad. Fiabilidad y asesoramiento de equipo de expertos\",\"publisher\":{\"@id\":\"https:\/\/akhonrent.eus\/#organization\"},\"potentialAction\":[{\"@type\":\"SearchAction\",\"target\":{\"@type\":\"EntryPoint\",\"urlTemplate\":\"https:\/\/akhonrent.eus\/?s={search_term_string}\"},\"query-input\":{\"@type\":\"PropertyValueSpecification\",\"valueRequired\":true,\"valueName\":\"search_term_string\"}}],\"inLanguage\":\"eu\"},{\"@type\":\"Organization\",\"@id\":\"https:\/\/akhonrent.eus\/#organization\",\"name\":\"AKHONrent\",\"url\":\"https:\/\/akhonrent.eus\/\",\"logo\":{\"@type\":\"ImageObject\",\"inLanguage\":\"eu\",\"@id\":\"https:\/\/akhonrent.eus\/#\/schema\/logo\/image\/\",\"url\":\"https:\/\/akhonrent.eus\/wp-content\/uploads\/2024\/06\/cropped-akhon-rent.png\",\"contentUrl\":\"https:\/\/akhonrent.eus\/wp-content\/uploads\/2024\/06\/cropped-akhon-rent.png\",\"width\":576,\"height\":192,\"caption\":\"AKHONrent\"},\"image\":{\"@id\":\"https:\/\/akhonrent.eus\/#\/schema\/logo\/image\/\"}}]}<\/script>\n<!-- \/ Yoast SEO plugin. -->","yoast_head_json":{"title":"OBJETIVO DZO. 100mm\/ T2.1 - AKHONrent","robots":{"index":"index","follow":"follow","max-snippet":"max-snippet:-1","max-image-preview":"max-image-preview:large","max-video-preview":"max-video-preview:-1"},"canonical":"https:\/\/akhonrent.eus\/eu\/productos\/objetivos\/objetivo-dzo-100mm-t2-1\/","og_locale":"en_US","og_type":"article","og_title":"OBJETIVO DZO. 100mm\/ T2.1 - AKHONrent","og_description":"2 d\u00edas 3 d\u00edas 4 d\u00edas 5 d\u00edas 6 d\u00edas 7 d\u00edas   DTO 25% 30% 35% 40% 45% 50%","og_url":"https:\/\/akhonrent.eus\/eu\/productos\/objetivos\/objetivo-dzo-100mm-t2-1\/","og_site_name":"AKHONrent","article_modified_time":"2024-12-18T15:18:45+00:00","og_image":[{"width":1000,"height":1000,"url":"https:\/\/akhonrent.eus\/wp-content\/uploads\/2024\/09\/Objetivo-DZO.-100mm_-T2.11-1.jpg","type":"image\/jpeg"}],"twitter_card":"summary_large_image","twitter_misc":{"Est. reading time":"1 minutua"},"schema":{"@context":"https:\/\/schema.org","@graph":[{"@type":"WebPage","@id":"https:\/\/akhonrent.eus\/productos\/objetivos\/objetivo-dzo-100mm-t2-1\/","url":"https:\/\/akhonrent.eus\/productos\/objetivos\/objetivo-dzo-100mm-t2-1\/","name":"OBJETIVO DZO. 100mm\/ T2.1 - AKHONrent","isPartOf":{"@id":"https:\/\/akhonrent.eus\/#website"},"primaryImageOfPage":{"@id":"https:\/\/akhonrent.eus\/productos\/objetivos\/objetivo-dzo-100mm-t2-1\/#primaryimage"},"image":{"@id":"https:\/\/akhonrent.eus\/productos\/objetivos\/objetivo-dzo-100mm-t2-1\/#primaryimage"},"thumbnailUrl":"https:\/\/akhonrent.eus\/wp-content\/uploads\/2024\/09\/Objetivo-DZO.-100mm_-T2.11-1.jpg","datePublished":"2024-09-11T09:56:29+00:00","dateModified":"2024-12-18T15:18:45+00:00","breadcrumb":{"@id":"https:\/\/akhonrent.eus\/productos\/objetivos\/objetivo-dzo-100mm-t2-1\/#breadcrumb"},"inLanguage":"eu","potentialAction":[{"@type":"ReadAction","target":["https:\/\/akhonrent.eus\/productos\/objetivos\/objetivo-dzo-100mm-t2-1\/"]}]},{"@type":"ImageObject","inLanguage":"eu","@id":"https:\/\/akhonrent.eus\/productos\/objetivos\/objetivo-dzo-100mm-t2-1\/#primaryimage","url":"https:\/\/akhonrent.eus\/wp-content\/uploads\/2024\/09\/Objetivo-DZO.-100mm_-T2.11-1.jpg","contentUrl":"https:\/\/akhonrent.eus\/wp-content\/uploads\/2024\/09\/Objetivo-DZO.-100mm_-T2.11-1.jpg","width":1000,"height":1000},{"@type":"BreadcrumbList","@id":"https:\/\/akhonrent.eus\/productos\/objetivos\/objetivo-dzo-100mm-t2-1\/#breadcrumb","itemListElement":[{"@type":"ListItem","position":1,"name":"Portada","item":"https:\/\/akhonrent.eus\/"},{"@type":"ListItem","position":2,"name":"Tienda","item":"https:\/\/akhonrent.eus\/productos\/"},{"@type":"ListItem","position":3,"name":"OBJETIVO DZO. 100mm\/ T2.1"}]},{"@type":"WebSite","@id":"https:\/\/akhonrent.eus\/#website","url":"https:\/\/akhonrent.eus\/","name":"AKHONrent","description":"Alquiler de material audiovisual para empresas: sonido, iluminaci\u00f3n y video de alta calidad. Fiabilidad y asesoramiento de equipo de expertos","publisher":{"@id":"https:\/\/akhonrent.eus\/#organization"},"potentialAction":[{"@type":"SearchAction","target":{"@type":"EntryPoint","urlTemplate":"https:\/\/akhonrent.eus\/?s={search_term_string}"},"query-input":{"@type":"PropertyValueSpecification","valueRequired":true,"valueName":"search_term_string"}}],"inLanguage":"eu"},{"@type":"Organization","@id":"https:\/\/akhonrent.eus\/#organization","name":"AKHONrent","url":"https:\/\/akhonrent.eus\/","logo":{"@type":"ImageObject","inLanguage":"eu","@id":"https:\/\/akhonrent.eus\/#\/schema\/logo\/image\/","url":"https:\/\/akhonrent.eus\/wp-content\/uploads\/2024\/06\/cropped-akhon-rent.png","contentUrl":"https:\/\/akhonrent.eus\/wp-content\/uploads\/2024\/06\/cropped-akhon-rent.png","width":576,"height":192,"caption":"AKHONrent"},"image":{"@id":"https:\/\/akhonrent.eus\/#\/schema\/logo\/image\/"}}]}},"_links":{"self":[{"href":"https:\/\/akhonrent.eus\/eu\/wp-json\/wp\/v2\/product\/1899","targetHints":{"allow":["GET"]}}],"collection":[{"href":"https:\/\/akhonrent.eus\/eu\/wp-json\/wp\/v2\/product"}],"about":[{"href":"https:\/\/akhonrent.eus\/eu\/wp-json\/wp\/v2\/types\/product"}],"replies":[{"embeddable":true,"href":"https:\/\/akhonrent.eus\/eu\/wp-json\/wp\/v2\/comments?post=1899"}],"wp:featuredmedia":[{"embeddable":true,"href":"https:\/\/akhonrent.eus\/eu\/wp-json\/wp\/v2\/media\/2150"}],"wp:attachment":[{"href":"https:\/\/akhonrent.eus\/eu\/wp-json\/wp\/v2\/media?parent=1899"}],"wp:term":[{"taxonomy":"product_brand","embeddable":true,"href":"https:\/\/akhonrent.eus\/eu\/wp-json\/wp\/v2\/product_brand?post=1899"},{"taxonomy":"product_cat","embeddable":true,"href":"https:\/\/akhonrent.eus\/eu\/wp-json\/wp\/v2\/product_cat?post=1899"},{"taxonomy":"product_tag","embeddable":true,"href":"https:\/\/akhonrent.eus\/eu\/wp-json\/wp\/v2\/product_tag?post=1899"}],"curies":[{"name":"wp","href":"https:\/\/api.w.org\/{rel}","templated":true}]}}