{"id":1900,"date":"2024-09-11T11:56:29","date_gmt":"2024-09-11T09:56:29","guid":{"rendered":"https:\/\/akhonrent.eus\/alquiler\/sin%20categor\u00eda\/objetivo-dzo-125mm-t2-1\/"},"modified":"2026-03-30T01:27:53","modified_gmt":"2026-03-29T23:27:53","slug":"objetivo-dzo-125mm-t2-1","status":"publish","type":"product","link":"https:\/\/akhonrent.eus\/eu\/productos\/objetivos\/objetivo-dzo-125mm-t2-1\/","title":{"rendered":"OBJETIVO DZO. 125mm\/ T2.1"},"content":{"rendered":"<p>Relativamente peque\u00f1a y ligera, la lente VESPID 125mm T2.1 de DZOFilm forma parte de la serie de lentes VESPID y es muy adecuada para la cinematograf\u00eda de cuadro completo independiente y de alta gama. La lente tiene un di\u00e1metro frontal de 80mm, lo que le permite trabajar con pr\u00e1cticamente cualquier caja mate de estilo cine. La cobertura de fotograma completo del objetivo admite sensores que tienen un c\u00edrculo de imagen de hasta 46,5 mm para su uso en c\u00e1maras con sensores de hasta fotograma completo sin vi\u00f1eteado. El iris de 16 hojas, que es consistente en toda la l\u00ednea de lentes principales VESPID, crea resaltes redondos desenfocados que tienen una apariencia m\u00e1s natural y contribuyen al bokeh de aspecto natural de la lente. Los anillos de engranaje de estilo cine en el foco y los anillos de iris hacen que la lente sea compatible con los accesorios de las lentes de estilo cine, como las unidades de seguimiento del foco. La parte delantera del objetivo tiene una rosca de filtro de 77 mm, lo que le permite utilizar filtros opcionales directamente en el objetivo y la destancia minima de enfoque de esta lente es de 0.79m.<\/p>","protected":false},"excerpt":{"rendered":"<table dir=\"ltr\" style=\"height: 105px;\" border=\"1\" width=\"838\" cellspacing=\"0\" cellpadding=\"0\" data-sheets-root=\"1\" data-sheets-baot=\"1\">\n<tbody>\n<tr>\n<td><\/td>\n<td>2 d\u00edas<\/td>\n<td>3 d\u00edas<\/td>\n<td>4 d\u00edas<\/td>\n<td>5 d\u00edas<\/td>\n<td>6 d\u00edas<\/td>\n<td>7 d\u00edas<\/td>\n<\/tr>\n<tr>\n<td>DTO<\/td>\n<td>25%<\/td>\n<td>30%<\/td>\n<td>35%<\/td>\n<td>40%<\/td>\n<td>45%<\/td>\n<td>50%<\/td>\n<\/tr>\n<\/tbody>\n<\/table>","protected":false},"featured_media":2151,"comment_status":"open","ping_status":"closed","template":"","meta":{"_acf_changed":false,"site-sidebar-layout":"default","site-content-layout":"","ast-site-content-layout":"default","site-content-style":"default","site-sidebar-style":"default","ast-global-header-display":"","ast-banner-title-visibility":"","ast-main-header-display":"","ast-hfb-above-header-display":"","ast-hfb-below-header-display":"","ast-hfb-mobile-header-display":"","site-post-title":"","ast-breadcrumbs-content":"","ast-featured-img":"","footer-sml-layout":"","theme-transparent-header-meta":"default","adv-header-id-meta":"","stick-header-meta":"","header-above-stick-meta":"","header-main-stick-meta":"","header-below-stick-meta":"","astra-migrate-meta-layouts":"set","ast-page-background-enabled":"default","ast-page-background-meta":{"desktop":{"background-color":"var(--ast-global-color-4)","background-image":"","background-repeat":"repeat","background-position":"center center","background-size":"auto","background-attachment":"scroll","background-type":"","background-media":"","overlay-type":"","overlay-color":"","overlay-opacity":"","overlay-gradient":""},"tablet":{"background-color":"","background-image":"","background-repeat":"repeat","background-position":"center center","background-size":"auto","background-attachment":"scroll","background-type":"","background-media":"","overlay-type":"","overlay-color":"","overlay-opacity":"","overlay-gradient":""},"mobile":{"background-color":"","background-image":"","background-repeat":"repeat","background-position":"center center","background-size":"auto","background-attachment":"scroll","background-type":"","background-media":"","overlay-type":"","overlay-color":"","overlay-opacity":"","overlay-gradient":""}},"ast-content-background-meta":{"desktop":{"background-color":"var(--ast-global-color-5)","background-image":"","background-repeat":"repeat","background-position":"center center","background-size":"auto","background-attachment":"scroll","background-type":"","background-media":"","overlay-type":"","overlay-color":"","overlay-opacity":"","overlay-gradient":""},"tablet":{"background-color":"var(--ast-global-color-5)","background-image":"","background-repeat":"repeat","background-position":"center center","background-size":"auto","background-attachment":"scroll","background-type":"","background-media":"","overlay-type":"","overlay-color":"","overlay-opacity":"","overlay-gradient":""},"mobile":{"background-color":"var(--ast-global-color-5)","background-image":"","background-repeat":"repeat","background-position":"center center","background-size":"auto","background-attachment":"scroll","background-type":"","background-media":"","overlay-type":"","overlay-color":"","overlay-opacity":"","overlay-gradient":""}}},"product_brand":[],"product_cat":[69,27],"product_tag":[],"class_list":{"0":"post-1900","1":"product","2":"type-product","3":"status-publish","4":"has-post-thumbnail","6":"product_cat-todos-los-productos","7":"product_cat-objetivos","8":"desktop-align-left","9":"tablet-align-left","10":"mobile-align-left","12":"first","13":"instock","14":"taxable","15":"shipping-taxable","16":"purchasable","17":"product-type-simple"},"acf":[],"yoast_head":"<!-- This site is optimized with the Yoast SEO plugin v24.7 - https:\/\/yoast.com\/wordpress\/plugins\/seo\/ -->\n<title>OBJETIVO DZO. 125mm\/ T2.1 - AKHONrent<\/title>\n<meta name=\"robots\" content=\"index, follow, max-snippet:-1, max-image-preview:large, max-video-preview:-1\" \/>\n<link rel=\"canonical\" href=\"http:\/\/akhonrent.eus\/eu\/productos\/objetivos\/objetivo-dzo-125mm-t2-1\/\" \/>\n<meta property=\"og:locale\" content=\"en_US\" \/>\n<meta property=\"og:type\" content=\"article\" \/>\n<meta property=\"og:title\" content=\"OBJETIVO DZO. 125mm\/ T2.1 - AKHONrent\" \/>\n<meta property=\"og:description\" content=\"2 d\u00edas 3 d\u00edas 4 d\u00edas 5 d\u00edas 6 d\u00edas 7 d\u00edas   DTO 25% 30% 35% 40% 45% 50%\" \/>\n<meta property=\"og:url\" content=\"http:\/\/akhonrent.eus\/eu\/productos\/objetivos\/objetivo-dzo-125mm-t2-1\/\" \/>\n<meta property=\"og:site_name\" content=\"AKHONrent\" \/>\n<meta property=\"article:modified_time\" content=\"2026-03-29T23:27:53+00:00\" \/>\n<meta property=\"og:image\" content=\"http:\/\/akhonrent.eus\/wp-content\/uploads\/2024\/09\/Objetivo-DZO.-125mm_-T2.11-1.png\" \/>\n\t<meta property=\"og:image:width\" content=\"452\" \/>\n\t<meta property=\"og:image:height\" content=\"452\" \/>\n\t<meta property=\"og:image:type\" content=\"image\/png\" \/>\n<meta name=\"twitter:card\" content=\"summary_large_image\" \/>\n<meta name=\"twitter:label1\" content=\"Est. reading time\" \/>\n\t<meta name=\"twitter:data1\" content=\"2 minutua\" \/>\n<script type=\"application\/ld+json\" class=\"yoast-schema-graph\">{\"@context\":\"https:\/\/schema.org\",\"@graph\":[{\"@type\":\"WebPage\",\"@id\":\"http:\/\/akhonrent.eus\/eu\/productos\/objetivos\/objetivo-dzo-125mm-t2-1\/\",\"url\":\"http:\/\/akhonrent.eus\/eu\/productos\/objetivos\/objetivo-dzo-125mm-t2-1\/\",\"name\":\"OBJETIVO DZO. 125mm\/ T2.1 - AKHONrent\",\"isPartOf\":{\"@id\":\"http:\/\/akhonrent.eus\/eu\/#website\"},\"primaryImageOfPage\":{\"@id\":\"http:\/\/akhonrent.eus\/eu\/productos\/objetivos\/objetivo-dzo-125mm-t2-1\/#primaryimage\"},\"image\":{\"@id\":\"http:\/\/akhonrent.eus\/eu\/productos\/objetivos\/objetivo-dzo-125mm-t2-1\/#primaryimage\"},\"thumbnailUrl\":\"https:\/\/akhonrent.eus\/wp-content\/uploads\/2024\/09\/Objetivo-DZO.-125mm_-T2.11-1.png\",\"datePublished\":\"2024-09-11T09:56:29+00:00\",\"dateModified\":\"2026-03-29T23:27:53+00:00\",\"breadcrumb\":{\"@id\":\"http:\/\/akhonrent.eus\/eu\/productos\/objetivos\/objetivo-dzo-125mm-t2-1\/#breadcrumb\"},\"inLanguage\":\"eu\",\"potentialAction\":[{\"@type\":\"ReadAction\",\"target\":[\"http:\/\/akhonrent.eus\/eu\/productos\/objetivos\/objetivo-dzo-125mm-t2-1\/\"]}]},{\"@type\":\"ImageObject\",\"inLanguage\":\"eu\",\"@id\":\"http:\/\/akhonrent.eus\/eu\/productos\/objetivos\/objetivo-dzo-125mm-t2-1\/#primaryimage\",\"url\":\"https:\/\/akhonrent.eus\/wp-content\/uploads\/2024\/09\/Objetivo-DZO.-125mm_-T2.11-1.png\",\"contentUrl\":\"https:\/\/akhonrent.eus\/wp-content\/uploads\/2024\/09\/Objetivo-DZO.-125mm_-T2.11-1.png\",\"width\":452,\"height\":452},{\"@type\":\"BreadcrumbList\",\"@id\":\"http:\/\/akhonrent.eus\/eu\/productos\/objetivos\/objetivo-dzo-125mm-t2-1\/#breadcrumb\",\"itemListElement\":[{\"@type\":\"ListItem\",\"position\":1,\"name\":\"Portada\",\"item\":\"http:\/\/akhonrent.eus\/eu\/\"},{\"@type\":\"ListItem\",\"position\":2,\"name\":\"Tienda\",\"item\":\"http:\/\/akhonrent.eus\/eu\/productos\/\"},{\"@type\":\"ListItem\",\"position\":3,\"name\":\"OBJETIVO DZO. 125mm\/ T2.1\"}]},{\"@type\":\"WebSite\",\"@id\":\"http:\/\/akhonrent.eus\/eu\/#website\",\"url\":\"http:\/\/akhonrent.eus\/eu\/\",\"name\":\"AKHONrent\",\"description\":\"Alquiler de material audiovisual para empresas: sonido, iluminaci\u00f3n y video de alta calidad. Fiabilidad y asesoramiento de equipo de expertos\",\"publisher\":{\"@id\":\"http:\/\/akhonrent.eus\/eu\/#organization\"},\"potentialAction\":[{\"@type\":\"SearchAction\",\"target\":{\"@type\":\"EntryPoint\",\"urlTemplate\":\"http:\/\/akhonrent.eus\/eu\/?s={search_term_string}\"},\"query-input\":{\"@type\":\"PropertyValueSpecification\",\"valueRequired\":true,\"valueName\":\"search_term_string\"}}],\"inLanguage\":\"eu\"},{\"@type\":\"Organization\",\"@id\":\"http:\/\/akhonrent.eus\/eu\/#organization\",\"name\":\"AKHONrent\",\"url\":\"http:\/\/akhonrent.eus\/eu\/\",\"logo\":{\"@type\":\"ImageObject\",\"inLanguage\":\"eu\",\"@id\":\"http:\/\/akhonrent.eus\/eu\/#\/schema\/logo\/image\/\",\"url\":\"https:\/\/akhonrent.eus\/wp-content\/uploads\/2024\/06\/cropped-akhon-rent.png\",\"contentUrl\":\"https:\/\/akhonrent.eus\/wp-content\/uploads\/2024\/06\/cropped-akhon-rent.png\",\"width\":576,\"height\":192,\"caption\":\"AKHONrent\"},\"image\":{\"@id\":\"http:\/\/akhonrent.eus\/eu\/#\/schema\/logo\/image\/\"}}]}<\/script>\n<!-- \/ Yoast SEO plugin. -->","yoast_head_json":{"title":"OBJETIVO DZO. 125mm\/ T2.1 - AKHONrent","robots":{"index":"index","follow":"follow","max-snippet":"max-snippet:-1","max-image-preview":"max-image-preview:large","max-video-preview":"max-video-preview:-1"},"canonical":"http:\/\/akhonrent.eus\/eu\/productos\/objetivos\/objetivo-dzo-125mm-t2-1\/","og_locale":"en_US","og_type":"article","og_title":"OBJETIVO DZO. 125mm\/ T2.1 - AKHONrent","og_description":"2 d\u00edas 3 d\u00edas 4 d\u00edas 5 d\u00edas 6 d\u00edas 7 d\u00edas   DTO 25% 30% 35% 40% 45% 50%","og_url":"http:\/\/akhonrent.eus\/eu\/productos\/objetivos\/objetivo-dzo-125mm-t2-1\/","og_site_name":"AKHONrent","article_modified_time":"2026-03-29T23:27:53+00:00","og_image":[{"width":452,"height":452,"url":"http:\/\/akhonrent.eus\/wp-content\/uploads\/2024\/09\/Objetivo-DZO.-125mm_-T2.11-1.png","type":"image\/png"}],"twitter_card":"summary_large_image","twitter_misc":{"Est. reading time":"2 minutua"},"schema":{"@context":"https:\/\/schema.org","@graph":[{"@type":"WebPage","@id":"http:\/\/akhonrent.eus\/eu\/productos\/objetivos\/objetivo-dzo-125mm-t2-1\/","url":"http:\/\/akhonrent.eus\/eu\/productos\/objetivos\/objetivo-dzo-125mm-t2-1\/","name":"OBJETIVO DZO. 125mm\/ T2.1 - AKHONrent","isPartOf":{"@id":"http:\/\/akhonrent.eus\/eu\/#website"},"primaryImageOfPage":{"@id":"http:\/\/akhonrent.eus\/eu\/productos\/objetivos\/objetivo-dzo-125mm-t2-1\/#primaryimage"},"image":{"@id":"http:\/\/akhonrent.eus\/eu\/productos\/objetivos\/objetivo-dzo-125mm-t2-1\/#primaryimage"},"thumbnailUrl":"https:\/\/akhonrent.eus\/wp-content\/uploads\/2024\/09\/Objetivo-DZO.-125mm_-T2.11-1.png","datePublished":"2024-09-11T09:56:29+00:00","dateModified":"2026-03-29T23:27:53+00:00","breadcrumb":{"@id":"http:\/\/akhonrent.eus\/eu\/productos\/objetivos\/objetivo-dzo-125mm-t2-1\/#breadcrumb"},"inLanguage":"eu","potentialAction":[{"@type":"ReadAction","target":["http:\/\/akhonrent.eus\/eu\/productos\/objetivos\/objetivo-dzo-125mm-t2-1\/"]}]},{"@type":"ImageObject","inLanguage":"eu","@id":"http:\/\/akhonrent.eus\/eu\/productos\/objetivos\/objetivo-dzo-125mm-t2-1\/#primaryimage","url":"https:\/\/akhonrent.eus\/wp-content\/uploads\/2024\/09\/Objetivo-DZO.-125mm_-T2.11-1.png","contentUrl":"https:\/\/akhonrent.eus\/wp-content\/uploads\/2024\/09\/Objetivo-DZO.-125mm_-T2.11-1.png","width":452,"height":452},{"@type":"BreadcrumbList","@id":"http:\/\/akhonrent.eus\/eu\/productos\/objetivos\/objetivo-dzo-125mm-t2-1\/#breadcrumb","itemListElement":[{"@type":"ListItem","position":1,"name":"Portada","item":"http:\/\/akhonrent.eus\/eu\/"},{"@type":"ListItem","position":2,"name":"Tienda","item":"http:\/\/akhonrent.eus\/eu\/productos\/"},{"@type":"ListItem","position":3,"name":"OBJETIVO DZO. 125mm\/ T2.1"}]},{"@type":"WebSite","@id":"http:\/\/akhonrent.eus\/eu\/#website","url":"http:\/\/akhonrent.eus\/eu\/","name":"AKHONrent","description":"Alquiler de material audiovisual para empresas: sonido, iluminaci\u00f3n y video de alta calidad. Fiabilidad y asesoramiento de equipo de expertos","publisher":{"@id":"http:\/\/akhonrent.eus\/eu\/#organization"},"potentialAction":[{"@type":"SearchAction","target":{"@type":"EntryPoint","urlTemplate":"http:\/\/akhonrent.eus\/eu\/?s={search_term_string}"},"query-input":{"@type":"PropertyValueSpecification","valueRequired":true,"valueName":"search_term_string"}}],"inLanguage":"eu"},{"@type":"Organization","@id":"http:\/\/akhonrent.eus\/eu\/#organization","name":"AKHONrent","url":"http:\/\/akhonrent.eus\/eu\/","logo":{"@type":"ImageObject","inLanguage":"eu","@id":"http:\/\/akhonrent.eus\/eu\/#\/schema\/logo\/image\/","url":"https:\/\/akhonrent.eus\/wp-content\/uploads\/2024\/06\/cropped-akhon-rent.png","contentUrl":"https:\/\/akhonrent.eus\/wp-content\/uploads\/2024\/06\/cropped-akhon-rent.png","width":576,"height":192,"caption":"AKHONrent"},"image":{"@id":"http:\/\/akhonrent.eus\/eu\/#\/schema\/logo\/image\/"}}]}},"_links":{"self":[{"href":"https:\/\/akhonrent.eus\/eu\/wp-json\/wp\/v2\/product\/1900","targetHints":{"allow":["GET"]}}],"collection":[{"href":"https:\/\/akhonrent.eus\/eu\/wp-json\/wp\/v2\/product"}],"about":[{"href":"https:\/\/akhonrent.eus\/eu\/wp-json\/wp\/v2\/types\/product"}],"replies":[{"embeddable":true,"href":"https:\/\/akhonrent.eus\/eu\/wp-json\/wp\/v2\/comments?post=1900"}],"wp:featuredmedia":[{"embeddable":true,"href":"https:\/\/akhonrent.eus\/eu\/wp-json\/wp\/v2\/media\/2151"}],"wp:attachment":[{"href":"https:\/\/akhonrent.eus\/eu\/wp-json\/wp\/v2\/media?parent=1900"}],"wp:term":[{"taxonomy":"product_brand","embeddable":true,"href":"https:\/\/akhonrent.eus\/eu\/wp-json\/wp\/v2\/product_brand?post=1900"},{"taxonomy":"product_cat","embeddable":true,"href":"https:\/\/akhonrent.eus\/eu\/wp-json\/wp\/v2\/product_cat?post=1900"},{"taxonomy":"product_tag","embeddable":true,"href":"https:\/\/akhonrent.eus\/eu\/wp-json\/wp\/v2\/product_tag?post=1900"}],"curies":[{"name":"wp","href":"https:\/\/api.w.org\/{rel}","templated":true}]}}