{"id":1908,"date":"2024-09-11T11:56:33","date_gmt":"2024-09-11T09:56:33","guid":{"rendered":"https:\/\/akhonrent.eus\/alquiler\/sin%20categor\u00eda\/gimbal-dji-ronin-m-01\/"},"modified":"2025-03-21T10:32:59","modified_gmt":"2025-03-21T09:32:59","slug":"gimbal-dji-ronin-m-01","status":"publish","type":"product","link":"https:\/\/akhonrent.eus\/eu\/productos\/todos-los-productos\/gimbal-dji-ronin-m-01\/","title":{"rendered":"GIMBAL DJI RONIN M"},"content":{"rendered":"<p>El Gimbal DJI Ronin M se configura y equilibra en 5 minutos siempre que se cambia la configuraci\u00f3n de la c\u00e1mara. Esto ahorra tiempo, haciendo que el Ronin sea m\u00e1s eficiente en entornos profesionales donde cada segundo cuenta. Se puede ajustar f\u00e1cilmente para diferentes configuraciones, desde peque\u00f1as y ligeras c\u00e1maras Micro-Cuatro Tercios a sistemas m\u00e1s pesados \u200b\u200bcomo Red Epic \u00f3 Alexa Mini. Cuenta con el sistema SmoothTrack, ofrece la posibilidad de ser operado por un solo operador, diferenciando movimientos no deseados y vibraciones de intenciones de paneo y tilt por parte del operador. Consiguiendo movimientos de inclinaci\u00f3n y cambios de \u00e1ngulo estabilizados y suaves. Un segundo mando transmisor permite que un segundo operador mueva la c\u00e1mara con independencia de la plataforma de c\u00e1mara DJI Ronin las velocidades de SmoothTrack. Soporta un peso de hasta 7,6 Kg. Peso total de 2,3 kg. Modo silencioso para funcionamiento sin ruido.<\/p>","protected":false},"excerpt":{"rendered":"<table dir=\"ltr\" border=\"1\" cellspacing=\"0\" cellpadding=\"0\" data-sheets-root=\"1\" data-sheets-baot=\"1\">\n<colgroup>\n<col width=\"100\" \/>\n<col width=\"100\" \/>\n<col width=\"100\" \/>\n<col width=\"100\" \/>\n<col width=\"100\" \/>\n<col width=\"100\" \/>\n<col width=\"100\" \/><\/colgroup>\n<tbody>\n<tr>\n<td><\/td>\n<td>2 d\u00edas<\/td>\n<td>3 d\u00edas<\/td>\n<td>4 d\u00edas<\/td>\n<td>5 d\u00edas<\/td>\n<td>6 d\u00edas<\/td>\n<td>7 d\u00edas<\/td>\n<\/tr>\n<tr>\n<td>DTO<\/td>\n<td>25%<\/td>\n<td>30%<\/td>\n<td>35%<\/td>\n<td>40%<\/td>\n<td>45%<\/td>\n<td>50%<\/td>\n<\/tr>\n<\/tbody>\n<\/table>","protected":false},"featured_media":1581,"comment_status":"open","ping_status":"closed","template":"","meta":{"_acf_changed":false,"site-sidebar-layout":"default","site-content-layout":"","ast-site-content-layout":"default","site-content-style":"default","site-sidebar-style":"default","ast-global-header-display":"","ast-banner-title-visibility":"","ast-main-header-display":"","ast-hfb-above-header-display":"","ast-hfb-below-header-display":"","ast-hfb-mobile-header-display":"","site-post-title":"","ast-breadcrumbs-content":"","ast-featured-img":"","footer-sml-layout":"","theme-transparent-header-meta":"default","adv-header-id-meta":"","stick-header-meta":"","header-above-stick-meta":"","header-main-stick-meta":"","header-below-stick-meta":"","astra-migrate-meta-layouts":"set","ast-page-background-enabled":"default","ast-page-background-meta":{"desktop":{"background-color":"var(--ast-global-color-4)","background-image":"","background-repeat":"repeat","background-position":"center center","background-size":"auto","background-attachment":"scroll","background-type":"","background-media":"","overlay-type":"","overlay-color":"","overlay-opacity":"","overlay-gradient":""},"tablet":{"background-color":"","background-image":"","background-repeat":"repeat","background-position":"center center","background-size":"auto","background-attachment":"scroll","background-type":"","background-media":"","overlay-type":"","overlay-color":"","overlay-opacity":"","overlay-gradient":""},"mobile":{"background-color":"","background-image":"","background-repeat":"repeat","background-position":"center center","background-size":"auto","background-attachment":"scroll","background-type":"","background-media":"","overlay-type":"","overlay-color":"","overlay-opacity":"","overlay-gradient":""}},"ast-content-background-meta":{"desktop":{"background-color":"var(--ast-global-color-5)","background-image":"","background-repeat":"repeat","background-position":"center center","background-size":"auto","background-attachment":"scroll","background-type":"","background-media":"","overlay-type":"","overlay-color":"","overlay-opacity":"","overlay-gradient":""},"tablet":{"background-color":"var(--ast-global-color-5)","background-image":"","background-repeat":"repeat","background-position":"center center","background-size":"auto","background-attachment":"scroll","background-type":"","background-media":"","overlay-type":"","overlay-color":"","overlay-opacity":"","overlay-gradient":""},"mobile":{"background-color":"var(--ast-global-color-5)","background-image":"","background-repeat":"repeat","background-position":"center center","background-size":"auto","background-attachment":"scroll","background-type":"","background-media":"","overlay-type":"","overlay-color":"","overlay-opacity":"","overlay-gradient":""}}},"product_brand":[],"product_cat":[69,81],"product_tag":[],"class_list":{"0":"post-1908","1":"product","2":"type-product","3":"status-publish","4":"has-post-thumbnail","6":"product_cat-todos-los-productos","7":"product_cat-estabilizadores","8":"desktop-align-left","9":"tablet-align-left","10":"mobile-align-left","12":"first","13":"instock","14":"taxable","15":"shipping-taxable","16":"purchasable","17":"product-type-simple"},"acf":[],"yoast_head":"<!-- This site is optimized with the Yoast SEO plugin v24.7 - https:\/\/yoast.com\/wordpress\/plugins\/seo\/ -->\n<title>GIMBAL DJI RONIN M - AKHONrent<\/title>\n<meta name=\"robots\" content=\"index, follow, max-snippet:-1, max-image-preview:large, max-video-preview:-1\" \/>\n<link rel=\"canonical\" href=\"https:\/\/akhonrent.eus\/eu\/productos\/todos-los-productos\/gimbal-dji-ronin-m-01\/\" \/>\n<meta property=\"og:locale\" content=\"en_US\" \/>\n<meta property=\"og:type\" content=\"article\" \/>\n<meta property=\"og:title\" content=\"GIMBAL DJI RONIN M - AKHONrent\" \/>\n<meta property=\"og:description\" content=\"2 d\u00edas 3 d\u00edas 4 d\u00edas 5 d\u00edas 6 d\u00edas 7 d\u00edas   DTO 25% 30% 35% 40% 45% 50%\" \/>\n<meta property=\"og:url\" content=\"https:\/\/akhonrent.eus\/eu\/productos\/todos-los-productos\/gimbal-dji-ronin-m-01\/\" \/>\n<meta property=\"og:site_name\" content=\"AKHONrent\" \/>\n<meta property=\"article:modified_time\" content=\"2025-03-21T09:32:59+00:00\" \/>\n<meta property=\"og:image\" content=\"https:\/\/akhonrent.eus\/wp-content\/uploads\/2024\/09\/GIMBAL-DJI-RONIN-M2.jpg\" \/>\n\t<meta property=\"og:image:width\" content=\"1000\" \/>\n\t<meta property=\"og:image:height\" content=\"1000\" \/>\n\t<meta property=\"og:image:type\" content=\"image\/jpeg\" \/>\n<meta name=\"twitter:card\" content=\"summary_large_image\" \/>\n<meta name=\"twitter:label1\" content=\"Est. reading time\" \/>\n\t<meta name=\"twitter:data1\" content=\"1 minutua\" \/>\n<script type=\"application\/ld+json\" class=\"yoast-schema-graph\">{\"@context\":\"https:\/\/schema.org\",\"@graph\":[{\"@type\":\"WebPage\",\"@id\":\"https:\/\/akhonrent.eus\/eu\/productos\/todos-los-productos\/gimbal-dji-ronin-m-01\/\",\"url\":\"https:\/\/akhonrent.eus\/eu\/productos\/todos-los-productos\/gimbal-dji-ronin-m-01\/\",\"name\":\"GIMBAL DJI RONIN M - AKHONrent\",\"isPartOf\":{\"@id\":\"http:\/\/akhonrent.eus\/#website\"},\"primaryImageOfPage\":{\"@id\":\"https:\/\/akhonrent.eus\/eu\/productos\/todos-los-productos\/gimbal-dji-ronin-m-01\/#primaryimage\"},\"image\":{\"@id\":\"https:\/\/akhonrent.eus\/eu\/productos\/todos-los-productos\/gimbal-dji-ronin-m-01\/#primaryimage\"},\"thumbnailUrl\":\"https:\/\/akhonrent.eus\/wp-content\/uploads\/2024\/09\/GIMBAL-DJI-RONIN-M2.jpg\",\"datePublished\":\"2024-09-11T09:56:33+00:00\",\"dateModified\":\"2025-03-21T09:32:59+00:00\",\"breadcrumb\":{\"@id\":\"https:\/\/akhonrent.eus\/eu\/productos\/todos-los-productos\/gimbal-dji-ronin-m-01\/#breadcrumb\"},\"inLanguage\":\"eu\",\"potentialAction\":[{\"@type\":\"ReadAction\",\"target\":[\"https:\/\/akhonrent.eus\/eu\/productos\/todos-los-productos\/gimbal-dji-ronin-m-01\/\"]}]},{\"@type\":\"ImageObject\",\"inLanguage\":\"eu\",\"@id\":\"https:\/\/akhonrent.eus\/eu\/productos\/todos-los-productos\/gimbal-dji-ronin-m-01\/#primaryimage\",\"url\":\"https:\/\/akhonrent.eus\/wp-content\/uploads\/2024\/09\/GIMBAL-DJI-RONIN-M2.jpg\",\"contentUrl\":\"https:\/\/akhonrent.eus\/wp-content\/uploads\/2024\/09\/GIMBAL-DJI-RONIN-M2.jpg\",\"width\":1000,\"height\":1000,\"caption\":\"GIMBAL DJI RONIN M(2)\"},{\"@type\":\"BreadcrumbList\",\"@id\":\"https:\/\/akhonrent.eus\/eu\/productos\/todos-los-productos\/gimbal-dji-ronin-m-01\/#breadcrumb\",\"itemListElement\":[{\"@type\":\"ListItem\",\"position\":1,\"name\":\"Portada\",\"item\":\"http:\/\/akhonrent.eus\/\"},{\"@type\":\"ListItem\",\"position\":2,\"name\":\"Tienda\",\"item\":\"http:\/\/akhonrent.eus\/productos\/\"},{\"@type\":\"ListItem\",\"position\":3,\"name\":\"GIMBAL DJI RONIN M\"}]},{\"@type\":\"WebSite\",\"@id\":\"http:\/\/akhonrent.eus\/#website\",\"url\":\"http:\/\/akhonrent.eus\/\",\"name\":\"AKHONrent\",\"description\":\"Alquiler de material audiovisual para empresas: sonido, iluminaci\u00f3n y video de alta calidad. Fiabilidad y asesoramiento de equipo de expertos\",\"publisher\":{\"@id\":\"http:\/\/akhonrent.eus\/#organization\"},\"potentialAction\":[{\"@type\":\"SearchAction\",\"target\":{\"@type\":\"EntryPoint\",\"urlTemplate\":\"http:\/\/akhonrent.eus\/?s={search_term_string}\"},\"query-input\":{\"@type\":\"PropertyValueSpecification\",\"valueRequired\":true,\"valueName\":\"search_term_string\"}}],\"inLanguage\":\"eu\"},{\"@type\":\"Organization\",\"@id\":\"http:\/\/akhonrent.eus\/#organization\",\"name\":\"AKHONrent\",\"url\":\"http:\/\/akhonrent.eus\/\",\"logo\":{\"@type\":\"ImageObject\",\"inLanguage\":\"eu\",\"@id\":\"http:\/\/akhonrent.eus\/#\/schema\/logo\/image\/\",\"url\":\"https:\/\/akhonrent.eus\/wp-content\/uploads\/2024\/06\/cropped-akhon-rent.png\",\"contentUrl\":\"https:\/\/akhonrent.eus\/wp-content\/uploads\/2024\/06\/cropped-akhon-rent.png\",\"width\":576,\"height\":192,\"caption\":\"AKHONrent\"},\"image\":{\"@id\":\"http:\/\/akhonrent.eus\/#\/schema\/logo\/image\/\"}}]}<\/script>\n<!-- \/ Yoast SEO plugin. -->","yoast_head_json":{"title":"GIMBAL DJI RONIN M - AKHONrent","robots":{"index":"index","follow":"follow","max-snippet":"max-snippet:-1","max-image-preview":"max-image-preview:large","max-video-preview":"max-video-preview:-1"},"canonical":"https:\/\/akhonrent.eus\/eu\/productos\/todos-los-productos\/gimbal-dji-ronin-m-01\/","og_locale":"en_US","og_type":"article","og_title":"GIMBAL DJI RONIN M - AKHONrent","og_description":"2 d\u00edas 3 d\u00edas 4 d\u00edas 5 d\u00edas 6 d\u00edas 7 d\u00edas   DTO 25% 30% 35% 40% 45% 50%","og_url":"https:\/\/akhonrent.eus\/eu\/productos\/todos-los-productos\/gimbal-dji-ronin-m-01\/","og_site_name":"AKHONrent","article_modified_time":"2025-03-21T09:32:59+00:00","og_image":[{"width":1000,"height":1000,"url":"https:\/\/akhonrent.eus\/wp-content\/uploads\/2024\/09\/GIMBAL-DJI-RONIN-M2.jpg","type":"image\/jpeg"}],"twitter_card":"summary_large_image","twitter_misc":{"Est. reading time":"1 minutua"},"schema":{"@context":"https:\/\/schema.org","@graph":[{"@type":"WebPage","@id":"https:\/\/akhonrent.eus\/eu\/productos\/todos-los-productos\/gimbal-dji-ronin-m-01\/","url":"https:\/\/akhonrent.eus\/eu\/productos\/todos-los-productos\/gimbal-dji-ronin-m-01\/","name":"GIMBAL DJI RONIN M - AKHONrent","isPartOf":{"@id":"http:\/\/akhonrent.eus\/#website"},"primaryImageOfPage":{"@id":"https:\/\/akhonrent.eus\/eu\/productos\/todos-los-productos\/gimbal-dji-ronin-m-01\/#primaryimage"},"image":{"@id":"https:\/\/akhonrent.eus\/eu\/productos\/todos-los-productos\/gimbal-dji-ronin-m-01\/#primaryimage"},"thumbnailUrl":"https:\/\/akhonrent.eus\/wp-content\/uploads\/2024\/09\/GIMBAL-DJI-RONIN-M2.jpg","datePublished":"2024-09-11T09:56:33+00:00","dateModified":"2025-03-21T09:32:59+00:00","breadcrumb":{"@id":"https:\/\/akhonrent.eus\/eu\/productos\/todos-los-productos\/gimbal-dji-ronin-m-01\/#breadcrumb"},"inLanguage":"eu","potentialAction":[{"@type":"ReadAction","target":["https:\/\/akhonrent.eus\/eu\/productos\/todos-los-productos\/gimbal-dji-ronin-m-01\/"]}]},{"@type":"ImageObject","inLanguage":"eu","@id":"https:\/\/akhonrent.eus\/eu\/productos\/todos-los-productos\/gimbal-dji-ronin-m-01\/#primaryimage","url":"https:\/\/akhonrent.eus\/wp-content\/uploads\/2024\/09\/GIMBAL-DJI-RONIN-M2.jpg","contentUrl":"https:\/\/akhonrent.eus\/wp-content\/uploads\/2024\/09\/GIMBAL-DJI-RONIN-M2.jpg","width":1000,"height":1000,"caption":"GIMBAL DJI RONIN M(2)"},{"@type":"BreadcrumbList","@id":"https:\/\/akhonrent.eus\/eu\/productos\/todos-los-productos\/gimbal-dji-ronin-m-01\/#breadcrumb","itemListElement":[{"@type":"ListItem","position":1,"name":"Portada","item":"http:\/\/akhonrent.eus\/"},{"@type":"ListItem","position":2,"name":"Tienda","item":"http:\/\/akhonrent.eus\/productos\/"},{"@type":"ListItem","position":3,"name":"GIMBAL DJI RONIN M"}]},{"@type":"WebSite","@id":"http:\/\/akhonrent.eus\/#website","url":"http:\/\/akhonrent.eus\/","name":"AKHONrent","description":"Alquiler de material audiovisual para empresas: sonido, iluminaci\u00f3n y video de alta calidad. Fiabilidad y asesoramiento de equipo de expertos","publisher":{"@id":"http:\/\/akhonrent.eus\/#organization"},"potentialAction":[{"@type":"SearchAction","target":{"@type":"EntryPoint","urlTemplate":"http:\/\/akhonrent.eus\/?s={search_term_string}"},"query-input":{"@type":"PropertyValueSpecification","valueRequired":true,"valueName":"search_term_string"}}],"inLanguage":"eu"},{"@type":"Organization","@id":"http:\/\/akhonrent.eus\/#organization","name":"AKHONrent","url":"http:\/\/akhonrent.eus\/","logo":{"@type":"ImageObject","inLanguage":"eu","@id":"http:\/\/akhonrent.eus\/#\/schema\/logo\/image\/","url":"https:\/\/akhonrent.eus\/wp-content\/uploads\/2024\/06\/cropped-akhon-rent.png","contentUrl":"https:\/\/akhonrent.eus\/wp-content\/uploads\/2024\/06\/cropped-akhon-rent.png","width":576,"height":192,"caption":"AKHONrent"},"image":{"@id":"http:\/\/akhonrent.eus\/#\/schema\/logo\/image\/"}}]}},"_links":{"self":[{"href":"https:\/\/akhonrent.eus\/eu\/wp-json\/wp\/v2\/product\/1908","targetHints":{"allow":["GET"]}}],"collection":[{"href":"https:\/\/akhonrent.eus\/eu\/wp-json\/wp\/v2\/product"}],"about":[{"href":"https:\/\/akhonrent.eus\/eu\/wp-json\/wp\/v2\/types\/product"}],"replies":[{"embeddable":true,"href":"https:\/\/akhonrent.eus\/eu\/wp-json\/wp\/v2\/comments?post=1908"}],"wp:featuredmedia":[{"embeddable":true,"href":"https:\/\/akhonrent.eus\/eu\/wp-json\/wp\/v2\/media\/1581"}],"wp:attachment":[{"href":"https:\/\/akhonrent.eus\/eu\/wp-json\/wp\/v2\/media?parent=1908"}],"wp:term":[{"taxonomy":"product_brand","embeddable":true,"href":"https:\/\/akhonrent.eus\/eu\/wp-json\/wp\/v2\/product_brand?post=1908"},{"taxonomy":"product_cat","embeddable":true,"href":"https:\/\/akhonrent.eus\/eu\/wp-json\/wp\/v2\/product_cat?post=1908"},{"taxonomy":"product_tag","embeddable":true,"href":"https:\/\/akhonrent.eus\/eu\/wp-json\/wp\/v2\/product_tag?post=1908"}],"curies":[{"name":"wp","href":"https:\/\/api.w.org\/{rel}","templated":true}]}}