{"id":1990,"date":"2024-09-11T11:57:27","date_gmt":"2024-09-11T09:57:27","guid":{"rendered":"https:\/\/akhonrent.eus\/alquiler\/sin%20categor\u00eda\/teradek-cube-655-1\/"},"modified":"2025-05-07T10:33:00","modified_gmt":"2025-05-07T08:33:00","slug":"teradek-cube-655-1","status":"publish","type":"product","link":"https:\/\/akhonrent.eus\/eu\/productos\/todos-los-productos\/teradek-cube-655-1\/","title":{"rendered":"TERADEK CUBE 655"},"content":{"rendered":"<p>Codificador de video H.264 (AVC) que permite la transmisi\u00f3n de video en vivo a trav\u00e9s de Internet, flujos de trabajo punto a punto (codificador a decodificador), monitoreo de video inal\u00e1mbrico local y cargas de archivos proxy para flujos de trabajo de c\u00e1mara a nube. Cuenta con entradas 3G-SDI y HDMI, un enrutador WiFi 802.11AC de alta potencia y un chasis de aluminio resistente con un conector de 2 pines con bloqueo profesional. codifica video a velocidades de bits de hasta 15 Mbps para una calidad de imagen impecable en cualquier aplicaci\u00f3n. Cuando el ancho de banda es limitado, la velocidad de bits adaptable permite que Cube se ajuste autom\u00e1ticamente y transmita con la mayor calidad disponible. Incluye un m\u00f3dulo de expansi\u00f3n Bond que ofrece hasta 4 conexiones de m\u00f3dem adicionales a trav\u00e9s de un conector USB.<\/p>","protected":false},"excerpt":{"rendered":"<table dir=\"ltr\" border=\"1\" cellspacing=\"0\" cellpadding=\"0\" data-sheets-root=\"1\" data-sheets-baot=\"1\">\n<colgroup>\n<col width=\"100\" \/>\n<col width=\"100\" \/>\n<col width=\"100\" \/>\n<col width=\"100\" \/>\n<col width=\"100\" \/>\n<col width=\"100\" \/>\n<col width=\"100\" \/><\/colgroup>\n<tbody>\n<tr>\n<td><\/td>\n<td>2 d\u00edas<\/td>\n<td>3 d\u00edas<\/td>\n<td>4 d\u00edas<\/td>\n<td>5 d\u00edas<\/td>\n<td>6 d\u00edas<\/td>\n<td>7 d\u00edas<\/td>\n<\/tr>\n<tr>\n<td>DTO<\/td>\n<td>25%<\/td>\n<td>30%<\/td>\n<td>35%<\/td>\n<td>40%<\/td>\n<td>45%<\/td>\n<td>50%<\/td>\n<\/tr>\n<\/tbody>\n<\/table>","protected":false},"featured_media":2111,"comment_status":"open","ping_status":"closed","template":"","meta":{"_acf_changed":false,"site-sidebar-layout":"default","site-content-layout":"","ast-site-content-layout":"default","site-content-style":"default","site-sidebar-style":"default","ast-global-header-display":"","ast-banner-title-visibility":"","ast-main-header-display":"","ast-hfb-above-header-display":"","ast-hfb-below-header-display":"","ast-hfb-mobile-header-display":"","site-post-title":"","ast-breadcrumbs-content":"","ast-featured-img":"","footer-sml-layout":"","theme-transparent-header-meta":"default","adv-header-id-meta":"","stick-header-meta":"","header-above-stick-meta":"","header-main-stick-meta":"","header-below-stick-meta":"","astra-migrate-meta-layouts":"set","ast-page-background-enabled":"default","ast-page-background-meta":{"desktop":{"background-color":"var(--ast-global-color-4)","background-image":"","background-repeat":"repeat","background-position":"center center","background-size":"auto","background-attachment":"scroll","background-type":"","background-media":"","overlay-type":"","overlay-color":"","overlay-opacity":"","overlay-gradient":""},"tablet":{"background-color":"","background-image":"","background-repeat":"repeat","background-position":"center center","background-size":"auto","background-attachment":"scroll","background-type":"","background-media":"","overlay-type":"","overlay-color":"","overlay-opacity":"","overlay-gradient":""},"mobile":{"background-color":"","background-image":"","background-repeat":"repeat","background-position":"center center","background-size":"auto","background-attachment":"scroll","background-type":"","background-media":"","overlay-type":"","overlay-color":"","overlay-opacity":"","overlay-gradient":""}},"ast-content-background-meta":{"desktop":{"background-color":"var(--ast-global-color-5)","background-image":"","background-repeat":"repeat","background-position":"center center","background-size":"auto","background-attachment":"scroll","background-type":"","background-media":"","overlay-type":"","overlay-color":"","overlay-opacity":"","overlay-gradient":""},"tablet":{"background-color":"var(--ast-global-color-5)","background-image":"","background-repeat":"repeat","background-position":"center center","background-size":"auto","background-attachment":"scroll","background-type":"","background-media":"","overlay-type":"","overlay-color":"","overlay-opacity":"","overlay-gradient":""},"mobile":{"background-color":"var(--ast-global-color-5)","background-image":"","background-repeat":"repeat","background-position":"center center","background-size":"auto","background-attachment":"scroll","background-type":"","background-media":"","overlay-type":"","overlay-color":"","overlay-opacity":"","overlay-gradient":""}}},"product_brand":[],"product_cat":[69,75],"product_tag":[],"class_list":{"0":"post-1990","1":"product","2":"type-product","3":"status-publish","4":"has-post-thumbnail","6":"product_cat-todos-los-productos","7":"product_cat-sistemas-4g-5g-satelital","8":"desktop-align-left","9":"tablet-align-left","10":"mobile-align-left","12":"first","13":"instock","14":"taxable","15":"shipping-taxable","16":"purchasable","17":"product-type-simple"},"acf":[],"yoast_head":"<!-- This site is optimized with the Yoast SEO plugin v24.7 - https:\/\/yoast.com\/wordpress\/plugins\/seo\/ -->\n<title>TERADEK CUBE 655 - AKHONrent<\/title>\n<meta name=\"robots\" content=\"index, follow, max-snippet:-1, max-image-preview:large, max-video-preview:-1\" \/>\n<link rel=\"canonical\" href=\"http:\/\/akhonrent.eus\/eu\/productos\/todos-los-productos\/teradek-cube-655-1\/\" \/>\n<meta property=\"og:locale\" content=\"en_US\" \/>\n<meta property=\"og:type\" content=\"article\" \/>\n<meta property=\"og:title\" content=\"TERADEK CUBE 655 - AKHONrent\" \/>\n<meta property=\"og:description\" content=\"2 d\u00edas 3 d\u00edas 4 d\u00edas 5 d\u00edas 6 d\u00edas 7 d\u00edas   DTO 25% 30% 35% 40% 45% 50%\" \/>\n<meta property=\"og:url\" content=\"http:\/\/akhonrent.eus\/eu\/productos\/todos-los-productos\/teradek-cube-655-1\/\" \/>\n<meta property=\"og:site_name\" content=\"AKHONrent\" \/>\n<meta property=\"article:modified_time\" content=\"2025-05-07T08:33:00+00:00\" \/>\n<meta property=\"og:image\" content=\"http:\/\/akhonrent.eus\/wp-content\/uploads\/2024\/09\/Diseno-sin-titulo-8.png\" \/>\n\t<meta property=\"og:image:width\" content=\"926\" \/>\n\t<meta property=\"og:image:height\" content=\"926\" \/>\n\t<meta property=\"og:image:type\" content=\"image\/png\" \/>\n<meta name=\"twitter:card\" content=\"summary_large_image\" \/>\n<meta name=\"twitter:label1\" content=\"Est. reading time\" \/>\n\t<meta name=\"twitter:data1\" content=\"1 minutua\" \/>\n<script type=\"application\/ld+json\" class=\"yoast-schema-graph\">{\"@context\":\"https:\/\/schema.org\",\"@graph\":[{\"@type\":\"WebPage\",\"@id\":\"http:\/\/akhonrent.eus\/productos\/todos-los-productos\/teradek-cube-655-1\/\",\"url\":\"http:\/\/akhonrent.eus\/productos\/todos-los-productos\/teradek-cube-655-1\/\",\"name\":\"TERADEK CUBE 655 - AKHONrent\",\"isPartOf\":{\"@id\":\"https:\/\/akhonrent.eus\/#website\"},\"primaryImageOfPage\":{\"@id\":\"http:\/\/akhonrent.eus\/productos\/todos-los-productos\/teradek-cube-655-1\/#primaryimage\"},\"image\":{\"@id\":\"http:\/\/akhonrent.eus\/productos\/todos-los-productos\/teradek-cube-655-1\/#primaryimage\"},\"thumbnailUrl\":\"https:\/\/akhonrent.eus\/wp-content\/uploads\/2024\/09\/Diseno-sin-titulo-8.png\",\"datePublished\":\"2024-09-11T09:57:27+00:00\",\"dateModified\":\"2025-05-07T08:33:00+00:00\",\"breadcrumb\":{\"@id\":\"http:\/\/akhonrent.eus\/productos\/todos-los-productos\/teradek-cube-655-1\/#breadcrumb\"},\"inLanguage\":\"eu\",\"potentialAction\":[{\"@type\":\"ReadAction\",\"target\":[\"http:\/\/akhonrent.eus\/productos\/todos-los-productos\/teradek-cube-655-1\/\"]}]},{\"@type\":\"ImageObject\",\"inLanguage\":\"eu\",\"@id\":\"http:\/\/akhonrent.eus\/productos\/todos-los-productos\/teradek-cube-655-1\/#primaryimage\",\"url\":\"https:\/\/akhonrent.eus\/wp-content\/uploads\/2024\/09\/Diseno-sin-titulo-8.png\",\"contentUrl\":\"https:\/\/akhonrent.eus\/wp-content\/uploads\/2024\/09\/Diseno-sin-titulo-8.png\",\"width\":926,\"height\":926},{\"@type\":\"BreadcrumbList\",\"@id\":\"http:\/\/akhonrent.eus\/productos\/todos-los-productos\/teradek-cube-655-1\/#breadcrumb\",\"itemListElement\":[{\"@type\":\"ListItem\",\"position\":1,\"name\":\"Portada\",\"item\":\"https:\/\/akhonrent.eus\/\"},{\"@type\":\"ListItem\",\"position\":2,\"name\":\"Tienda\",\"item\":\"https:\/\/akhonrent.eus\/eu\/productos\/\"},{\"@type\":\"ListItem\",\"position\":3,\"name\":\"TERADEK CUBE 655\"}]},{\"@type\":\"WebSite\",\"@id\":\"https:\/\/akhonrent.eus\/#website\",\"url\":\"https:\/\/akhonrent.eus\/\",\"name\":\"AKHONrent\",\"description\":\"Alquiler de material audiovisual para empresas: sonido, iluminaci\u00f3n y video de alta calidad. Fiabilidad y asesoramiento de equipo de expertos\",\"publisher\":{\"@id\":\"https:\/\/akhonrent.eus\/#organization\"},\"potentialAction\":[{\"@type\":\"SearchAction\",\"target\":{\"@type\":\"EntryPoint\",\"urlTemplate\":\"https:\/\/akhonrent.eus\/?s={search_term_string}\"},\"query-input\":{\"@type\":\"PropertyValueSpecification\",\"valueRequired\":true,\"valueName\":\"search_term_string\"}}],\"inLanguage\":\"eu\"},{\"@type\":\"Organization\",\"@id\":\"https:\/\/akhonrent.eus\/#organization\",\"name\":\"AKHONrent\",\"url\":\"https:\/\/akhonrent.eus\/\",\"logo\":{\"@type\":\"ImageObject\",\"inLanguage\":\"eu\",\"@id\":\"https:\/\/akhonrent.eus\/#\/schema\/logo\/image\/\",\"url\":\"https:\/\/akhonrent.eus\/wp-content\/uploads\/2024\/06\/cropped-akhon-rent.png\",\"contentUrl\":\"https:\/\/akhonrent.eus\/wp-content\/uploads\/2024\/06\/cropped-akhon-rent.png\",\"width\":576,\"height\":192,\"caption\":\"AKHONrent\"},\"image\":{\"@id\":\"https:\/\/akhonrent.eus\/#\/schema\/logo\/image\/\"}}]}<\/script>\n<!-- \/ Yoast SEO plugin. -->","yoast_head_json":{"title":"TERADEK CUBE 655 - AKHONrent","robots":{"index":"index","follow":"follow","max-snippet":"max-snippet:-1","max-image-preview":"max-image-preview:large","max-video-preview":"max-video-preview:-1"},"canonical":"http:\/\/akhonrent.eus\/eu\/productos\/todos-los-productos\/teradek-cube-655-1\/","og_locale":"en_US","og_type":"article","og_title":"TERADEK CUBE 655 - AKHONrent","og_description":"2 d\u00edas 3 d\u00edas 4 d\u00edas 5 d\u00edas 6 d\u00edas 7 d\u00edas   DTO 25% 30% 35% 40% 45% 50%","og_url":"http:\/\/akhonrent.eus\/eu\/productos\/todos-los-productos\/teradek-cube-655-1\/","og_site_name":"AKHONrent","article_modified_time":"2025-05-07T08:33:00+00:00","og_image":[{"width":926,"height":926,"url":"http:\/\/akhonrent.eus\/wp-content\/uploads\/2024\/09\/Diseno-sin-titulo-8.png","type":"image\/png"}],"twitter_card":"summary_large_image","twitter_misc":{"Est. reading time":"1 minutua"},"schema":{"@context":"https:\/\/schema.org","@graph":[{"@type":"WebPage","@id":"http:\/\/akhonrent.eus\/productos\/todos-los-productos\/teradek-cube-655-1\/","url":"http:\/\/akhonrent.eus\/productos\/todos-los-productos\/teradek-cube-655-1\/","name":"TERADEK CUBE 655 - AKHONrent","isPartOf":{"@id":"https:\/\/akhonrent.eus\/#website"},"primaryImageOfPage":{"@id":"http:\/\/akhonrent.eus\/productos\/todos-los-productos\/teradek-cube-655-1\/#primaryimage"},"image":{"@id":"http:\/\/akhonrent.eus\/productos\/todos-los-productos\/teradek-cube-655-1\/#primaryimage"},"thumbnailUrl":"https:\/\/akhonrent.eus\/wp-content\/uploads\/2024\/09\/Diseno-sin-titulo-8.png","datePublished":"2024-09-11T09:57:27+00:00","dateModified":"2025-05-07T08:33:00+00:00","breadcrumb":{"@id":"http:\/\/akhonrent.eus\/productos\/todos-los-productos\/teradek-cube-655-1\/#breadcrumb"},"inLanguage":"eu","potentialAction":[{"@type":"ReadAction","target":["http:\/\/akhonrent.eus\/productos\/todos-los-productos\/teradek-cube-655-1\/"]}]},{"@type":"ImageObject","inLanguage":"eu","@id":"http:\/\/akhonrent.eus\/productos\/todos-los-productos\/teradek-cube-655-1\/#primaryimage","url":"https:\/\/akhonrent.eus\/wp-content\/uploads\/2024\/09\/Diseno-sin-titulo-8.png","contentUrl":"https:\/\/akhonrent.eus\/wp-content\/uploads\/2024\/09\/Diseno-sin-titulo-8.png","width":926,"height":926},{"@type":"BreadcrumbList","@id":"http:\/\/akhonrent.eus\/productos\/todos-los-productos\/teradek-cube-655-1\/#breadcrumb","itemListElement":[{"@type":"ListItem","position":1,"name":"Portada","item":"https:\/\/akhonrent.eus\/"},{"@type":"ListItem","position":2,"name":"Tienda","item":"https:\/\/akhonrent.eus\/eu\/productos\/"},{"@type":"ListItem","position":3,"name":"TERADEK CUBE 655"}]},{"@type":"WebSite","@id":"https:\/\/akhonrent.eus\/#website","url":"https:\/\/akhonrent.eus\/","name":"AKHONrent","description":"Alquiler de material audiovisual para empresas: sonido, iluminaci\u00f3n y video de alta calidad. Fiabilidad y asesoramiento de equipo de expertos","publisher":{"@id":"https:\/\/akhonrent.eus\/#organization"},"potentialAction":[{"@type":"SearchAction","target":{"@type":"EntryPoint","urlTemplate":"https:\/\/akhonrent.eus\/?s={search_term_string}"},"query-input":{"@type":"PropertyValueSpecification","valueRequired":true,"valueName":"search_term_string"}}],"inLanguage":"eu"},{"@type":"Organization","@id":"https:\/\/akhonrent.eus\/#organization","name":"AKHONrent","url":"https:\/\/akhonrent.eus\/","logo":{"@type":"ImageObject","inLanguage":"eu","@id":"https:\/\/akhonrent.eus\/#\/schema\/logo\/image\/","url":"https:\/\/akhonrent.eus\/wp-content\/uploads\/2024\/06\/cropped-akhon-rent.png","contentUrl":"https:\/\/akhonrent.eus\/wp-content\/uploads\/2024\/06\/cropped-akhon-rent.png","width":576,"height":192,"caption":"AKHONrent"},"image":{"@id":"https:\/\/akhonrent.eus\/#\/schema\/logo\/image\/"}}]}},"_links":{"self":[{"href":"https:\/\/akhonrent.eus\/eu\/wp-json\/wp\/v2\/product\/1990","targetHints":{"allow":["GET"]}}],"collection":[{"href":"https:\/\/akhonrent.eus\/eu\/wp-json\/wp\/v2\/product"}],"about":[{"href":"https:\/\/akhonrent.eus\/eu\/wp-json\/wp\/v2\/types\/product"}],"replies":[{"embeddable":true,"href":"https:\/\/akhonrent.eus\/eu\/wp-json\/wp\/v2\/comments?post=1990"}],"wp:featuredmedia":[{"embeddable":true,"href":"https:\/\/akhonrent.eus\/eu\/wp-json\/wp\/v2\/media\/2111"}],"wp:attachment":[{"href":"https:\/\/akhonrent.eus\/eu\/wp-json\/wp\/v2\/media?parent=1990"}],"wp:term":[{"taxonomy":"product_brand","embeddable":true,"href":"https:\/\/akhonrent.eus\/eu\/wp-json\/wp\/v2\/product_brand?post=1990"},{"taxonomy":"product_cat","embeddable":true,"href":"https:\/\/akhonrent.eus\/eu\/wp-json\/wp\/v2\/product_cat?post=1990"},{"taxonomy":"product_tag","embeddable":true,"href":"https:\/\/akhonrent.eus\/eu\/wp-json\/wp\/v2\/product_tag?post=1990"}],"curies":[{"name":"wp","href":"https:\/\/api.w.org\/{rel}","templated":true}]}}