{"id":2007,"date":"2024-09-11T11:57:37","date_gmt":"2024-09-11T09:57:37","guid":{"rendered":"https:\/\/akhonrent.eus\/alquiler\/sin%20categor\u00eda\/vmix-portatil\/"},"modified":"2024-12-18T15:47:12","modified_gmt":"2024-12-18T14:47:12","slug":"vmix-portatil","status":"publish","type":"product","link":"https:\/\/akhonrent.eus\/eu\/productos\/realizacion\/vmix-portatil\/","title":{"rendered":"VMIX PORTATIL"},"content":{"rendered":"<p>Equipo de realizaci\u00f3n port\u00e1til VMIX con 4 entradas SDI. Se<br \/>\nincluye en el pack: Controladora Stream Deck MK.2 (15 teclas), rat\u00f3n,<br \/>\nauriculares, Grabadora Black Magic Video Assist 5 \u030812G HDR con entrada y<br \/>\nsalida SDI y HDMI. Conversor Bidireccional SDI\/HDMI de Black Magic, Switch de<br \/>\nEthernet (5 puertos), HDMI Splitter 1&#215;2 y tarjeta de sonido Behringer U- PHORIA<br \/>\nUMC204 HD (2 entradas XLR) \u00f3 Behringer U- PHORIA UMC404 HD (4 entradas<br \/>\nXLR), seg\u00fan disponibilidad.<\/p>","protected":false},"excerpt":{"rendered":"<table dir=\"ltr\" border=\"1\" cellspacing=\"0\" cellpadding=\"0\" data-sheets-root=\"1\" data-sheets-baot=\"1\">\n<colgroup>\n<col width=\"100\" \/>\n<col width=\"100\" \/>\n<col width=\"100\" \/>\n<col width=\"100\" \/>\n<col width=\"100\" \/>\n<col width=\"100\" \/>\n<col width=\"100\" \/><\/colgroup>\n<tbody>\n<tr>\n<td><\/td>\n<td>2 d\u00edas<\/td>\n<td>3 d\u00edas<\/td>\n<td>4 d\u00edas<\/td>\n<td>5 d\u00edas<\/td>\n<td>6 d\u00edas<\/td>\n<td>7 d\u00edas<\/td>\n<\/tr>\n<tr>\n<td>DTO<\/td>\n<td>25%<\/td>\n<td>30%<\/td>\n<td>35%<\/td>\n<td>40%<\/td>\n<td>45%<\/td>\n<td>50%<\/td>\n<\/tr>\n<\/tbody>\n<\/table>","protected":false},"featured_media":2280,"comment_status":"open","ping_status":"closed","template":"","meta":{"_acf_changed":false,"site-sidebar-layout":"default","site-content-layout":"","ast-site-content-layout":"default","site-content-style":"default","site-sidebar-style":"default","ast-global-header-display":"","ast-banner-title-visibility":"","ast-main-header-display":"","ast-hfb-above-header-display":"","ast-hfb-below-header-display":"","ast-hfb-mobile-header-display":"","site-post-title":"","ast-breadcrumbs-content":"","ast-featured-img":"","footer-sml-layout":"","theme-transparent-header-meta":"default","adv-header-id-meta":"","stick-header-meta":"","header-above-stick-meta":"","header-main-stick-meta":"","header-below-stick-meta":"","astra-migrate-meta-layouts":"set","ast-page-background-enabled":"default","ast-page-background-meta":{"desktop":{"background-color":"var(--ast-global-color-4)","background-image":"","background-repeat":"repeat","background-position":"center center","background-size":"auto","background-attachment":"scroll","background-type":"","background-media":"","overlay-type":"","overlay-color":"","overlay-opacity":"","overlay-gradient":""},"tablet":{"background-color":"","background-image":"","background-repeat":"repeat","background-position":"center center","background-size":"auto","background-attachment":"scroll","background-type":"","background-media":"","overlay-type":"","overlay-color":"","overlay-opacity":"","overlay-gradient":""},"mobile":{"background-color":"","background-image":"","background-repeat":"repeat","background-position":"center center","background-size":"auto","background-attachment":"scroll","background-type":"","background-media":"","overlay-type":"","overlay-color":"","overlay-opacity":"","overlay-gradient":""}},"ast-content-background-meta":{"desktop":{"background-color":"var(--ast-global-color-5)","background-image":"","background-repeat":"repeat","background-position":"center center","background-size":"auto","background-attachment":"scroll","background-type":"","background-media":"","overlay-type":"","overlay-color":"","overlay-opacity":"","overlay-gradient":""},"tablet":{"background-color":"var(--ast-global-color-5)","background-image":"","background-repeat":"repeat","background-position":"center center","background-size":"auto","background-attachment":"scroll","background-type":"","background-media":"","overlay-type":"","overlay-color":"","overlay-opacity":"","overlay-gradient":""},"mobile":{"background-color":"var(--ast-global-color-5)","background-image":"","background-repeat":"repeat","background-position":"center center","background-size":"auto","background-attachment":"scroll","background-type":"","background-media":"","overlay-type":"","overlay-color":"","overlay-opacity":"","overlay-gradient":""}}},"product_brand":[],"product_cat":[69,60],"product_tag":[],"class_list":{"0":"post-2007","1":"product","2":"type-product","3":"status-publish","4":"has-post-thumbnail","6":"product_cat-todos-los-productos","7":"product_cat-realizacion","8":"desktop-align-left","9":"tablet-align-left","10":"mobile-align-left","12":"first","13":"instock","14":"taxable","15":"shipping-taxable","16":"purchasable","17":"product-type-simple"},"acf":[],"yoast_head":"<!-- This site is optimized with the Yoast SEO plugin v24.7 - https:\/\/yoast.com\/wordpress\/plugins\/seo\/ -->\n<title>VMIX PORTATIL - AKHONrent<\/title>\n<meta name=\"robots\" content=\"index, follow, max-snippet:-1, max-image-preview:large, max-video-preview:-1\" \/>\n<link rel=\"canonical\" href=\"https:\/\/akhonrent.eus\/eu\/productos\/realizacion\/vmix-portatil\/\" \/>\n<meta property=\"og:locale\" content=\"en_US\" \/>\n<meta property=\"og:type\" content=\"article\" \/>\n<meta property=\"og:title\" content=\"VMIX PORTATIL - AKHONrent\" \/>\n<meta property=\"og:description\" content=\"2 d\u00edas 3 d\u00edas 4 d\u00edas 5 d\u00edas 6 d\u00edas 7 d\u00edas   DTO 25% 30% 35% 40% 45% 50%\" \/>\n<meta property=\"og:url\" content=\"https:\/\/akhonrent.eus\/eu\/productos\/realizacion\/vmix-portatil\/\" \/>\n<meta property=\"og:site_name\" content=\"AKHONrent\" \/>\n<meta property=\"article:modified_time\" content=\"2024-12-18T14:47:12+00:00\" \/>\n<meta property=\"og:image\" content=\"https:\/\/akhonrent.eus\/wp-content\/uploads\/2024\/09\/VMIX-PORTATIL-1.png\" \/>\n\t<meta property=\"og:image:width\" content=\"600\" \/>\n\t<meta property=\"og:image:height\" content=\"432\" \/>\n\t<meta property=\"og:image:type\" content=\"image\/png\" \/>\n<meta name=\"twitter:card\" content=\"summary_large_image\" \/>\n<meta name=\"twitter:label1\" content=\"Est. reading time\" \/>\n\t<meta name=\"twitter:data1\" content=\"1 minutua\" \/>\n<script type=\"application\/ld+json\" class=\"yoast-schema-graph\">{\"@context\":\"https:\/\/schema.org\",\"@graph\":[{\"@type\":\"WebPage\",\"@id\":\"https:\/\/akhonrent.eus\/productos\/realizacion\/vmix-portatil\/\",\"url\":\"https:\/\/akhonrent.eus\/productos\/realizacion\/vmix-portatil\/\",\"name\":\"VMIX PORTATIL - AKHONrent\",\"isPartOf\":{\"@id\":\"https:\/\/akhonrent.eus\/#website\"},\"primaryImageOfPage\":{\"@id\":\"https:\/\/akhonrent.eus\/productos\/realizacion\/vmix-portatil\/#primaryimage\"},\"image\":{\"@id\":\"https:\/\/akhonrent.eus\/productos\/realizacion\/vmix-portatil\/#primaryimage\"},\"thumbnailUrl\":\"https:\/\/akhonrent.eus\/wp-content\/uploads\/2024\/09\/VMIX-PORTATIL-1.png\",\"datePublished\":\"2024-09-11T09:57:37+00:00\",\"dateModified\":\"2024-12-18T14:47:12+00:00\",\"breadcrumb\":{\"@id\":\"https:\/\/akhonrent.eus\/productos\/realizacion\/vmix-portatil\/#breadcrumb\"},\"inLanguage\":\"eu\",\"potentialAction\":[{\"@type\":\"ReadAction\",\"target\":[\"https:\/\/akhonrent.eus\/productos\/realizacion\/vmix-portatil\/\"]}]},{\"@type\":\"ImageObject\",\"inLanguage\":\"eu\",\"@id\":\"https:\/\/akhonrent.eus\/productos\/realizacion\/vmix-portatil\/#primaryimage\",\"url\":\"https:\/\/akhonrent.eus\/wp-content\/uploads\/2024\/09\/VMIX-PORTATIL-1.png\",\"contentUrl\":\"https:\/\/akhonrent.eus\/wp-content\/uploads\/2024\/09\/VMIX-PORTATIL-1.png\",\"width\":600,\"height\":432},{\"@type\":\"BreadcrumbList\",\"@id\":\"https:\/\/akhonrent.eus\/productos\/realizacion\/vmix-portatil\/#breadcrumb\",\"itemListElement\":[{\"@type\":\"ListItem\",\"position\":1,\"name\":\"Portada\",\"item\":\"https:\/\/akhonrent.eus\/\"},{\"@type\":\"ListItem\",\"position\":2,\"name\":\"Tienda\",\"item\":\"https:\/\/akhonrent.eus\/eu\/productos\/\"},{\"@type\":\"ListItem\",\"position\":3,\"name\":\"VMIX PORTATIL\"}]},{\"@type\":\"WebSite\",\"@id\":\"https:\/\/akhonrent.eus\/#website\",\"url\":\"https:\/\/akhonrent.eus\/\",\"name\":\"AKHONrent\",\"description\":\"Alquiler de material audiovisual para empresas: sonido, iluminaci\u00f3n y video de alta calidad. Fiabilidad y asesoramiento de equipo de expertos\",\"publisher\":{\"@id\":\"https:\/\/akhonrent.eus\/#organization\"},\"potentialAction\":[{\"@type\":\"SearchAction\",\"target\":{\"@type\":\"EntryPoint\",\"urlTemplate\":\"https:\/\/akhonrent.eus\/?s={search_term_string}\"},\"query-input\":{\"@type\":\"PropertyValueSpecification\",\"valueRequired\":true,\"valueName\":\"search_term_string\"}}],\"inLanguage\":\"eu\"},{\"@type\":\"Organization\",\"@id\":\"https:\/\/akhonrent.eus\/#organization\",\"name\":\"AKHONrent\",\"url\":\"https:\/\/akhonrent.eus\/\",\"logo\":{\"@type\":\"ImageObject\",\"inLanguage\":\"eu\",\"@id\":\"https:\/\/akhonrent.eus\/#\/schema\/logo\/image\/\",\"url\":\"https:\/\/akhonrent.eus\/wp-content\/uploads\/2024\/06\/cropped-akhon-rent.png\",\"contentUrl\":\"https:\/\/akhonrent.eus\/wp-content\/uploads\/2024\/06\/cropped-akhon-rent.png\",\"width\":576,\"height\":192,\"caption\":\"AKHONrent\"},\"image\":{\"@id\":\"https:\/\/akhonrent.eus\/#\/schema\/logo\/image\/\"}}]}<\/script>\n<!-- \/ Yoast SEO plugin. -->","yoast_head_json":{"title":"VMIX PORTATIL - AKHONrent","robots":{"index":"index","follow":"follow","max-snippet":"max-snippet:-1","max-image-preview":"max-image-preview:large","max-video-preview":"max-video-preview:-1"},"canonical":"https:\/\/akhonrent.eus\/eu\/productos\/realizacion\/vmix-portatil\/","og_locale":"en_US","og_type":"article","og_title":"VMIX PORTATIL - AKHONrent","og_description":"2 d\u00edas 3 d\u00edas 4 d\u00edas 5 d\u00edas 6 d\u00edas 7 d\u00edas   DTO 25% 30% 35% 40% 45% 50%","og_url":"https:\/\/akhonrent.eus\/eu\/productos\/realizacion\/vmix-portatil\/","og_site_name":"AKHONrent","article_modified_time":"2024-12-18T14:47:12+00:00","og_image":[{"width":600,"height":432,"url":"https:\/\/akhonrent.eus\/wp-content\/uploads\/2024\/09\/VMIX-PORTATIL-1.png","type":"image\/png"}],"twitter_card":"summary_large_image","twitter_misc":{"Est. reading time":"1 minutua"},"schema":{"@context":"https:\/\/schema.org","@graph":[{"@type":"WebPage","@id":"https:\/\/akhonrent.eus\/productos\/realizacion\/vmix-portatil\/","url":"https:\/\/akhonrent.eus\/productos\/realizacion\/vmix-portatil\/","name":"VMIX PORTATIL - AKHONrent","isPartOf":{"@id":"https:\/\/akhonrent.eus\/#website"},"primaryImageOfPage":{"@id":"https:\/\/akhonrent.eus\/productos\/realizacion\/vmix-portatil\/#primaryimage"},"image":{"@id":"https:\/\/akhonrent.eus\/productos\/realizacion\/vmix-portatil\/#primaryimage"},"thumbnailUrl":"https:\/\/akhonrent.eus\/wp-content\/uploads\/2024\/09\/VMIX-PORTATIL-1.png","datePublished":"2024-09-11T09:57:37+00:00","dateModified":"2024-12-18T14:47:12+00:00","breadcrumb":{"@id":"https:\/\/akhonrent.eus\/productos\/realizacion\/vmix-portatil\/#breadcrumb"},"inLanguage":"eu","potentialAction":[{"@type":"ReadAction","target":["https:\/\/akhonrent.eus\/productos\/realizacion\/vmix-portatil\/"]}]},{"@type":"ImageObject","inLanguage":"eu","@id":"https:\/\/akhonrent.eus\/productos\/realizacion\/vmix-portatil\/#primaryimage","url":"https:\/\/akhonrent.eus\/wp-content\/uploads\/2024\/09\/VMIX-PORTATIL-1.png","contentUrl":"https:\/\/akhonrent.eus\/wp-content\/uploads\/2024\/09\/VMIX-PORTATIL-1.png","width":600,"height":432},{"@type":"BreadcrumbList","@id":"https:\/\/akhonrent.eus\/productos\/realizacion\/vmix-portatil\/#breadcrumb","itemListElement":[{"@type":"ListItem","position":1,"name":"Portada","item":"https:\/\/akhonrent.eus\/"},{"@type":"ListItem","position":2,"name":"Tienda","item":"https:\/\/akhonrent.eus\/eu\/productos\/"},{"@type":"ListItem","position":3,"name":"VMIX PORTATIL"}]},{"@type":"WebSite","@id":"https:\/\/akhonrent.eus\/#website","url":"https:\/\/akhonrent.eus\/","name":"AKHONrent","description":"Alquiler de material audiovisual para empresas: sonido, iluminaci\u00f3n y video de alta calidad. Fiabilidad y asesoramiento de equipo de expertos","publisher":{"@id":"https:\/\/akhonrent.eus\/#organization"},"potentialAction":[{"@type":"SearchAction","target":{"@type":"EntryPoint","urlTemplate":"https:\/\/akhonrent.eus\/?s={search_term_string}"},"query-input":{"@type":"PropertyValueSpecification","valueRequired":true,"valueName":"search_term_string"}}],"inLanguage":"eu"},{"@type":"Organization","@id":"https:\/\/akhonrent.eus\/#organization","name":"AKHONrent","url":"https:\/\/akhonrent.eus\/","logo":{"@type":"ImageObject","inLanguage":"eu","@id":"https:\/\/akhonrent.eus\/#\/schema\/logo\/image\/","url":"https:\/\/akhonrent.eus\/wp-content\/uploads\/2024\/06\/cropped-akhon-rent.png","contentUrl":"https:\/\/akhonrent.eus\/wp-content\/uploads\/2024\/06\/cropped-akhon-rent.png","width":576,"height":192,"caption":"AKHONrent"},"image":{"@id":"https:\/\/akhonrent.eus\/#\/schema\/logo\/image\/"}}]}},"_links":{"self":[{"href":"https:\/\/akhonrent.eus\/eu\/wp-json\/wp\/v2\/product\/2007","targetHints":{"allow":["GET"]}}],"collection":[{"href":"https:\/\/akhonrent.eus\/eu\/wp-json\/wp\/v2\/product"}],"about":[{"href":"https:\/\/akhonrent.eus\/eu\/wp-json\/wp\/v2\/types\/product"}],"replies":[{"embeddable":true,"href":"https:\/\/akhonrent.eus\/eu\/wp-json\/wp\/v2\/comments?post=2007"}],"wp:featuredmedia":[{"embeddable":true,"href":"https:\/\/akhonrent.eus\/eu\/wp-json\/wp\/v2\/media\/2280"}],"wp:attachment":[{"href":"https:\/\/akhonrent.eus\/eu\/wp-json\/wp\/v2\/media?parent=2007"}],"wp:term":[{"taxonomy":"product_brand","embeddable":true,"href":"https:\/\/akhonrent.eus\/eu\/wp-json\/wp\/v2\/product_brand?post=2007"},{"taxonomy":"product_cat","embeddable":true,"href":"https:\/\/akhonrent.eus\/eu\/wp-json\/wp\/v2\/product_cat?post=2007"},{"taxonomy":"product_tag","embeddable":true,"href":"https:\/\/akhonrent.eus\/eu\/wp-json\/wp\/v2\/product_tag?post=2007"}],"curies":[{"name":"wp","href":"https:\/\/api.w.org\/{rel}","templated":true}]}}