{"id":2614,"date":"2025-01-22T13:17:23","date_gmt":"2025-01-22T12:17:23","guid":{"rendered":"https:\/\/akhonrent.eus\/?post_type=product&#038;p=2614"},"modified":"2025-03-19T20:59:44","modified_gmt":"2025-03-19T19:59:44","slug":"carcasa-de-agua-seafrogs-sony-a7riii","status":"publish","type":"product","link":"https:\/\/akhonrent.eus\/eu\/productos\/camaras-2\/carcasa-de-agua-seafrogs-sony-a7riii\/","title":{"rendered":"CARCASA DE AGUA SEAFROGS SONY a7RIII"},"content":{"rendered":"<p>Dise\u00f1o de alta impermeabilidad: esta carcasa de c\u00e1mara submarina Sea frogs est\u00e1 dise\u00f1ada espec\u00edficamente para el Sony A7 II, \/A7R II, \/A7S II Pro. Con una clasificaci\u00f3n de impermeabilidad IPX8, permite una profundidad m\u00e1xima de buceo de 40 metros, asegurando la seguridad de tu c\u00e1mara durante diversas actividades submarinas. Hecho de materiales de alta calidad, esta carcasa es duradera y resistente, evitando eficazmente da\u00f1os por agua, arena, polvo e impactos. Hecho a medida para la c\u00e1mara para garantizar un ajuste perfecto y f\u00e1cil instalaci\u00f3n.<\/p>","protected":false},"excerpt":{"rendered":"<table dir=\"ltr\" border=\"1\" cellspacing=\"0\" cellpadding=\"0\" data-sheets-root=\"1\" data-sheets-baot=\"1\">\n<tbody>\n<tr>\n<td><\/td>\n<td>2 d\u00edas<\/td>\n<td>3 d\u00edas<\/td>\n<td>4 d\u00edas<\/td>\n<td>5 d\u00edas<\/td>\n<td>6 d\u00edas<\/td>\n<td>7 d\u00edas<\/td>\n<\/tr>\n<tr>\n<td>DTO<\/td>\n<td>25%<\/td>\n<td>30%<\/td>\n<td>35%<\/td>\n<td>40%<\/td>\n<td>45%<\/td>\n<td>50%<\/td>\n<\/tr>\n<\/tbody>\n<\/table>","protected":false},"featured_media":2714,"comment_status":"open","ping_status":"closed","template":"","meta":{"_acf_changed":false,"site-sidebar-layout":"default","site-content-layout":"","ast-site-content-layout":"default","site-content-style":"default","site-sidebar-style":"default","ast-global-header-display":"","ast-banner-title-visibility":"","ast-main-header-display":"","ast-hfb-above-header-display":"","ast-hfb-below-header-display":"","ast-hfb-mobile-header-display":"","site-post-title":"","ast-breadcrumbs-content":"","ast-featured-img":"","footer-sml-layout":"","theme-transparent-header-meta":"default","adv-header-id-meta":"","stick-header-meta":"","header-above-stick-meta":"","header-main-stick-meta":"","header-below-stick-meta":"","astra-migrate-meta-layouts":"set","ast-page-background-enabled":"default","ast-page-background-meta":{"desktop":{"background-color":"var(--ast-global-color-4)","background-image":"","background-repeat":"repeat","background-position":"center center","background-size":"auto","background-attachment":"scroll","background-type":"","background-media":"","overlay-type":"","overlay-color":"","overlay-opacity":"","overlay-gradient":""},"tablet":{"background-color":"","background-image":"","background-repeat":"repeat","background-position":"center center","background-size":"auto","background-attachment":"scroll","background-type":"","background-media":"","overlay-type":"","overlay-color":"","overlay-opacity":"","overlay-gradient":""},"mobile":{"background-color":"","background-image":"","background-repeat":"repeat","background-position":"center center","background-size":"auto","background-attachment":"scroll","background-type":"","background-media":"","overlay-type":"","overlay-color":"","overlay-opacity":"","overlay-gradient":""}},"ast-content-background-meta":{"desktop":{"background-color":"var(--ast-global-color-5)","background-image":"","background-repeat":"repeat","background-position":"center center","background-size":"auto","background-attachment":"scroll","background-type":"","background-media":"","overlay-type":"","overlay-color":"","overlay-opacity":"","overlay-gradient":""},"tablet":{"background-color":"var(--ast-global-color-5)","background-image":"","background-repeat":"repeat","background-position":"center center","background-size":"auto","background-attachment":"scroll","background-type":"","background-media":"","overlay-type":"","overlay-color":"","overlay-opacity":"","overlay-gradient":""},"mobile":{"background-color":"var(--ast-global-color-5)","background-image":"","background-repeat":"repeat","background-position":"center center","background-size":"auto","background-attachment":"scroll","background-type":"","background-media":"","overlay-type":"","overlay-color":"","overlay-opacity":"","overlay-gradient":""}}},"product_brand":[],"product_cat":[69,36],"product_tag":[],"class_list":{"0":"post-2614","1":"product","2":"type-product","3":"status-publish","4":"has-post-thumbnail","6":"product_cat-todos-los-productos","7":"product_cat-camaras-2","8":"desktop-align-left","9":"tablet-align-left","10":"mobile-align-left","12":"first","13":"instock","14":"taxable","15":"shipping-taxable","16":"purchasable","17":"product-type-simple"},"acf":[],"yoast_head":"<!-- This site is optimized with the Yoast SEO plugin v24.7 - https:\/\/yoast.com\/wordpress\/plugins\/seo\/ -->\n<title>CARCASA DE AGUA SEAFROGS SONY a7RIII - AKHONrent<\/title>\n<meta name=\"robots\" content=\"index, follow, max-snippet:-1, max-image-preview:large, max-video-preview:-1\" \/>\n<link rel=\"canonical\" href=\"https:\/\/akhonrent.eus\/eu\/productos\/camaras-2\/carcasa-de-agua-seafrogs-sony-a7riii\/\" \/>\n<meta property=\"og:locale\" content=\"en_US\" \/>\n<meta property=\"og:type\" content=\"article\" \/>\n<meta property=\"og:title\" content=\"CARCASA DE AGUA SEAFROGS SONY a7RIII - AKHONrent\" \/>\n<meta property=\"og:description\" content=\"2 d\u00edas 3 d\u00edas 4 d\u00edas 5 d\u00edas 6 d\u00edas 7 d\u00edas   DTO 25% 30% 35% 40% 45% 50%\" \/>\n<meta property=\"og:url\" content=\"https:\/\/akhonrent.eus\/eu\/productos\/camaras-2\/carcasa-de-agua-seafrogs-sony-a7riii\/\" \/>\n<meta property=\"og:site_name\" content=\"AKHONrent\" \/>\n<meta property=\"article:modified_time\" content=\"2025-03-19T19:59:44+00:00\" \/>\n<meta property=\"og:image\" content=\"https:\/\/akhonrent.eus\/wp-content\/uploads\/2025\/01\/260-CARCASA-DE-AGUA-SEAFROGS-SONY-a7RIII1-1.webp\" \/>\n\t<meta property=\"og:image:width\" content=\"1000\" \/>\n\t<meta property=\"og:image:height\" content=\"1000\" \/>\n\t<meta property=\"og:image:type\" content=\"image\/webp\" \/>\n<meta name=\"twitter:card\" content=\"summary_large_image\" \/>\n<meta name=\"twitter:label1\" content=\"Est. reading time\" \/>\n\t<meta name=\"twitter:data1\" content=\"1 minutua\" \/>\n<script type=\"application\/ld+json\" class=\"yoast-schema-graph\">{\"@context\":\"https:\/\/schema.org\",\"@graph\":[{\"@type\":\"WebPage\",\"@id\":\"https:\/\/akhonrent.eus\/productos\/camaras-2\/carcasa-de-agua-seafrogs-sony-a7riii\/\",\"url\":\"https:\/\/akhonrent.eus\/productos\/camaras-2\/carcasa-de-agua-seafrogs-sony-a7riii\/\",\"name\":\"CARCASA DE AGUA SEAFROGS SONY a7RIII - AKHONrent\",\"isPartOf\":{\"@id\":\"http:\/\/akhonrent.eus\/#website\"},\"primaryImageOfPage\":{\"@id\":\"https:\/\/akhonrent.eus\/productos\/camaras-2\/carcasa-de-agua-seafrogs-sony-a7riii\/#primaryimage\"},\"image\":{\"@id\":\"https:\/\/akhonrent.eus\/productos\/camaras-2\/carcasa-de-agua-seafrogs-sony-a7riii\/#primaryimage\"},\"thumbnailUrl\":\"https:\/\/akhonrent.eus\/wp-content\/uploads\/2025\/01\/260-CARCASA-DE-AGUA-SEAFROGS-SONY-a7RIII1-1.webp\",\"datePublished\":\"2025-01-22T12:17:23+00:00\",\"dateModified\":\"2025-03-19T19:59:44+00:00\",\"breadcrumb\":{\"@id\":\"https:\/\/akhonrent.eus\/productos\/camaras-2\/carcasa-de-agua-seafrogs-sony-a7riii\/#breadcrumb\"},\"inLanguage\":\"eu\",\"potentialAction\":[{\"@type\":\"ReadAction\",\"target\":[\"https:\/\/akhonrent.eus\/productos\/camaras-2\/carcasa-de-agua-seafrogs-sony-a7riii\/\"]}]},{\"@type\":\"ImageObject\",\"inLanguage\":\"eu\",\"@id\":\"https:\/\/akhonrent.eus\/productos\/camaras-2\/carcasa-de-agua-seafrogs-sony-a7riii\/#primaryimage\",\"url\":\"https:\/\/akhonrent.eus\/wp-content\/uploads\/2025\/01\/260-CARCASA-DE-AGUA-SEAFROGS-SONY-a7RIII1-1.webp\",\"contentUrl\":\"https:\/\/akhonrent.eus\/wp-content\/uploads\/2025\/01\/260-CARCASA-DE-AGUA-SEAFROGS-SONY-a7RIII1-1.webp\",\"width\":1000,\"height\":1000},{\"@type\":\"BreadcrumbList\",\"@id\":\"https:\/\/akhonrent.eus\/productos\/camaras-2\/carcasa-de-agua-seafrogs-sony-a7riii\/#breadcrumb\",\"itemListElement\":[{\"@type\":\"ListItem\",\"position\":1,\"name\":\"Portada\",\"item\":\"http:\/\/akhonrent.eus\/\"},{\"@type\":\"ListItem\",\"position\":2,\"name\":\"Tienda\",\"item\":\"http:\/\/akhonrent.eus\/productos\/\"},{\"@type\":\"ListItem\",\"position\":3,\"name\":\"CARCASA DE AGUA SEAFROGS SONY a7RIII\"}]},{\"@type\":\"WebSite\",\"@id\":\"http:\/\/akhonrent.eus\/#website\",\"url\":\"http:\/\/akhonrent.eus\/\",\"name\":\"AKHONrent\",\"description\":\"Alquiler de material audiovisual para empresas: sonido, iluminaci\u00f3n y video de alta calidad. Fiabilidad y asesoramiento de equipo de expertos\",\"publisher\":{\"@id\":\"http:\/\/akhonrent.eus\/#organization\"},\"potentialAction\":[{\"@type\":\"SearchAction\",\"target\":{\"@type\":\"EntryPoint\",\"urlTemplate\":\"http:\/\/akhonrent.eus\/?s={search_term_string}\"},\"query-input\":{\"@type\":\"PropertyValueSpecification\",\"valueRequired\":true,\"valueName\":\"search_term_string\"}}],\"inLanguage\":\"eu\"},{\"@type\":\"Organization\",\"@id\":\"http:\/\/akhonrent.eus\/#organization\",\"name\":\"AKHONrent\",\"url\":\"http:\/\/akhonrent.eus\/\",\"logo\":{\"@type\":\"ImageObject\",\"inLanguage\":\"eu\",\"@id\":\"http:\/\/akhonrent.eus\/#\/schema\/logo\/image\/\",\"url\":\"https:\/\/akhonrent.eus\/wp-content\/uploads\/2024\/06\/cropped-akhon-rent.png\",\"contentUrl\":\"https:\/\/akhonrent.eus\/wp-content\/uploads\/2024\/06\/cropped-akhon-rent.png\",\"width\":576,\"height\":192,\"caption\":\"AKHONrent\"},\"image\":{\"@id\":\"http:\/\/akhonrent.eus\/#\/schema\/logo\/image\/\"}}]}<\/script>\n<!-- \/ Yoast SEO plugin. -->","yoast_head_json":{"title":"CARCASA DE AGUA SEAFROGS SONY a7RIII - AKHONrent","robots":{"index":"index","follow":"follow","max-snippet":"max-snippet:-1","max-image-preview":"max-image-preview:large","max-video-preview":"max-video-preview:-1"},"canonical":"https:\/\/akhonrent.eus\/eu\/productos\/camaras-2\/carcasa-de-agua-seafrogs-sony-a7riii\/","og_locale":"en_US","og_type":"article","og_title":"CARCASA DE AGUA SEAFROGS SONY a7RIII - AKHONrent","og_description":"2 d\u00edas 3 d\u00edas 4 d\u00edas 5 d\u00edas 6 d\u00edas 7 d\u00edas   DTO 25% 30% 35% 40% 45% 50%","og_url":"https:\/\/akhonrent.eus\/eu\/productos\/camaras-2\/carcasa-de-agua-seafrogs-sony-a7riii\/","og_site_name":"AKHONrent","article_modified_time":"2025-03-19T19:59:44+00:00","og_image":[{"width":1000,"height":1000,"url":"https:\/\/akhonrent.eus\/wp-content\/uploads\/2025\/01\/260-CARCASA-DE-AGUA-SEAFROGS-SONY-a7RIII1-1.webp","type":"image\/webp"}],"twitter_card":"summary_large_image","twitter_misc":{"Est. reading time":"1 minutua"},"schema":{"@context":"https:\/\/schema.org","@graph":[{"@type":"WebPage","@id":"https:\/\/akhonrent.eus\/productos\/camaras-2\/carcasa-de-agua-seafrogs-sony-a7riii\/","url":"https:\/\/akhonrent.eus\/productos\/camaras-2\/carcasa-de-agua-seafrogs-sony-a7riii\/","name":"CARCASA DE AGUA SEAFROGS SONY a7RIII - AKHONrent","isPartOf":{"@id":"http:\/\/akhonrent.eus\/#website"},"primaryImageOfPage":{"@id":"https:\/\/akhonrent.eus\/productos\/camaras-2\/carcasa-de-agua-seafrogs-sony-a7riii\/#primaryimage"},"image":{"@id":"https:\/\/akhonrent.eus\/productos\/camaras-2\/carcasa-de-agua-seafrogs-sony-a7riii\/#primaryimage"},"thumbnailUrl":"https:\/\/akhonrent.eus\/wp-content\/uploads\/2025\/01\/260-CARCASA-DE-AGUA-SEAFROGS-SONY-a7RIII1-1.webp","datePublished":"2025-01-22T12:17:23+00:00","dateModified":"2025-03-19T19:59:44+00:00","breadcrumb":{"@id":"https:\/\/akhonrent.eus\/productos\/camaras-2\/carcasa-de-agua-seafrogs-sony-a7riii\/#breadcrumb"},"inLanguage":"eu","potentialAction":[{"@type":"ReadAction","target":["https:\/\/akhonrent.eus\/productos\/camaras-2\/carcasa-de-agua-seafrogs-sony-a7riii\/"]}]},{"@type":"ImageObject","inLanguage":"eu","@id":"https:\/\/akhonrent.eus\/productos\/camaras-2\/carcasa-de-agua-seafrogs-sony-a7riii\/#primaryimage","url":"https:\/\/akhonrent.eus\/wp-content\/uploads\/2025\/01\/260-CARCASA-DE-AGUA-SEAFROGS-SONY-a7RIII1-1.webp","contentUrl":"https:\/\/akhonrent.eus\/wp-content\/uploads\/2025\/01\/260-CARCASA-DE-AGUA-SEAFROGS-SONY-a7RIII1-1.webp","width":1000,"height":1000},{"@type":"BreadcrumbList","@id":"https:\/\/akhonrent.eus\/productos\/camaras-2\/carcasa-de-agua-seafrogs-sony-a7riii\/#breadcrumb","itemListElement":[{"@type":"ListItem","position":1,"name":"Portada","item":"http:\/\/akhonrent.eus\/"},{"@type":"ListItem","position":2,"name":"Tienda","item":"http:\/\/akhonrent.eus\/productos\/"},{"@type":"ListItem","position":3,"name":"CARCASA DE AGUA SEAFROGS SONY a7RIII"}]},{"@type":"WebSite","@id":"http:\/\/akhonrent.eus\/#website","url":"http:\/\/akhonrent.eus\/","name":"AKHONrent","description":"Alquiler de material audiovisual para empresas: sonido, iluminaci\u00f3n y video de alta calidad. Fiabilidad y asesoramiento de equipo de expertos","publisher":{"@id":"http:\/\/akhonrent.eus\/#organization"},"potentialAction":[{"@type":"SearchAction","target":{"@type":"EntryPoint","urlTemplate":"http:\/\/akhonrent.eus\/?s={search_term_string}"},"query-input":{"@type":"PropertyValueSpecification","valueRequired":true,"valueName":"search_term_string"}}],"inLanguage":"eu"},{"@type":"Organization","@id":"http:\/\/akhonrent.eus\/#organization","name":"AKHONrent","url":"http:\/\/akhonrent.eus\/","logo":{"@type":"ImageObject","inLanguage":"eu","@id":"http:\/\/akhonrent.eus\/#\/schema\/logo\/image\/","url":"https:\/\/akhonrent.eus\/wp-content\/uploads\/2024\/06\/cropped-akhon-rent.png","contentUrl":"https:\/\/akhonrent.eus\/wp-content\/uploads\/2024\/06\/cropped-akhon-rent.png","width":576,"height":192,"caption":"AKHONrent"},"image":{"@id":"http:\/\/akhonrent.eus\/#\/schema\/logo\/image\/"}}]}},"_links":{"self":[{"href":"https:\/\/akhonrent.eus\/eu\/wp-json\/wp\/v2\/product\/2614","targetHints":{"allow":["GET"]}}],"collection":[{"href":"https:\/\/akhonrent.eus\/eu\/wp-json\/wp\/v2\/product"}],"about":[{"href":"https:\/\/akhonrent.eus\/eu\/wp-json\/wp\/v2\/types\/product"}],"replies":[{"embeddable":true,"href":"https:\/\/akhonrent.eus\/eu\/wp-json\/wp\/v2\/comments?post=2614"}],"wp:featuredmedia":[{"embeddable":true,"href":"https:\/\/akhonrent.eus\/eu\/wp-json\/wp\/v2\/media\/2714"}],"wp:attachment":[{"href":"https:\/\/akhonrent.eus\/eu\/wp-json\/wp\/v2\/media?parent=2614"}],"wp:term":[{"taxonomy":"product_brand","embeddable":true,"href":"https:\/\/akhonrent.eus\/eu\/wp-json\/wp\/v2\/product_brand?post=2614"},{"taxonomy":"product_cat","embeddable":true,"href":"https:\/\/akhonrent.eus\/eu\/wp-json\/wp\/v2\/product_cat?post=2614"},{"taxonomy":"product_tag","embeddable":true,"href":"https:\/\/akhonrent.eus\/eu\/wp-json\/wp\/v2\/product_tag?post=2614"}],"curies":[{"name":"wp","href":"https:\/\/api.w.org\/{rel}","templated":true}]}}