{"id":2658,"date":"2025-01-22T13:18:00","date_gmt":"2025-01-22T12:18:00","guid":{"rendered":"https:\/\/akhonrent.eus\/?post_type=product&#038;p=2658"},"modified":"2026-02-11T17:07:35","modified_gmt":"2026-02-11T16:07:35","slug":"kit-objetivos-dzo-catta-ace","status":"publish","type":"product","link":"https:\/\/akhonrent.eus\/eu\/productos\/objetivos\/kit-objetivos-dzo-catta-ace\/","title":{"rendered":"KIT OBJETIVOS DZO CATTA ACE"},"content":{"rendered":"<p>La l\u00ednea Catta reproduce colores precisos y presenta una transici\u00f3n suave de enfoque\/desenfoque. Cuenta con una amplia apertura de T2.9 a T22, Mantiene el enfoque en todo el rango de zoom y producen un bokeh suave y redondo con una transici\u00f3n de imagen natural. La distancia focal incre\u00edblemente cercana permite a los usuarios capturar detalles y caracter\u00edsticas claras del sujeto, con una profundidad de campo admirable. La lente tiene un di\u00e1metro frontal de 80mm, lo que le permite trabajar con pr\u00e1cticamente cualquier caja mate de estilo cine. Un diametro de filtros compatibles de 77mm y una distancia minima de enfoque de 0,74m<\/p>","protected":false},"excerpt":{"rendered":"<p>La l\u00ednea Catta reproduce colores precisos y presenta una transici\u00f3n suave de enfoque\/desenfoque. Cuenta con una amplia apertura de T2.9 a T22, Mantiene el enfoque en todo el rango de zoom y producen un bokeh suave y redondo con una transici\u00f3n de imagen natural. La distancia focal incre\u00edblemente cercana permite a los usuarios capturar detalles [&hellip;]<\/p>","protected":false},"featured_media":2832,"comment_status":"open","ping_status":"closed","template":"","meta":{"_acf_changed":false,"site-sidebar-layout":"default","site-content-layout":"","ast-site-content-layout":"default","site-content-style":"default","site-sidebar-style":"default","ast-global-header-display":"","ast-banner-title-visibility":"","ast-main-header-display":"","ast-hfb-above-header-display":"","ast-hfb-below-header-display":"","ast-hfb-mobile-header-display":"","site-post-title":"","ast-breadcrumbs-content":"","ast-featured-img":"","footer-sml-layout":"","theme-transparent-header-meta":"default","adv-header-id-meta":"","stick-header-meta":"","header-above-stick-meta":"","header-main-stick-meta":"","header-below-stick-meta":"","astra-migrate-meta-layouts":"set","ast-page-background-enabled":"default","ast-page-background-meta":{"desktop":{"background-color":"var(--ast-global-color-4)","background-image":"","background-repeat":"repeat","background-position":"center center","background-size":"auto","background-attachment":"scroll","background-type":"","background-media":"","overlay-type":"","overlay-color":"","overlay-opacity":"","overlay-gradient":""},"tablet":{"background-color":"","background-image":"","background-repeat":"repeat","background-position":"center center","background-size":"auto","background-attachment":"scroll","background-type":"","background-media":"","overlay-type":"","overlay-color":"","overlay-opacity":"","overlay-gradient":""},"mobile":{"background-color":"","background-image":"","background-repeat":"repeat","background-position":"center center","background-size":"auto","background-attachment":"scroll","background-type":"","background-media":"","overlay-type":"","overlay-color":"","overlay-opacity":"","overlay-gradient":""}},"ast-content-background-meta":{"desktop":{"background-color":"var(--ast-global-color-5)","background-image":"","background-repeat":"repeat","background-position":"center center","background-size":"auto","background-attachment":"scroll","background-type":"","background-media":"","overlay-type":"","overlay-color":"","overlay-opacity":"","overlay-gradient":""},"tablet":{"background-color":"var(--ast-global-color-5)","background-image":"","background-repeat":"repeat","background-position":"center center","background-size":"auto","background-attachment":"scroll","background-type":"","background-media":"","overlay-type":"","overlay-color":"","overlay-opacity":"","overlay-gradient":""},"mobile":{"background-color":"var(--ast-global-color-5)","background-image":"","background-repeat":"repeat","background-position":"center center","background-size":"auto","background-attachment":"scroll","background-type":"","background-media":"","overlay-type":"","overlay-color":"","overlay-opacity":"","overlay-gradient":""}}},"product_brand":[],"product_cat":[69,27],"product_tag":[],"class_list":{"0":"post-2658","1":"product","2":"type-product","3":"status-publish","4":"has-post-thumbnail","6":"product_cat-todos-los-productos","7":"product_cat-objetivos","8":"desktop-align-left","9":"tablet-align-left","10":"mobile-align-left","12":"first","13":"instock","14":"taxable","15":"shipping-taxable","16":"purchasable","17":"product-type-simple"},"acf":[],"yoast_head":"<!-- This site is optimized with the Yoast SEO plugin v24.7 - https:\/\/yoast.com\/wordpress\/plugins\/seo\/ -->\n<title>KIT OBJETIVOS DZO CATTA ACE - AKHONrent<\/title>\n<meta name=\"robots\" content=\"index, follow, max-snippet:-1, max-image-preview:large, max-video-preview:-1\" \/>\n<link rel=\"canonical\" href=\"https:\/\/akhonrent.eus\/eu\/productos\/objetivos\/kit-objetivos-dzo-catta-ace\/\" \/>\n<meta property=\"og:locale\" content=\"en_US\" \/>\n<meta property=\"og:type\" content=\"article\" \/>\n<meta property=\"og:title\" content=\"KIT OBJETIVOS DZO CATTA ACE - AKHONrent\" \/>\n<meta property=\"og:description\" content=\"La l\u00ednea Catta reproduce colores precisos y presenta una transici\u00f3n suave de enfoque\/desenfoque. Cuenta con una amplia apertura de T2.9 a T22, Mantiene el enfoque en todo el rango de zoom y producen un bokeh suave y redondo con una transici\u00f3n de imagen natural. La distancia focal incre\u00edblemente cercana permite a los usuarios capturar detalles [&hellip;]\" \/>\n<meta property=\"og:url\" content=\"https:\/\/akhonrent.eus\/eu\/productos\/objetivos\/kit-objetivos-dzo-catta-ace\/\" \/>\n<meta property=\"og:site_name\" content=\"AKHONrent\" \/>\n<meta property=\"article:modified_time\" content=\"2026-02-11T16:07:35+00:00\" \/>\n<meta property=\"og:image\" content=\"https:\/\/akhonrent.eus\/wp-content\/uploads\/2025\/01\/46-KIT-OBJETIVOS-DZO-CATTA-ACE1.webp\" \/>\n\t<meta property=\"og:image:width\" content=\"1000\" \/>\n\t<meta property=\"og:image:height\" content=\"1000\" \/>\n\t<meta property=\"og:image:type\" content=\"image\/webp\" \/>\n<meta name=\"twitter:card\" content=\"summary_large_image\" \/>\n<meta name=\"twitter:label1\" content=\"Est. reading time\" \/>\n\t<meta name=\"twitter:data1\" content=\"1 minutua\" \/>\n<script type=\"application\/ld+json\" class=\"yoast-schema-graph\">{\"@context\":\"https:\/\/schema.org\",\"@graph\":[{\"@type\":\"WebPage\",\"@id\":\"https:\/\/akhonrent.eus\/productos\/objetivos\/kit-objetivos-dzo-catta-ace\/\",\"url\":\"https:\/\/akhonrent.eus\/productos\/objetivos\/kit-objetivos-dzo-catta-ace\/\",\"name\":\"KIT OBJETIVOS DZO CATTA ACE - AKHONrent\",\"isPartOf\":{\"@id\":\"https:\/\/akhonrent.eus\/#website\"},\"primaryImageOfPage\":{\"@id\":\"https:\/\/akhonrent.eus\/productos\/objetivos\/kit-objetivos-dzo-catta-ace\/#primaryimage\"},\"image\":{\"@id\":\"https:\/\/akhonrent.eus\/productos\/objetivos\/kit-objetivos-dzo-catta-ace\/#primaryimage\"},\"thumbnailUrl\":\"https:\/\/akhonrent.eus\/wp-content\/uploads\/2025\/01\/46-KIT-OBJETIVOS-DZO-CATTA-ACE1.webp\",\"datePublished\":\"2025-01-22T12:18:00+00:00\",\"dateModified\":\"2026-02-11T16:07:35+00:00\",\"breadcrumb\":{\"@id\":\"https:\/\/akhonrent.eus\/productos\/objetivos\/kit-objetivos-dzo-catta-ace\/#breadcrumb\"},\"inLanguage\":\"eu\",\"potentialAction\":[{\"@type\":\"ReadAction\",\"target\":[\"https:\/\/akhonrent.eus\/productos\/objetivos\/kit-objetivos-dzo-catta-ace\/\"]}]},{\"@type\":\"ImageObject\",\"inLanguage\":\"eu\",\"@id\":\"https:\/\/akhonrent.eus\/productos\/objetivos\/kit-objetivos-dzo-catta-ace\/#primaryimage\",\"url\":\"https:\/\/akhonrent.eus\/wp-content\/uploads\/2025\/01\/46-KIT-OBJETIVOS-DZO-CATTA-ACE1.webp\",\"contentUrl\":\"https:\/\/akhonrent.eus\/wp-content\/uploads\/2025\/01\/46-KIT-OBJETIVOS-DZO-CATTA-ACE1.webp\",\"width\":1000,\"height\":1000},{\"@type\":\"BreadcrumbList\",\"@id\":\"https:\/\/akhonrent.eus\/productos\/objetivos\/kit-objetivos-dzo-catta-ace\/#breadcrumb\",\"itemListElement\":[{\"@type\":\"ListItem\",\"position\":1,\"name\":\"Portada\",\"item\":\"https:\/\/akhonrent.eus\/\"},{\"@type\":\"ListItem\",\"position\":2,\"name\":\"Tienda\",\"item\":\"https:\/\/akhonrent.eus\/eu\/productos\/\"},{\"@type\":\"ListItem\",\"position\":3,\"name\":\"KIT OBJETIVOS DZO CATTA ACE\"}]},{\"@type\":\"WebSite\",\"@id\":\"https:\/\/akhonrent.eus\/#website\",\"url\":\"https:\/\/akhonrent.eus\/\",\"name\":\"AKHONrent\",\"description\":\"Alquiler de material audiovisual para empresas: sonido, iluminaci\u00f3n y video de alta calidad. Fiabilidad y asesoramiento de equipo de expertos\",\"publisher\":{\"@id\":\"https:\/\/akhonrent.eus\/#organization\"},\"potentialAction\":[{\"@type\":\"SearchAction\",\"target\":{\"@type\":\"EntryPoint\",\"urlTemplate\":\"https:\/\/akhonrent.eus\/?s={search_term_string}\"},\"query-input\":{\"@type\":\"PropertyValueSpecification\",\"valueRequired\":true,\"valueName\":\"search_term_string\"}}],\"inLanguage\":\"eu\"},{\"@type\":\"Organization\",\"@id\":\"https:\/\/akhonrent.eus\/#organization\",\"name\":\"AKHONrent\",\"url\":\"https:\/\/akhonrent.eus\/\",\"logo\":{\"@type\":\"ImageObject\",\"inLanguage\":\"eu\",\"@id\":\"https:\/\/akhonrent.eus\/#\/schema\/logo\/image\/\",\"url\":\"https:\/\/akhonrent.eus\/wp-content\/uploads\/2024\/06\/cropped-akhon-rent.png\",\"contentUrl\":\"https:\/\/akhonrent.eus\/wp-content\/uploads\/2024\/06\/cropped-akhon-rent.png\",\"width\":576,\"height\":192,\"caption\":\"AKHONrent\"},\"image\":{\"@id\":\"https:\/\/akhonrent.eus\/#\/schema\/logo\/image\/\"}}]}<\/script>\n<!-- \/ Yoast SEO plugin. -->","yoast_head_json":{"title":"KIT OBJETIVOS DZO CATTA ACE - AKHONrent","robots":{"index":"index","follow":"follow","max-snippet":"max-snippet:-1","max-image-preview":"max-image-preview:large","max-video-preview":"max-video-preview:-1"},"canonical":"https:\/\/akhonrent.eus\/eu\/productos\/objetivos\/kit-objetivos-dzo-catta-ace\/","og_locale":"en_US","og_type":"article","og_title":"KIT OBJETIVOS DZO CATTA ACE - AKHONrent","og_description":"La l\u00ednea Catta reproduce colores precisos y presenta una transici\u00f3n suave de enfoque\/desenfoque. Cuenta con una amplia apertura de T2.9 a T22, Mantiene el enfoque en todo el rango de zoom y producen un bokeh suave y redondo con una transici\u00f3n de imagen natural. La distancia focal incre\u00edblemente cercana permite a los usuarios capturar detalles [&hellip;]","og_url":"https:\/\/akhonrent.eus\/eu\/productos\/objetivos\/kit-objetivos-dzo-catta-ace\/","og_site_name":"AKHONrent","article_modified_time":"2026-02-11T16:07:35+00:00","og_image":[{"width":1000,"height":1000,"url":"https:\/\/akhonrent.eus\/wp-content\/uploads\/2025\/01\/46-KIT-OBJETIVOS-DZO-CATTA-ACE1.webp","type":"image\/webp"}],"twitter_card":"summary_large_image","twitter_misc":{"Est. reading time":"1 minutua"},"schema":{"@context":"https:\/\/schema.org","@graph":[{"@type":"WebPage","@id":"https:\/\/akhonrent.eus\/productos\/objetivos\/kit-objetivos-dzo-catta-ace\/","url":"https:\/\/akhonrent.eus\/productos\/objetivos\/kit-objetivos-dzo-catta-ace\/","name":"KIT OBJETIVOS DZO CATTA ACE - AKHONrent","isPartOf":{"@id":"https:\/\/akhonrent.eus\/#website"},"primaryImageOfPage":{"@id":"https:\/\/akhonrent.eus\/productos\/objetivos\/kit-objetivos-dzo-catta-ace\/#primaryimage"},"image":{"@id":"https:\/\/akhonrent.eus\/productos\/objetivos\/kit-objetivos-dzo-catta-ace\/#primaryimage"},"thumbnailUrl":"https:\/\/akhonrent.eus\/wp-content\/uploads\/2025\/01\/46-KIT-OBJETIVOS-DZO-CATTA-ACE1.webp","datePublished":"2025-01-22T12:18:00+00:00","dateModified":"2026-02-11T16:07:35+00:00","breadcrumb":{"@id":"https:\/\/akhonrent.eus\/productos\/objetivos\/kit-objetivos-dzo-catta-ace\/#breadcrumb"},"inLanguage":"eu","potentialAction":[{"@type":"ReadAction","target":["https:\/\/akhonrent.eus\/productos\/objetivos\/kit-objetivos-dzo-catta-ace\/"]}]},{"@type":"ImageObject","inLanguage":"eu","@id":"https:\/\/akhonrent.eus\/productos\/objetivos\/kit-objetivos-dzo-catta-ace\/#primaryimage","url":"https:\/\/akhonrent.eus\/wp-content\/uploads\/2025\/01\/46-KIT-OBJETIVOS-DZO-CATTA-ACE1.webp","contentUrl":"https:\/\/akhonrent.eus\/wp-content\/uploads\/2025\/01\/46-KIT-OBJETIVOS-DZO-CATTA-ACE1.webp","width":1000,"height":1000},{"@type":"BreadcrumbList","@id":"https:\/\/akhonrent.eus\/productos\/objetivos\/kit-objetivos-dzo-catta-ace\/#breadcrumb","itemListElement":[{"@type":"ListItem","position":1,"name":"Portada","item":"https:\/\/akhonrent.eus\/"},{"@type":"ListItem","position":2,"name":"Tienda","item":"https:\/\/akhonrent.eus\/eu\/productos\/"},{"@type":"ListItem","position":3,"name":"KIT OBJETIVOS DZO CATTA ACE"}]},{"@type":"WebSite","@id":"https:\/\/akhonrent.eus\/#website","url":"https:\/\/akhonrent.eus\/","name":"AKHONrent","description":"Alquiler de material audiovisual para empresas: sonido, iluminaci\u00f3n y video de alta calidad. Fiabilidad y asesoramiento de equipo de expertos","publisher":{"@id":"https:\/\/akhonrent.eus\/#organization"},"potentialAction":[{"@type":"SearchAction","target":{"@type":"EntryPoint","urlTemplate":"https:\/\/akhonrent.eus\/?s={search_term_string}"},"query-input":{"@type":"PropertyValueSpecification","valueRequired":true,"valueName":"search_term_string"}}],"inLanguage":"eu"},{"@type":"Organization","@id":"https:\/\/akhonrent.eus\/#organization","name":"AKHONrent","url":"https:\/\/akhonrent.eus\/","logo":{"@type":"ImageObject","inLanguage":"eu","@id":"https:\/\/akhonrent.eus\/#\/schema\/logo\/image\/","url":"https:\/\/akhonrent.eus\/wp-content\/uploads\/2024\/06\/cropped-akhon-rent.png","contentUrl":"https:\/\/akhonrent.eus\/wp-content\/uploads\/2024\/06\/cropped-akhon-rent.png","width":576,"height":192,"caption":"AKHONrent"},"image":{"@id":"https:\/\/akhonrent.eus\/#\/schema\/logo\/image\/"}}]}},"_links":{"self":[{"href":"https:\/\/akhonrent.eus\/eu\/wp-json\/wp\/v2\/product\/2658","targetHints":{"allow":["GET"]}}],"collection":[{"href":"https:\/\/akhonrent.eus\/eu\/wp-json\/wp\/v2\/product"}],"about":[{"href":"https:\/\/akhonrent.eus\/eu\/wp-json\/wp\/v2\/types\/product"}],"replies":[{"embeddable":true,"href":"https:\/\/akhonrent.eus\/eu\/wp-json\/wp\/v2\/comments?post=2658"}],"wp:featuredmedia":[{"embeddable":true,"href":"https:\/\/akhonrent.eus\/eu\/wp-json\/wp\/v2\/media\/2832"}],"wp:attachment":[{"href":"https:\/\/akhonrent.eus\/eu\/wp-json\/wp\/v2\/media?parent=2658"}],"wp:term":[{"taxonomy":"product_brand","embeddable":true,"href":"https:\/\/akhonrent.eus\/eu\/wp-json\/wp\/v2\/product_brand?post=2658"},{"taxonomy":"product_cat","embeddable":true,"href":"https:\/\/akhonrent.eus\/eu\/wp-json\/wp\/v2\/product_cat?post=2658"},{"taxonomy":"product_tag","embeddable":true,"href":"https:\/\/akhonrent.eus\/eu\/wp-json\/wp\/v2\/product_tag?post=2658"}],"curies":[{"name":"wp","href":"https:\/\/api.w.org\/{rel}","templated":true}]}}