{"id":2861,"date":"2025-03-14T16:20:11","date_gmt":"2025-03-14T15:20:11","guid":{"rendered":"https:\/\/akhonrent.eus\/alquiler\/sin%20categor\u00eda\/filtro-black-pro-mist-1-8-77mm-kf-02\/"},"modified":"2025-03-14T17:05:56","modified_gmt":"2025-03-14T16:05:56","slug":"filtro-black-pro-mist-1-8-77mm-kf","status":"publish","type":"product","link":"https:\/\/akhonrent.eus\/eu\/productos\/objetivos\/filtro-black-pro-mist-1-8-77mm-kf\/","title":{"rendered":"FILTRO BLACK PRO MIST 1\/8 77mm K&#038;F"},"content":{"rendered":"<p>El filtro Black Mist 1\/8 hace que la imagen o la luz de v\u00eddeo sea suave y controla los destellos de luz, haciendo que la piel o los poros sean m\u00e1s delicados, la tecnolog\u00eda de pulido de doble cara garantiza una alta definici\u00f3n dentro de la distancia focal de 550 mm. echo por el vidrio \u00f3ptico japon\u00e9s AGC de alta precisi\u00f3n, recubrimiento de m\u00faltiples capas para una transmitancia del 87%, sin efecto en la calidad de la imagen. Recubrimientos laterales dobles es impermeable, resistente a los ara\u00f1azos y a prueba de aceite, f\u00e1cil de limpiar y transportar. El marco de aluminio de la aviaci\u00f3n ultra-delgada de s\u00f3lo 3,3 mm evita el vi\u00f1eteado en gran angular y teleobjetivos, CNC Marco de dise\u00f1o antideslizante f\u00e1cilmente para la instalaci\u00f3n y eliminaci\u00f3n.<\/p>","protected":false},"excerpt":{"rendered":"<table dir=\"ltr\" border=\"1\" cellspacing=\"0\" cellpadding=\"0\" data-sheets-root=\"1\" data-sheets-baot=\"1\">\n<colgroup>\n<col width=\"100\" \/>\n<col width=\"100\" \/>\n<col width=\"100\" \/>\n<col width=\"100\" \/>\n<col width=\"100\" \/>\n<col width=\"100\" \/>\n<col width=\"100\" \/><\/colgroup>\n<tbody>\n<tr>\n<td><\/td>\n<td>2 d\u00edas<\/td>\n<td>3 d\u00edas<\/td>\n<td>4 d\u00edas<\/td>\n<td>5 d\u00edas<\/td>\n<td>6 d\u00edas<\/td>\n<td>7 d\u00edas<\/td>\n<\/tr>\n<tr>\n<td>DTO<\/td>\n<td>25%<\/td>\n<td>30%<\/td>\n<td>35%<\/td>\n<td>40%<\/td>\n<td>45%<\/td>\n<td>50%<\/td>\n<\/tr>\n<\/tbody>\n<\/table>","protected":false},"featured_media":2914,"comment_status":"open","ping_status":"closed","template":"","meta":{"_acf_changed":false,"site-sidebar-layout":"default","site-content-layout":"","ast-site-content-layout":"default","site-content-style":"default","site-sidebar-style":"default","ast-global-header-display":"","ast-banner-title-visibility":"","ast-main-header-display":"","ast-hfb-above-header-display":"","ast-hfb-below-header-display":"","ast-hfb-mobile-header-display":"","site-post-title":"","ast-breadcrumbs-content":"","ast-featured-img":"","footer-sml-layout":"","theme-transparent-header-meta":"default","adv-header-id-meta":"","stick-header-meta":"","header-above-stick-meta":"","header-main-stick-meta":"","header-below-stick-meta":"","astra-migrate-meta-layouts":"set","ast-page-background-enabled":"default","ast-page-background-meta":{"desktop":{"background-color":"var(--ast-global-color-4)","background-image":"","background-repeat":"repeat","background-position":"center center","background-size":"auto","background-attachment":"scroll","background-type":"","background-media":"","overlay-type":"","overlay-color":"","overlay-opacity":"","overlay-gradient":""},"tablet":{"background-color":"","background-image":"","background-repeat":"repeat","background-position":"center center","background-size":"auto","background-attachment":"scroll","background-type":"","background-media":"","overlay-type":"","overlay-color":"","overlay-opacity":"","overlay-gradient":""},"mobile":{"background-color":"","background-image":"","background-repeat":"repeat","background-position":"center center","background-size":"auto","background-attachment":"scroll","background-type":"","background-media":"","overlay-type":"","overlay-color":"","overlay-opacity":"","overlay-gradient":""}},"ast-content-background-meta":{"desktop":{"background-color":"var(--ast-global-color-5)","background-image":"","background-repeat":"repeat","background-position":"center center","background-size":"auto","background-attachment":"scroll","background-type":"","background-media":"","overlay-type":"","overlay-color":"","overlay-opacity":"","overlay-gradient":""},"tablet":{"background-color":"var(--ast-global-color-5)","background-image":"","background-repeat":"repeat","background-position":"center center","background-size":"auto","background-attachment":"scroll","background-type":"","background-media":"","overlay-type":"","overlay-color":"","overlay-opacity":"","overlay-gradient":""},"mobile":{"background-color":"var(--ast-global-color-5)","background-image":"","background-repeat":"repeat","background-position":"center center","background-size":"auto","background-attachment":"scroll","background-type":"","background-media":"","overlay-type":"","overlay-color":"","overlay-opacity":"","overlay-gradient":""}}},"product_brand":[],"product_cat":[69,27],"product_tag":[],"class_list":{"0":"post-2861","1":"product","2":"type-product","3":"status-publish","4":"has-post-thumbnail","6":"product_cat-todos-los-productos","7":"product_cat-objetivos","8":"desktop-align-left","9":"tablet-align-left","10":"mobile-align-left","12":"first","13":"instock","14":"taxable","15":"shipping-taxable","16":"purchasable","17":"product-type-simple"},"acf":[],"yoast_head":"<!-- This site is optimized with the Yoast SEO plugin v24.7 - https:\/\/yoast.com\/wordpress\/plugins\/seo\/ -->\n<title>FILTRO BLACK PRO MIST 1\/8 77mm K&amp;F - AKHONrent<\/title>\n<meta name=\"robots\" content=\"index, follow, max-snippet:-1, max-image-preview:large, max-video-preview:-1\" \/>\n<link rel=\"canonical\" href=\"https:\/\/akhonrent.eus\/eu\/productos\/objetivos\/filtro-black-pro-mist-1-8-77mm-kf\/\" \/>\n<meta property=\"og:locale\" content=\"en_US\" \/>\n<meta property=\"og:type\" content=\"article\" \/>\n<meta property=\"og:title\" content=\"FILTRO BLACK PRO MIST 1\/8 77mm K&amp;F - AKHONrent\" \/>\n<meta property=\"og:description\" content=\"2 d\u00edas 3 d\u00edas 4 d\u00edas 5 d\u00edas 6 d\u00edas 7 d\u00edas   DTO 25% 30% 35% 40% 45% 50%\" \/>\n<meta property=\"og:url\" content=\"https:\/\/akhonrent.eus\/eu\/productos\/objetivos\/filtro-black-pro-mist-1-8-77mm-kf\/\" \/>\n<meta property=\"og:site_name\" content=\"AKHONrent\" \/>\n<meta property=\"article:modified_time\" content=\"2025-03-14T16:05:56+00:00\" \/>\n<meta property=\"og:image\" content=\"https:\/\/akhonrent.eus\/wp-content\/uploads\/2025\/03\/FILTRO-BLACK-PRO-MIST-1_8-77mm-KF1-1.jpg\" \/>\n\t<meta property=\"og:image:width\" content=\"327\" \/>\n\t<meta property=\"og:image:height\" content=\"327\" \/>\n\t<meta property=\"og:image:type\" content=\"image\/jpeg\" \/>\n<meta name=\"twitter:card\" content=\"summary_large_image\" \/>\n<meta name=\"twitter:label1\" content=\"Est. reading time\" \/>\n\t<meta name=\"twitter:data1\" content=\"1 minutua\" \/>\n<script type=\"application\/ld+json\" class=\"yoast-schema-graph\">{\"@context\":\"https:\/\/schema.org\",\"@graph\":[{\"@type\":\"WebPage\",\"@id\":\"https:\/\/akhonrent.eus\/productos\/objetivos\/filtro-black-pro-mist-1-8-77mm-kf\/\",\"url\":\"https:\/\/akhonrent.eus\/productos\/objetivos\/filtro-black-pro-mist-1-8-77mm-kf\/\",\"name\":\"FILTRO BLACK PRO MIST 1\/8 77mm K&F - AKHONrent\",\"isPartOf\":{\"@id\":\"http:\/\/akhonrent.eus\/#website\"},\"primaryImageOfPage\":{\"@id\":\"https:\/\/akhonrent.eus\/productos\/objetivos\/filtro-black-pro-mist-1-8-77mm-kf\/#primaryimage\"},\"image\":{\"@id\":\"https:\/\/akhonrent.eus\/productos\/objetivos\/filtro-black-pro-mist-1-8-77mm-kf\/#primaryimage\"},\"thumbnailUrl\":\"https:\/\/akhonrent.eus\/wp-content\/uploads\/2025\/03\/FILTRO-BLACK-PRO-MIST-1_8-77mm-KF1-1.jpg\",\"datePublished\":\"2025-03-14T15:20:11+00:00\",\"dateModified\":\"2025-03-14T16:05:56+00:00\",\"breadcrumb\":{\"@id\":\"https:\/\/akhonrent.eus\/productos\/objetivos\/filtro-black-pro-mist-1-8-77mm-kf\/#breadcrumb\"},\"inLanguage\":\"eu\",\"potentialAction\":[{\"@type\":\"ReadAction\",\"target\":[\"https:\/\/akhonrent.eus\/productos\/objetivos\/filtro-black-pro-mist-1-8-77mm-kf\/\"]}]},{\"@type\":\"ImageObject\",\"inLanguage\":\"eu\",\"@id\":\"https:\/\/akhonrent.eus\/productos\/objetivos\/filtro-black-pro-mist-1-8-77mm-kf\/#primaryimage\",\"url\":\"https:\/\/akhonrent.eus\/wp-content\/uploads\/2025\/03\/FILTRO-BLACK-PRO-MIST-1_8-77mm-KF1-1.jpg\",\"contentUrl\":\"https:\/\/akhonrent.eus\/wp-content\/uploads\/2025\/03\/FILTRO-BLACK-PRO-MIST-1_8-77mm-KF1-1.jpg\",\"width\":327,\"height\":327},{\"@type\":\"BreadcrumbList\",\"@id\":\"https:\/\/akhonrent.eus\/productos\/objetivos\/filtro-black-pro-mist-1-8-77mm-kf\/#breadcrumb\",\"itemListElement\":[{\"@type\":\"ListItem\",\"position\":1,\"name\":\"Portada\",\"item\":\"http:\/\/akhonrent.eus\/\"},{\"@type\":\"ListItem\",\"position\":2,\"name\":\"Tienda\",\"item\":\"http:\/\/akhonrent.eus\/productos\/\"},{\"@type\":\"ListItem\",\"position\":3,\"name\":\"FILTRO BLACK PRO MIST 1\/8 77mm K&#038;F\"}]},{\"@type\":\"WebSite\",\"@id\":\"http:\/\/akhonrent.eus\/#website\",\"url\":\"http:\/\/akhonrent.eus\/\",\"name\":\"AKHONrent\",\"description\":\"Alquiler de material audiovisual para empresas: sonido, iluminaci\u00f3n y video de alta calidad. Fiabilidad y asesoramiento de equipo de expertos\",\"publisher\":{\"@id\":\"http:\/\/akhonrent.eus\/#organization\"},\"potentialAction\":[{\"@type\":\"SearchAction\",\"target\":{\"@type\":\"EntryPoint\",\"urlTemplate\":\"http:\/\/akhonrent.eus\/?s={search_term_string}\"},\"query-input\":{\"@type\":\"PropertyValueSpecification\",\"valueRequired\":true,\"valueName\":\"search_term_string\"}}],\"inLanguage\":\"eu\"},{\"@type\":\"Organization\",\"@id\":\"http:\/\/akhonrent.eus\/#organization\",\"name\":\"AKHONrent\",\"url\":\"http:\/\/akhonrent.eus\/\",\"logo\":{\"@type\":\"ImageObject\",\"inLanguage\":\"eu\",\"@id\":\"http:\/\/akhonrent.eus\/#\/schema\/logo\/image\/\",\"url\":\"https:\/\/akhonrent.eus\/wp-content\/uploads\/2024\/06\/cropped-akhon-rent.png\",\"contentUrl\":\"https:\/\/akhonrent.eus\/wp-content\/uploads\/2024\/06\/cropped-akhon-rent.png\",\"width\":576,\"height\":192,\"caption\":\"AKHONrent\"},\"image\":{\"@id\":\"http:\/\/akhonrent.eus\/#\/schema\/logo\/image\/\"}}]}<\/script>\n<!-- \/ Yoast SEO plugin. -->","yoast_head_json":{"title":"FILTRO BLACK PRO MIST 1\/8 77mm K&F - AKHONrent","robots":{"index":"index","follow":"follow","max-snippet":"max-snippet:-1","max-image-preview":"max-image-preview:large","max-video-preview":"max-video-preview:-1"},"canonical":"https:\/\/akhonrent.eus\/eu\/productos\/objetivos\/filtro-black-pro-mist-1-8-77mm-kf\/","og_locale":"en_US","og_type":"article","og_title":"FILTRO BLACK PRO MIST 1\/8 77mm K&F - AKHONrent","og_description":"2 d\u00edas 3 d\u00edas 4 d\u00edas 5 d\u00edas 6 d\u00edas 7 d\u00edas   DTO 25% 30% 35% 40% 45% 50%","og_url":"https:\/\/akhonrent.eus\/eu\/productos\/objetivos\/filtro-black-pro-mist-1-8-77mm-kf\/","og_site_name":"AKHONrent","article_modified_time":"2025-03-14T16:05:56+00:00","og_image":[{"width":327,"height":327,"url":"https:\/\/akhonrent.eus\/wp-content\/uploads\/2025\/03\/FILTRO-BLACK-PRO-MIST-1_8-77mm-KF1-1.jpg","type":"image\/jpeg"}],"twitter_card":"summary_large_image","twitter_misc":{"Est. reading time":"1 minutua"},"schema":{"@context":"https:\/\/schema.org","@graph":[{"@type":"WebPage","@id":"https:\/\/akhonrent.eus\/productos\/objetivos\/filtro-black-pro-mist-1-8-77mm-kf\/","url":"https:\/\/akhonrent.eus\/productos\/objetivos\/filtro-black-pro-mist-1-8-77mm-kf\/","name":"FILTRO BLACK PRO MIST 1\/8 77mm K&F - AKHONrent","isPartOf":{"@id":"http:\/\/akhonrent.eus\/#website"},"primaryImageOfPage":{"@id":"https:\/\/akhonrent.eus\/productos\/objetivos\/filtro-black-pro-mist-1-8-77mm-kf\/#primaryimage"},"image":{"@id":"https:\/\/akhonrent.eus\/productos\/objetivos\/filtro-black-pro-mist-1-8-77mm-kf\/#primaryimage"},"thumbnailUrl":"https:\/\/akhonrent.eus\/wp-content\/uploads\/2025\/03\/FILTRO-BLACK-PRO-MIST-1_8-77mm-KF1-1.jpg","datePublished":"2025-03-14T15:20:11+00:00","dateModified":"2025-03-14T16:05:56+00:00","breadcrumb":{"@id":"https:\/\/akhonrent.eus\/productos\/objetivos\/filtro-black-pro-mist-1-8-77mm-kf\/#breadcrumb"},"inLanguage":"eu","potentialAction":[{"@type":"ReadAction","target":["https:\/\/akhonrent.eus\/productos\/objetivos\/filtro-black-pro-mist-1-8-77mm-kf\/"]}]},{"@type":"ImageObject","inLanguage":"eu","@id":"https:\/\/akhonrent.eus\/productos\/objetivos\/filtro-black-pro-mist-1-8-77mm-kf\/#primaryimage","url":"https:\/\/akhonrent.eus\/wp-content\/uploads\/2025\/03\/FILTRO-BLACK-PRO-MIST-1_8-77mm-KF1-1.jpg","contentUrl":"https:\/\/akhonrent.eus\/wp-content\/uploads\/2025\/03\/FILTRO-BLACK-PRO-MIST-1_8-77mm-KF1-1.jpg","width":327,"height":327},{"@type":"BreadcrumbList","@id":"https:\/\/akhonrent.eus\/productos\/objetivos\/filtro-black-pro-mist-1-8-77mm-kf\/#breadcrumb","itemListElement":[{"@type":"ListItem","position":1,"name":"Portada","item":"http:\/\/akhonrent.eus\/"},{"@type":"ListItem","position":2,"name":"Tienda","item":"http:\/\/akhonrent.eus\/productos\/"},{"@type":"ListItem","position":3,"name":"FILTRO BLACK PRO MIST 1\/8 77mm K&#038;F"}]},{"@type":"WebSite","@id":"http:\/\/akhonrent.eus\/#website","url":"http:\/\/akhonrent.eus\/","name":"AKHONrent","description":"Alquiler de material audiovisual para empresas: sonido, iluminaci\u00f3n y video de alta calidad. Fiabilidad y asesoramiento de equipo de expertos","publisher":{"@id":"http:\/\/akhonrent.eus\/#organization"},"potentialAction":[{"@type":"SearchAction","target":{"@type":"EntryPoint","urlTemplate":"http:\/\/akhonrent.eus\/?s={search_term_string}"},"query-input":{"@type":"PropertyValueSpecification","valueRequired":true,"valueName":"search_term_string"}}],"inLanguage":"eu"},{"@type":"Organization","@id":"http:\/\/akhonrent.eus\/#organization","name":"AKHONrent","url":"http:\/\/akhonrent.eus\/","logo":{"@type":"ImageObject","inLanguage":"eu","@id":"http:\/\/akhonrent.eus\/#\/schema\/logo\/image\/","url":"https:\/\/akhonrent.eus\/wp-content\/uploads\/2024\/06\/cropped-akhon-rent.png","contentUrl":"https:\/\/akhonrent.eus\/wp-content\/uploads\/2024\/06\/cropped-akhon-rent.png","width":576,"height":192,"caption":"AKHONrent"},"image":{"@id":"http:\/\/akhonrent.eus\/#\/schema\/logo\/image\/"}}]}},"_links":{"self":[{"href":"https:\/\/akhonrent.eus\/eu\/wp-json\/wp\/v2\/product\/2861","targetHints":{"allow":["GET"]}}],"collection":[{"href":"https:\/\/akhonrent.eus\/eu\/wp-json\/wp\/v2\/product"}],"about":[{"href":"https:\/\/akhonrent.eus\/eu\/wp-json\/wp\/v2\/types\/product"}],"replies":[{"embeddable":true,"href":"https:\/\/akhonrent.eus\/eu\/wp-json\/wp\/v2\/comments?post=2861"}],"wp:featuredmedia":[{"embeddable":true,"href":"https:\/\/akhonrent.eus\/eu\/wp-json\/wp\/v2\/media\/2914"}],"wp:attachment":[{"href":"https:\/\/akhonrent.eus\/eu\/wp-json\/wp\/v2\/media?parent=2861"}],"wp:term":[{"taxonomy":"product_brand","embeddable":true,"href":"https:\/\/akhonrent.eus\/eu\/wp-json\/wp\/v2\/product_brand?post=2861"},{"taxonomy":"product_cat","embeddable":true,"href":"https:\/\/akhonrent.eus\/eu\/wp-json\/wp\/v2\/product_cat?post=2861"},{"taxonomy":"product_tag","embeddable":true,"href":"https:\/\/akhonrent.eus\/eu\/wp-json\/wp\/v2\/product_tag?post=2861"}],"curies":[{"name":"wp","href":"https:\/\/api.w.org\/{rel}","templated":true}]}}