{"id":2941,"date":"2025-03-18T15:54:30","date_gmt":"2025-03-18T14:54:30","guid":{"rendered":"https:\/\/akhonrent.eus\/?post_type=product&#038;p=2941"},"modified":"2026-04-12T22:06:21","modified_gmt":"2026-04-12T20:06:21","slug":"dolly-clairex-wt-600","status":"publish","type":"product","link":"https:\/\/akhonrent.eus\/eu\/productos\/dolly\/dolly-clairex-wt-600\/","title":{"rendered":"DOLLY CLAIREX WT-600"},"content":{"rendered":"<p>El Dolly Clairex WT-600 es una plataforma de deslizamiento robusta y vers\u00e1til, dise\u00f1ada para ofrecer movimientos de c\u00e1mara suaves y profesionales. Ideal para producciones cinematogr\u00e1ficas, televisivas y eventos en directo, este dolly permite desplazamientos precisos y estables sobre ra\u00edles, mejorando la calidad de las tomas en cualquier entorno de rodaje.<\/p>","protected":false},"excerpt":{"rendered":"<p>El Dolly Clairex WT-600 es una plataforma de deslizamiento robusta y vers\u00e1til, dise\u00f1ada para ofrecer movimientos de c\u00e1mara suaves y profesionales. Ideal para producciones cinematogr\u00e1ficas, televisivas y eventos en directo, este dolly permite desplazamientos precisos y estables sobre ra\u00edles, mejorando la calidad de las tomas en cualquier entorno de rodaje.<\/p>","protected":false},"featured_media":2942,"comment_status":"open","ping_status":"closed","template":"","meta":{"_acf_changed":false,"site-sidebar-layout":"default","site-content-layout":"","ast-site-content-layout":"default","site-content-style":"default","site-sidebar-style":"default","ast-global-header-display":"","ast-banner-title-visibility":"","ast-main-header-display":"","ast-hfb-above-header-display":"","ast-hfb-below-header-display":"","ast-hfb-mobile-header-display":"","site-post-title":"","ast-breadcrumbs-content":"","ast-featured-img":"","footer-sml-layout":"","theme-transparent-header-meta":"default","adv-header-id-meta":"","stick-header-meta":"","header-above-stick-meta":"","header-main-stick-meta":"","header-below-stick-meta":"","astra-migrate-meta-layouts":"set","ast-page-background-enabled":"default","ast-page-background-meta":{"desktop":{"background-color":"var(--ast-global-color-4)","background-image":"","background-repeat":"repeat","background-position":"center center","background-size":"auto","background-attachment":"scroll","background-type":"","background-media":"","overlay-type":"","overlay-color":"","overlay-opacity":"","overlay-gradient":""},"tablet":{"background-color":"","background-image":"","background-repeat":"repeat","background-position":"center center","background-size":"auto","background-attachment":"scroll","background-type":"","background-media":"","overlay-type":"","overlay-color":"","overlay-opacity":"","overlay-gradient":""},"mobile":{"background-color":"","background-image":"","background-repeat":"repeat","background-position":"center center","background-size":"auto","background-attachment":"scroll","background-type":"","background-media":"","overlay-type":"","overlay-color":"","overlay-opacity":"","overlay-gradient":""}},"ast-content-background-meta":{"desktop":{"background-color":"var(--ast-global-color-5)","background-image":"","background-repeat":"repeat","background-position":"center center","background-size":"auto","background-attachment":"scroll","background-type":"","background-media":"","overlay-type":"","overlay-color":"","overlay-opacity":"","overlay-gradient":""},"tablet":{"background-color":"var(--ast-global-color-5)","background-image":"","background-repeat":"repeat","background-position":"center center","background-size":"auto","background-attachment":"scroll","background-type":"","background-media":"","overlay-type":"","overlay-color":"","overlay-opacity":"","overlay-gradient":""},"mobile":{"background-color":"var(--ast-global-color-5)","background-image":"","background-repeat":"repeat","background-position":"center center","background-size":"auto","background-attachment":"scroll","background-type":"","background-media":"","overlay-type":"","overlay-color":"","overlay-opacity":"","overlay-gradient":""}}},"product_brand":[],"product_cat":[69,41],"product_tag":[],"class_list":{"0":"post-2941","1":"product","2":"type-product","3":"status-publish","4":"has-post-thumbnail","6":"product_cat-todos-los-productos","7":"product_cat-dolly","8":"desktop-align-left","9":"tablet-align-left","10":"mobile-align-left","12":"first","13":"instock","14":"taxable","15":"shipping-taxable","16":"purchasable","17":"product-type-simple"},"acf":[],"yoast_head":"<!-- This site is optimized with the Yoast SEO plugin v24.7 - https:\/\/yoast.com\/wordpress\/plugins\/seo\/ -->\n<title>DOLLY CLAIREX WT-600 - AKHONrent<\/title>\n<meta name=\"robots\" content=\"index, follow, max-snippet:-1, max-image-preview:large, max-video-preview:-1\" \/>\n<link rel=\"canonical\" href=\"https:\/\/akhonrent.eus\/eu\/productos\/dolly\/dolly-clairex-wt-600\/\" \/>\n<meta property=\"og:locale\" content=\"en_US\" \/>\n<meta property=\"og:type\" content=\"article\" \/>\n<meta property=\"og:title\" content=\"DOLLY CLAIREX WT-600 - AKHONrent\" \/>\n<meta property=\"og:description\" content=\"El Dolly Clairex WT-600 es una plataforma de deslizamiento robusta y vers\u00e1til, dise\u00f1ada para ofrecer movimientos de c\u00e1mara suaves y profesionales. Ideal para producciones cinematogr\u00e1ficas, televisivas y eventos en directo, este dolly permite desplazamientos precisos y estables sobre ra\u00edles, mejorando la calidad de las tomas en cualquier entorno de rodaje.\" \/>\n<meta property=\"og:url\" content=\"https:\/\/akhonrent.eus\/eu\/productos\/dolly\/dolly-clairex-wt-600\/\" \/>\n<meta property=\"og:site_name\" content=\"AKHONrent\" \/>\n<meta property=\"article:modified_time\" content=\"2026-04-12T20:06:21+00:00\" \/>\n<meta property=\"og:image\" content=\"https:\/\/akhonrent.eus\/wp-content\/uploads\/2025\/03\/DOLLY-CLAIREX-WT-6001.jpeg\" \/>\n\t<meta property=\"og:image:width\" content=\"1920\" \/>\n\t<meta property=\"og:image:height\" content=\"1440\" \/>\n\t<meta property=\"og:image:type\" content=\"image\/jpeg\" \/>\n<meta name=\"twitter:card\" content=\"summary_large_image\" \/>\n<meta name=\"twitter:label1\" content=\"Est. reading time\" \/>\n\t<meta name=\"twitter:data1\" content=\"1 minutua\" \/>\n<script type=\"application\/ld+json\" class=\"yoast-schema-graph\">{\"@context\":\"https:\/\/schema.org\",\"@graph\":[{\"@type\":\"WebPage\",\"@id\":\"https:\/\/akhonrent.eus\/eu\/productos\/dolly\/dolly-clairex-wt-600\/\",\"url\":\"https:\/\/akhonrent.eus\/eu\/productos\/dolly\/dolly-clairex-wt-600\/\",\"name\":\"DOLLY CLAIREX WT-600 - AKHONrent\",\"isPartOf\":{\"@id\":\"https:\/\/akhonrent.eus\/#website\"},\"primaryImageOfPage\":{\"@id\":\"https:\/\/akhonrent.eus\/eu\/productos\/dolly\/dolly-clairex-wt-600\/#primaryimage\"},\"image\":{\"@id\":\"https:\/\/akhonrent.eus\/eu\/productos\/dolly\/dolly-clairex-wt-600\/#primaryimage\"},\"thumbnailUrl\":\"https:\/\/akhonrent.eus\/wp-content\/uploads\/2025\/03\/DOLLY-CLAIREX-WT-6001.jpeg\",\"datePublished\":\"2025-03-18T14:54:30+00:00\",\"dateModified\":\"2026-04-12T20:06:21+00:00\",\"breadcrumb\":{\"@id\":\"https:\/\/akhonrent.eus\/eu\/productos\/dolly\/dolly-clairex-wt-600\/#breadcrumb\"},\"inLanguage\":\"eu\",\"potentialAction\":[{\"@type\":\"ReadAction\",\"target\":[\"https:\/\/akhonrent.eus\/eu\/productos\/dolly\/dolly-clairex-wt-600\/\"]}]},{\"@type\":\"ImageObject\",\"inLanguage\":\"eu\",\"@id\":\"https:\/\/akhonrent.eus\/eu\/productos\/dolly\/dolly-clairex-wt-600\/#primaryimage\",\"url\":\"https:\/\/akhonrent.eus\/wp-content\/uploads\/2025\/03\/DOLLY-CLAIREX-WT-6001.jpeg\",\"contentUrl\":\"https:\/\/akhonrent.eus\/wp-content\/uploads\/2025\/03\/DOLLY-CLAIREX-WT-6001.jpeg\",\"width\":1920,\"height\":1440},{\"@type\":\"BreadcrumbList\",\"@id\":\"https:\/\/akhonrent.eus\/eu\/productos\/dolly\/dolly-clairex-wt-600\/#breadcrumb\",\"itemListElement\":[{\"@type\":\"ListItem\",\"position\":1,\"name\":\"Portada\",\"item\":\"https:\/\/akhonrent.eus\/\"},{\"@type\":\"ListItem\",\"position\":2,\"name\":\"Tienda\",\"item\":\"https:\/\/akhonrent.eus\/eu\/productos\/\"},{\"@type\":\"ListItem\",\"position\":3,\"name\":\"DOLLY CLAIREX WT-600\"}]},{\"@type\":\"WebSite\",\"@id\":\"https:\/\/akhonrent.eus\/#website\",\"url\":\"https:\/\/akhonrent.eus\/\",\"name\":\"AKHONrent\",\"description\":\"Alquiler de material audiovisual para empresas: sonido, iluminaci\u00f3n y video de alta calidad. Fiabilidad y asesoramiento de equipo de expertos\",\"publisher\":{\"@id\":\"https:\/\/akhonrent.eus\/#organization\"},\"potentialAction\":[{\"@type\":\"SearchAction\",\"target\":{\"@type\":\"EntryPoint\",\"urlTemplate\":\"https:\/\/akhonrent.eus\/?s={search_term_string}\"},\"query-input\":{\"@type\":\"PropertyValueSpecification\",\"valueRequired\":true,\"valueName\":\"search_term_string\"}}],\"inLanguage\":\"eu\"},{\"@type\":\"Organization\",\"@id\":\"https:\/\/akhonrent.eus\/#organization\",\"name\":\"AKHONrent\",\"url\":\"https:\/\/akhonrent.eus\/\",\"logo\":{\"@type\":\"ImageObject\",\"inLanguage\":\"eu\",\"@id\":\"https:\/\/akhonrent.eus\/#\/schema\/logo\/image\/\",\"url\":\"https:\/\/akhonrent.eus\/wp-content\/uploads\/2024\/06\/cropped-akhon-rent.png\",\"contentUrl\":\"https:\/\/akhonrent.eus\/wp-content\/uploads\/2024\/06\/cropped-akhon-rent.png\",\"width\":576,\"height\":192,\"caption\":\"AKHONrent\"},\"image\":{\"@id\":\"https:\/\/akhonrent.eus\/#\/schema\/logo\/image\/\"}}]}<\/script>\n<!-- \/ Yoast SEO plugin. -->","yoast_head_json":{"title":"DOLLY CLAIREX WT-600 - AKHONrent","robots":{"index":"index","follow":"follow","max-snippet":"max-snippet:-1","max-image-preview":"max-image-preview:large","max-video-preview":"max-video-preview:-1"},"canonical":"https:\/\/akhonrent.eus\/eu\/productos\/dolly\/dolly-clairex-wt-600\/","og_locale":"en_US","og_type":"article","og_title":"DOLLY CLAIREX WT-600 - AKHONrent","og_description":"El Dolly Clairex WT-600 es una plataforma de deslizamiento robusta y vers\u00e1til, dise\u00f1ada para ofrecer movimientos de c\u00e1mara suaves y profesionales. Ideal para producciones cinematogr\u00e1ficas, televisivas y eventos en directo, este dolly permite desplazamientos precisos y estables sobre ra\u00edles, mejorando la calidad de las tomas en cualquier entorno de rodaje.","og_url":"https:\/\/akhonrent.eus\/eu\/productos\/dolly\/dolly-clairex-wt-600\/","og_site_name":"AKHONrent","article_modified_time":"2026-04-12T20:06:21+00:00","og_image":[{"width":1920,"height":1440,"url":"https:\/\/akhonrent.eus\/wp-content\/uploads\/2025\/03\/DOLLY-CLAIREX-WT-6001.jpeg","type":"image\/jpeg"}],"twitter_card":"summary_large_image","twitter_misc":{"Est. reading time":"1 minutua"},"schema":{"@context":"https:\/\/schema.org","@graph":[{"@type":"WebPage","@id":"https:\/\/akhonrent.eus\/eu\/productos\/dolly\/dolly-clairex-wt-600\/","url":"https:\/\/akhonrent.eus\/eu\/productos\/dolly\/dolly-clairex-wt-600\/","name":"DOLLY CLAIREX WT-600 - AKHONrent","isPartOf":{"@id":"https:\/\/akhonrent.eus\/#website"},"primaryImageOfPage":{"@id":"https:\/\/akhonrent.eus\/eu\/productos\/dolly\/dolly-clairex-wt-600\/#primaryimage"},"image":{"@id":"https:\/\/akhonrent.eus\/eu\/productos\/dolly\/dolly-clairex-wt-600\/#primaryimage"},"thumbnailUrl":"https:\/\/akhonrent.eus\/wp-content\/uploads\/2025\/03\/DOLLY-CLAIREX-WT-6001.jpeg","datePublished":"2025-03-18T14:54:30+00:00","dateModified":"2026-04-12T20:06:21+00:00","breadcrumb":{"@id":"https:\/\/akhonrent.eus\/eu\/productos\/dolly\/dolly-clairex-wt-600\/#breadcrumb"},"inLanguage":"eu","potentialAction":[{"@type":"ReadAction","target":["https:\/\/akhonrent.eus\/eu\/productos\/dolly\/dolly-clairex-wt-600\/"]}]},{"@type":"ImageObject","inLanguage":"eu","@id":"https:\/\/akhonrent.eus\/eu\/productos\/dolly\/dolly-clairex-wt-600\/#primaryimage","url":"https:\/\/akhonrent.eus\/wp-content\/uploads\/2025\/03\/DOLLY-CLAIREX-WT-6001.jpeg","contentUrl":"https:\/\/akhonrent.eus\/wp-content\/uploads\/2025\/03\/DOLLY-CLAIREX-WT-6001.jpeg","width":1920,"height":1440},{"@type":"BreadcrumbList","@id":"https:\/\/akhonrent.eus\/eu\/productos\/dolly\/dolly-clairex-wt-600\/#breadcrumb","itemListElement":[{"@type":"ListItem","position":1,"name":"Portada","item":"https:\/\/akhonrent.eus\/"},{"@type":"ListItem","position":2,"name":"Tienda","item":"https:\/\/akhonrent.eus\/eu\/productos\/"},{"@type":"ListItem","position":3,"name":"DOLLY CLAIREX WT-600"}]},{"@type":"WebSite","@id":"https:\/\/akhonrent.eus\/#website","url":"https:\/\/akhonrent.eus\/","name":"AKHONrent","description":"Alquiler de material audiovisual para empresas: sonido, iluminaci\u00f3n y video de alta calidad. Fiabilidad y asesoramiento de equipo de expertos","publisher":{"@id":"https:\/\/akhonrent.eus\/#organization"},"potentialAction":[{"@type":"SearchAction","target":{"@type":"EntryPoint","urlTemplate":"https:\/\/akhonrent.eus\/?s={search_term_string}"},"query-input":{"@type":"PropertyValueSpecification","valueRequired":true,"valueName":"search_term_string"}}],"inLanguage":"eu"},{"@type":"Organization","@id":"https:\/\/akhonrent.eus\/#organization","name":"AKHONrent","url":"https:\/\/akhonrent.eus\/","logo":{"@type":"ImageObject","inLanguage":"eu","@id":"https:\/\/akhonrent.eus\/#\/schema\/logo\/image\/","url":"https:\/\/akhonrent.eus\/wp-content\/uploads\/2024\/06\/cropped-akhon-rent.png","contentUrl":"https:\/\/akhonrent.eus\/wp-content\/uploads\/2024\/06\/cropped-akhon-rent.png","width":576,"height":192,"caption":"AKHONrent"},"image":{"@id":"https:\/\/akhonrent.eus\/#\/schema\/logo\/image\/"}}]}},"_links":{"self":[{"href":"https:\/\/akhonrent.eus\/eu\/wp-json\/wp\/v2\/product\/2941","targetHints":{"allow":["GET"]}}],"collection":[{"href":"https:\/\/akhonrent.eus\/eu\/wp-json\/wp\/v2\/product"}],"about":[{"href":"https:\/\/akhonrent.eus\/eu\/wp-json\/wp\/v2\/types\/product"}],"replies":[{"embeddable":true,"href":"https:\/\/akhonrent.eus\/eu\/wp-json\/wp\/v2\/comments?post=2941"}],"wp:featuredmedia":[{"embeddable":true,"href":"https:\/\/akhonrent.eus\/eu\/wp-json\/wp\/v2\/media\/2942"}],"wp:attachment":[{"href":"https:\/\/akhonrent.eus\/eu\/wp-json\/wp\/v2\/media?parent=2941"}],"wp:term":[{"taxonomy":"product_brand","embeddable":true,"href":"https:\/\/akhonrent.eus\/eu\/wp-json\/wp\/v2\/product_brand?post=2941"},{"taxonomy":"product_cat","embeddable":true,"href":"https:\/\/akhonrent.eus\/eu\/wp-json\/wp\/v2\/product_cat?post=2941"},{"taxonomy":"product_tag","embeddable":true,"href":"https:\/\/akhonrent.eus\/eu\/wp-json\/wp\/v2\/product_tag?post=2941"}],"curies":[{"name":"wp","href":"https:\/\/api.w.org\/{rel}","templated":true}]}}