{"id":2973,"date":"2025-05-07T10:11:56","date_gmt":"2025-05-07T08:11:56","guid":{"rendered":"https:\/\/akhonrent.eus\/?post_type=product&#038;p=2973"},"modified":"2026-04-02T22:24:26","modified_gmt":"2026-04-02T20:24:26","slug":"bateria-v-mount-neewer-ps099e-mini","status":"publish","type":"product","link":"https:\/\/akhonrent.eus\/eu\/productos\/baterias\/bateria-v-mount-neewer-ps099e-mini\/","title":{"rendered":"BATERIA V-MOUNT NEEWER PS099E MINI"},"content":{"rendered":"<p>Bater\u00eda recargable de 6800 mAh : La bater\u00eda de litio LG integrada, con una gran capacidad de 6800 mAh (14,5 V\/99 Wh). Bater\u00eda de montura V con m\u00faltiples puertos : Carga simult\u00e1neamente varios dispositivos con una potencia de salida constante (hasta 100 W en total). Los puertos duales USB A y USB C (5,5 x 2,1 mm, CC 8 V y 5,5 x 2,5 mm, CC 12 V) y las interfaces BP y D-Tap son compatibles con la mayoria de c\u00e1maras de cine, monitores de campo y m\u00e1s. La bater\u00eda V-Mount cuenta con un sistema inteligente de gesti\u00f3n de bater\u00eda (BMS) que protege autom\u00e1ticamente contra cortocircuitos, sobretensi\u00f3n, sobrecorriente, sobrecarga y sobredescarga. Pesa tan solo 590 g (1,3 lb). Es f\u00e1cil de transportar en aerol\u00edneas.<\/p>","protected":false},"excerpt":{"rendered":"<p>Bater\u00eda recargable de 6800 mAh : La bater\u00eda de litio LG integrada, con una gran capacidad de 6800 mAh (14,5 V\/99 Wh). Bater\u00eda de montura V con m\u00faltiples puertos : Carga simult\u00e1neamente varios dispositivos con una potencia de salida constante (hasta 100 W en total). Los puertos duales USB A y USB C (5,5 x [&hellip;]<\/p>","protected":false},"featured_media":2974,"comment_status":"open","ping_status":"closed","template":"","meta":{"_acf_changed":false,"site-sidebar-layout":"default","site-content-layout":"","ast-site-content-layout":"default","site-content-style":"default","site-sidebar-style":"default","ast-global-header-display":"","ast-banner-title-visibility":"","ast-main-header-display":"","ast-hfb-above-header-display":"","ast-hfb-below-header-display":"","ast-hfb-mobile-header-display":"","site-post-title":"","ast-breadcrumbs-content":"","ast-featured-img":"","footer-sml-layout":"","theme-transparent-header-meta":"default","adv-header-id-meta":"","stick-header-meta":"","header-above-stick-meta":"","header-main-stick-meta":"","header-below-stick-meta":"","astra-migrate-meta-layouts":"set","ast-page-background-enabled":"default","ast-page-background-meta":{"desktop":{"background-color":"var(--ast-global-color-4)","background-image":"","background-repeat":"repeat","background-position":"center center","background-size":"auto","background-attachment":"scroll","background-type":"","background-media":"","overlay-type":"","overlay-color":"","overlay-opacity":"","overlay-gradient":""},"tablet":{"background-color":"","background-image":"","background-repeat":"repeat","background-position":"center center","background-size":"auto","background-attachment":"scroll","background-type":"","background-media":"","overlay-type":"","overlay-color":"","overlay-opacity":"","overlay-gradient":""},"mobile":{"background-color":"","background-image":"","background-repeat":"repeat","background-position":"center center","background-size":"auto","background-attachment":"scroll","background-type":"","background-media":"","overlay-type":"","overlay-color":"","overlay-opacity":"","overlay-gradient":""}},"ast-content-background-meta":{"desktop":{"background-color":"var(--ast-global-color-5)","background-image":"","background-repeat":"repeat","background-position":"center center","background-size":"auto","background-attachment":"scroll","background-type":"","background-media":"","overlay-type":"","overlay-color":"","overlay-opacity":"","overlay-gradient":""},"tablet":{"background-color":"var(--ast-global-color-5)","background-image":"","background-repeat":"repeat","background-position":"center center","background-size":"auto","background-attachment":"scroll","background-type":"","background-media":"","overlay-type":"","overlay-color":"","overlay-opacity":"","overlay-gradient":""},"mobile":{"background-color":"var(--ast-global-color-5)","background-image":"","background-repeat":"repeat","background-position":"center center","background-size":"auto","background-attachment":"scroll","background-type":"","background-media":"","overlay-type":"","overlay-color":"","overlay-opacity":"","overlay-gradient":""}}},"product_brand":[],"product_cat":[82],"product_tag":[],"class_list":{"0":"post-2973","1":"product","2":"type-product","3":"status-publish","4":"has-post-thumbnail","6":"product_cat-baterias","7":"desktop-align-left","8":"tablet-align-left","9":"mobile-align-left","11":"first","12":"instock","13":"taxable","14":"shipping-taxable","15":"purchasable","16":"product-type-simple"},"acf":[],"yoast_head":"<!-- This site is optimized with the Yoast SEO plugin v24.7 - https:\/\/yoast.com\/wordpress\/plugins\/seo\/ -->\n<title>BATERIA V-MOUNT NEEWER PS099E MINI - AKHONrent<\/title>\n<meta name=\"robots\" content=\"index, follow, max-snippet:-1, max-image-preview:large, max-video-preview:-1\" \/>\n<link rel=\"canonical\" href=\"https:\/\/akhonrent.eus\/eu\/productos\/baterias\/bateria-v-mount-neewer-ps099e-mini\/\" \/>\n<meta property=\"og:locale\" content=\"en_US\" \/>\n<meta property=\"og:type\" content=\"article\" \/>\n<meta property=\"og:title\" content=\"BATERIA V-MOUNT NEEWER PS099E MINI - AKHONrent\" \/>\n<meta property=\"og:description\" content=\"Bater\u00eda recargable de 6800 mAh : La bater\u00eda de litio LG integrada, con una gran capacidad de 6800 mAh (14,5 V\/99 Wh). Bater\u00eda de montura V con m\u00faltiples puertos : Carga simult\u00e1neamente varios dispositivos con una potencia de salida constante (hasta 100 W en total). Los puertos duales USB A y USB C (5,5 x [&hellip;]\" \/>\n<meta property=\"og:url\" content=\"https:\/\/akhonrent.eus\/eu\/productos\/baterias\/bateria-v-mount-neewer-ps099e-mini\/\" \/>\n<meta property=\"og:site_name\" content=\"AKHONrent\" \/>\n<meta property=\"article:modified_time\" content=\"2026-04-02T20:24:26+00:00\" \/>\n<meta property=\"og:image\" content=\"https:\/\/akhonrent.eus\/wp-content\/uploads\/2025\/05\/BATERIA-V-MOUNT-NEEWER-PS099E-MINI1.jpg\" \/>\n\t<meta property=\"og:image:width\" content=\"894\" \/>\n\t<meta property=\"og:image:height\" content=\"838\" \/>\n\t<meta property=\"og:image:type\" content=\"image\/jpeg\" \/>\n<meta name=\"twitter:card\" content=\"summary_large_image\" \/>\n<meta name=\"twitter:label1\" content=\"Est. reading time\" \/>\n\t<meta name=\"twitter:data1\" content=\"1 minutua\" \/>\n<script type=\"application\/ld+json\" class=\"yoast-schema-graph\">{\"@context\":\"https:\/\/schema.org\",\"@graph\":[{\"@type\":\"WebPage\",\"@id\":\"https:\/\/akhonrent.eus\/productos\/baterias\/bateria-v-mount-neewer-ps099e-mini\/\",\"url\":\"https:\/\/akhonrent.eus\/productos\/baterias\/bateria-v-mount-neewer-ps099e-mini\/\",\"name\":\"BATERIA V-MOUNT NEEWER PS099E MINI - AKHONrent\",\"isPartOf\":{\"@id\":\"https:\/\/akhonrent.eus\/#website\"},\"primaryImageOfPage\":{\"@id\":\"https:\/\/akhonrent.eus\/productos\/baterias\/bateria-v-mount-neewer-ps099e-mini\/#primaryimage\"},\"image\":{\"@id\":\"https:\/\/akhonrent.eus\/productos\/baterias\/bateria-v-mount-neewer-ps099e-mini\/#primaryimage\"},\"thumbnailUrl\":\"https:\/\/akhonrent.eus\/wp-content\/uploads\/2025\/05\/BATERIA-V-MOUNT-NEEWER-PS099E-MINI1.jpg\",\"datePublished\":\"2025-05-07T08:11:56+00:00\",\"dateModified\":\"2026-04-02T20:24:26+00:00\",\"breadcrumb\":{\"@id\":\"https:\/\/akhonrent.eus\/productos\/baterias\/bateria-v-mount-neewer-ps099e-mini\/#breadcrumb\"},\"inLanguage\":\"eu\",\"potentialAction\":[{\"@type\":\"ReadAction\",\"target\":[\"https:\/\/akhonrent.eus\/productos\/baterias\/bateria-v-mount-neewer-ps099e-mini\/\"]}]},{\"@type\":\"ImageObject\",\"inLanguage\":\"eu\",\"@id\":\"https:\/\/akhonrent.eus\/productos\/baterias\/bateria-v-mount-neewer-ps099e-mini\/#primaryimage\",\"url\":\"https:\/\/akhonrent.eus\/wp-content\/uploads\/2025\/05\/BATERIA-V-MOUNT-NEEWER-PS099E-MINI1.jpg\",\"contentUrl\":\"https:\/\/akhonrent.eus\/wp-content\/uploads\/2025\/05\/BATERIA-V-MOUNT-NEEWER-PS099E-MINI1.jpg\",\"width\":894,\"height\":838},{\"@type\":\"BreadcrumbList\",\"@id\":\"https:\/\/akhonrent.eus\/productos\/baterias\/bateria-v-mount-neewer-ps099e-mini\/#breadcrumb\",\"itemListElement\":[{\"@type\":\"ListItem\",\"position\":1,\"name\":\"Portada\",\"item\":\"https:\/\/akhonrent.eus\/\"},{\"@type\":\"ListItem\",\"position\":2,\"name\":\"Tienda\",\"item\":\"https:\/\/akhonrent.eus\/eu\/productos\/\"},{\"@type\":\"ListItem\",\"position\":3,\"name\":\"BATERIA V-MOUNT NEEWER PS099E MINI\"}]},{\"@type\":\"WebSite\",\"@id\":\"https:\/\/akhonrent.eus\/#website\",\"url\":\"https:\/\/akhonrent.eus\/\",\"name\":\"AKHONrent\",\"description\":\"Alquiler de material audiovisual para empresas: sonido, iluminaci\u00f3n y video de alta calidad. Fiabilidad y asesoramiento de equipo de expertos\",\"publisher\":{\"@id\":\"https:\/\/akhonrent.eus\/#organization\"},\"potentialAction\":[{\"@type\":\"SearchAction\",\"target\":{\"@type\":\"EntryPoint\",\"urlTemplate\":\"https:\/\/akhonrent.eus\/?s={search_term_string}\"},\"query-input\":{\"@type\":\"PropertyValueSpecification\",\"valueRequired\":true,\"valueName\":\"search_term_string\"}}],\"inLanguage\":\"eu\"},{\"@type\":\"Organization\",\"@id\":\"https:\/\/akhonrent.eus\/#organization\",\"name\":\"AKHONrent\",\"url\":\"https:\/\/akhonrent.eus\/\",\"logo\":{\"@type\":\"ImageObject\",\"inLanguage\":\"eu\",\"@id\":\"https:\/\/akhonrent.eus\/#\/schema\/logo\/image\/\",\"url\":\"https:\/\/akhonrent.eus\/wp-content\/uploads\/2024\/06\/cropped-akhon-rent.png\",\"contentUrl\":\"https:\/\/akhonrent.eus\/wp-content\/uploads\/2024\/06\/cropped-akhon-rent.png\",\"width\":576,\"height\":192,\"caption\":\"AKHONrent\"},\"image\":{\"@id\":\"https:\/\/akhonrent.eus\/#\/schema\/logo\/image\/\"}}]}<\/script>\n<!-- \/ Yoast SEO plugin. -->","yoast_head_json":{"title":"BATERIA V-MOUNT NEEWER PS099E MINI - AKHONrent","robots":{"index":"index","follow":"follow","max-snippet":"max-snippet:-1","max-image-preview":"max-image-preview:large","max-video-preview":"max-video-preview:-1"},"canonical":"https:\/\/akhonrent.eus\/eu\/productos\/baterias\/bateria-v-mount-neewer-ps099e-mini\/","og_locale":"en_US","og_type":"article","og_title":"BATERIA V-MOUNT NEEWER PS099E MINI - AKHONrent","og_description":"Bater\u00eda recargable de 6800 mAh : La bater\u00eda de litio LG integrada, con una gran capacidad de 6800 mAh (14,5 V\/99 Wh). Bater\u00eda de montura V con m\u00faltiples puertos : Carga simult\u00e1neamente varios dispositivos con una potencia de salida constante (hasta 100 W en total). Los puertos duales USB A y USB C (5,5 x [&hellip;]","og_url":"https:\/\/akhonrent.eus\/eu\/productos\/baterias\/bateria-v-mount-neewer-ps099e-mini\/","og_site_name":"AKHONrent","article_modified_time":"2026-04-02T20:24:26+00:00","og_image":[{"width":894,"height":838,"url":"https:\/\/akhonrent.eus\/wp-content\/uploads\/2025\/05\/BATERIA-V-MOUNT-NEEWER-PS099E-MINI1.jpg","type":"image\/jpeg"}],"twitter_card":"summary_large_image","twitter_misc":{"Est. reading time":"1 minutua"},"schema":{"@context":"https:\/\/schema.org","@graph":[{"@type":"WebPage","@id":"https:\/\/akhonrent.eus\/productos\/baterias\/bateria-v-mount-neewer-ps099e-mini\/","url":"https:\/\/akhonrent.eus\/productos\/baterias\/bateria-v-mount-neewer-ps099e-mini\/","name":"BATERIA V-MOUNT NEEWER PS099E MINI - AKHONrent","isPartOf":{"@id":"https:\/\/akhonrent.eus\/#website"},"primaryImageOfPage":{"@id":"https:\/\/akhonrent.eus\/productos\/baterias\/bateria-v-mount-neewer-ps099e-mini\/#primaryimage"},"image":{"@id":"https:\/\/akhonrent.eus\/productos\/baterias\/bateria-v-mount-neewer-ps099e-mini\/#primaryimage"},"thumbnailUrl":"https:\/\/akhonrent.eus\/wp-content\/uploads\/2025\/05\/BATERIA-V-MOUNT-NEEWER-PS099E-MINI1.jpg","datePublished":"2025-05-07T08:11:56+00:00","dateModified":"2026-04-02T20:24:26+00:00","breadcrumb":{"@id":"https:\/\/akhonrent.eus\/productos\/baterias\/bateria-v-mount-neewer-ps099e-mini\/#breadcrumb"},"inLanguage":"eu","potentialAction":[{"@type":"ReadAction","target":["https:\/\/akhonrent.eus\/productos\/baterias\/bateria-v-mount-neewer-ps099e-mini\/"]}]},{"@type":"ImageObject","inLanguage":"eu","@id":"https:\/\/akhonrent.eus\/productos\/baterias\/bateria-v-mount-neewer-ps099e-mini\/#primaryimage","url":"https:\/\/akhonrent.eus\/wp-content\/uploads\/2025\/05\/BATERIA-V-MOUNT-NEEWER-PS099E-MINI1.jpg","contentUrl":"https:\/\/akhonrent.eus\/wp-content\/uploads\/2025\/05\/BATERIA-V-MOUNT-NEEWER-PS099E-MINI1.jpg","width":894,"height":838},{"@type":"BreadcrumbList","@id":"https:\/\/akhonrent.eus\/productos\/baterias\/bateria-v-mount-neewer-ps099e-mini\/#breadcrumb","itemListElement":[{"@type":"ListItem","position":1,"name":"Portada","item":"https:\/\/akhonrent.eus\/"},{"@type":"ListItem","position":2,"name":"Tienda","item":"https:\/\/akhonrent.eus\/eu\/productos\/"},{"@type":"ListItem","position":3,"name":"BATERIA V-MOUNT NEEWER PS099E MINI"}]},{"@type":"WebSite","@id":"https:\/\/akhonrent.eus\/#website","url":"https:\/\/akhonrent.eus\/","name":"AKHONrent","description":"Alquiler de material audiovisual para empresas: sonido, iluminaci\u00f3n y video de alta calidad. Fiabilidad y asesoramiento de equipo de expertos","publisher":{"@id":"https:\/\/akhonrent.eus\/#organization"},"potentialAction":[{"@type":"SearchAction","target":{"@type":"EntryPoint","urlTemplate":"https:\/\/akhonrent.eus\/?s={search_term_string}"},"query-input":{"@type":"PropertyValueSpecification","valueRequired":true,"valueName":"search_term_string"}}],"inLanguage":"eu"},{"@type":"Organization","@id":"https:\/\/akhonrent.eus\/#organization","name":"AKHONrent","url":"https:\/\/akhonrent.eus\/","logo":{"@type":"ImageObject","inLanguage":"eu","@id":"https:\/\/akhonrent.eus\/#\/schema\/logo\/image\/","url":"https:\/\/akhonrent.eus\/wp-content\/uploads\/2024\/06\/cropped-akhon-rent.png","contentUrl":"https:\/\/akhonrent.eus\/wp-content\/uploads\/2024\/06\/cropped-akhon-rent.png","width":576,"height":192,"caption":"AKHONrent"},"image":{"@id":"https:\/\/akhonrent.eus\/#\/schema\/logo\/image\/"}}]}},"_links":{"self":[{"href":"https:\/\/akhonrent.eus\/eu\/wp-json\/wp\/v2\/product\/2973","targetHints":{"allow":["GET"]}}],"collection":[{"href":"https:\/\/akhonrent.eus\/eu\/wp-json\/wp\/v2\/product"}],"about":[{"href":"https:\/\/akhonrent.eus\/eu\/wp-json\/wp\/v2\/types\/product"}],"replies":[{"embeddable":true,"href":"https:\/\/akhonrent.eus\/eu\/wp-json\/wp\/v2\/comments?post=2973"}],"wp:featuredmedia":[{"embeddable":true,"href":"https:\/\/akhonrent.eus\/eu\/wp-json\/wp\/v2\/media\/2974"}],"wp:attachment":[{"href":"https:\/\/akhonrent.eus\/eu\/wp-json\/wp\/v2\/media?parent=2973"}],"wp:term":[{"taxonomy":"product_brand","embeddable":true,"href":"https:\/\/akhonrent.eus\/eu\/wp-json\/wp\/v2\/product_brand?post=2973"},{"taxonomy":"product_cat","embeddable":true,"href":"https:\/\/akhonrent.eus\/eu\/wp-json\/wp\/v2\/product_cat?post=2973"},{"taxonomy":"product_tag","embeddable":true,"href":"https:\/\/akhonrent.eus\/eu\/wp-json\/wp\/v2\/product_tag?post=2973"}],"curies":[{"name":"wp","href":"https:\/\/api.w.org\/{rel}","templated":true}]}}