{"id":2975,"date":"2025-05-07T10:17:25","date_gmt":"2025-05-07T08:17:25","guid":{"rendered":"https:\/\/akhonrent.eus\/?post_type=product&#038;p=2975"},"modified":"2025-05-07T10:17:25","modified_gmt":"2025-05-07T08:17:25","slug":"bateria-v-mount-swit-s-8192s","status":"publish","type":"product","link":"https:\/\/akhonrent.eus\/eu\/productos\/baterias\/bateria-v-mount-swit-s-8192s\/","title":{"rendered":"BATERIA V-MOUNT SWIT S-8192S"},"content":{"rendered":"<p>Bater\u00eda de gran capacidad, Autorizada por IATA. Puesto que las bater\u00edas de gran capacidad son absolutamente necesarias, SWIT proporciona la soluci\u00f3n de la bater\u00eda divisible para cumplir con regulaciones de IATA. Se puede dividir en 2 partes, cada parte contiene 92Wh capacidad, no restringida por el transporte a\u00e9reo. Cuando se utiliza S-8192S, al montar las 2 partes, puede obtener una bater\u00eda de ion-litio de 184Wh de gran capacidad. El S-8192S proporciona una bater\u00eda de 20 pilas tipo 18650, alcanza 184Wh\/12.8Ah, puede funcionar aproximadamente 6 horas en c\u00e1maras ENG normales de 30W. Dispone de conector D-tap de salida DC en la parte superior de la bater\u00eda S-8192S, para conexi\u00f3n de salida DC14.4V (Nominal), la potencia m\u00e1xima de D-tap es 100W, 8A.<\/p>","protected":false},"excerpt":{"rendered":"<p>Bater\u00eda de gran capacidad, Autorizada por IATA. Puesto que las bater\u00edas de gran capacidad son absolutamente necesarias, SWIT proporciona la soluci\u00f3n de la bater\u00eda divisible para cumplir con regulaciones de IATA. Se puede dividir en 2 partes, cada parte contiene 92Wh capacidad, no restringida por el transporte a\u00e9reo. Cuando se utiliza S-8192S, al montar las [&hellip;]<\/p>","protected":false},"featured_media":2976,"comment_status":"open","ping_status":"closed","template":"","meta":{"_acf_changed":false,"site-sidebar-layout":"default","site-content-layout":"","ast-site-content-layout":"default","site-content-style":"default","site-sidebar-style":"default","ast-global-header-display":"","ast-banner-title-visibility":"","ast-main-header-display":"","ast-hfb-above-header-display":"","ast-hfb-below-header-display":"","ast-hfb-mobile-header-display":"","site-post-title":"","ast-breadcrumbs-content":"","ast-featured-img":"","footer-sml-layout":"","theme-transparent-header-meta":"default","adv-header-id-meta":"","stick-header-meta":"","header-above-stick-meta":"","header-main-stick-meta":"","header-below-stick-meta":"","astra-migrate-meta-layouts":"set","ast-page-background-enabled":"default","ast-page-background-meta":{"desktop":{"background-color":"var(--ast-global-color-4)","background-image":"","background-repeat":"repeat","background-position":"center center","background-size":"auto","background-attachment":"scroll","background-type":"","background-media":"","overlay-type":"","overlay-color":"","overlay-opacity":"","overlay-gradient":""},"tablet":{"background-color":"","background-image":"","background-repeat":"repeat","background-position":"center center","background-size":"auto","background-attachment":"scroll","background-type":"","background-media":"","overlay-type":"","overlay-color":"","overlay-opacity":"","overlay-gradient":""},"mobile":{"background-color":"","background-image":"","background-repeat":"repeat","background-position":"center center","background-size":"auto","background-attachment":"scroll","background-type":"","background-media":"","overlay-type":"","overlay-color":"","overlay-opacity":"","overlay-gradient":""}},"ast-content-background-meta":{"desktop":{"background-color":"var(--ast-global-color-5)","background-image":"","background-repeat":"repeat","background-position":"center center","background-size":"auto","background-attachment":"scroll","background-type":"","background-media":"","overlay-type":"","overlay-color":"","overlay-opacity":"","overlay-gradient":""},"tablet":{"background-color":"var(--ast-global-color-5)","background-image":"","background-repeat":"repeat","background-position":"center center","background-size":"auto","background-attachment":"scroll","background-type":"","background-media":"","overlay-type":"","overlay-color":"","overlay-opacity":"","overlay-gradient":""},"mobile":{"background-color":"var(--ast-global-color-5)","background-image":"","background-repeat":"repeat","background-position":"center center","background-size":"auto","background-attachment":"scroll","background-type":"","background-media":"","overlay-type":"","overlay-color":"","overlay-opacity":"","overlay-gradient":""}}},"product_brand":[],"product_cat":[82],"product_tag":[],"class_list":{"0":"post-2975","1":"product","2":"type-product","3":"status-publish","4":"has-post-thumbnail","6":"product_cat-baterias","7":"desktop-align-left","8":"tablet-align-left","9":"mobile-align-left","11":"first","12":"instock","13":"taxable","14":"shipping-taxable","15":"purchasable","16":"product-type-simple"},"acf":[],"yoast_head":"<!-- This site is optimized with the Yoast SEO plugin v24.7 - https:\/\/yoast.com\/wordpress\/plugins\/seo\/ -->\n<title>BATERIA V-MOUNT SWIT S-8192S - AKHONrent<\/title>\n<meta name=\"robots\" content=\"index, follow, max-snippet:-1, max-image-preview:large, max-video-preview:-1\" \/>\n<link rel=\"canonical\" href=\"https:\/\/akhonrent.eus\/eu\/productos\/baterias\/bateria-v-mount-swit-s-8192s\/\" \/>\n<meta property=\"og:locale\" content=\"en_US\" \/>\n<meta property=\"og:type\" content=\"article\" \/>\n<meta property=\"og:title\" content=\"BATERIA V-MOUNT SWIT S-8192S - AKHONrent\" \/>\n<meta property=\"og:description\" content=\"Bater\u00eda de gran capacidad, Autorizada por IATA. Puesto que las bater\u00edas de gran capacidad son absolutamente necesarias, SWIT proporciona la soluci\u00f3n de la bater\u00eda divisible para cumplir con regulaciones de IATA. Se puede dividir en 2 partes, cada parte contiene 92Wh capacidad, no restringida por el transporte a\u00e9reo. Cuando se utiliza S-8192S, al montar las [&hellip;]\" \/>\n<meta property=\"og:url\" content=\"https:\/\/akhonrent.eus\/eu\/productos\/baterias\/bateria-v-mount-swit-s-8192s\/\" \/>\n<meta property=\"og:site_name\" content=\"AKHONrent\" \/>\n<meta property=\"og:image\" content=\"https:\/\/akhonrent.eus\/wp-content\/uploads\/2025\/05\/BATERIA-V-MOUNT-SWIT-S-8192S1.jpg\" \/>\n\t<meta property=\"og:image:width\" content=\"455\" \/>\n\t<meta property=\"og:image:height\" content=\"455\" \/>\n\t<meta property=\"og:image:type\" content=\"image\/jpeg\" \/>\n<meta name=\"twitter:card\" content=\"summary_large_image\" \/>\n<meta name=\"twitter:label1\" content=\"Est. reading time\" \/>\n\t<meta name=\"twitter:data1\" content=\"1 minutua\" \/>\n<script type=\"application\/ld+json\" class=\"yoast-schema-graph\">{\"@context\":\"https:\/\/schema.org\",\"@graph\":[{\"@type\":\"WebPage\",\"@id\":\"https:\/\/akhonrent.eus\/productos\/baterias\/bateria-v-mount-swit-s-8192s\/\",\"url\":\"https:\/\/akhonrent.eus\/productos\/baterias\/bateria-v-mount-swit-s-8192s\/\",\"name\":\"BATERIA V-MOUNT SWIT S-8192S - AKHONrent\",\"isPartOf\":{\"@id\":\"http:\/\/akhonrent.eus\/#website\"},\"primaryImageOfPage\":{\"@id\":\"https:\/\/akhonrent.eus\/productos\/baterias\/bateria-v-mount-swit-s-8192s\/#primaryimage\"},\"image\":{\"@id\":\"https:\/\/akhonrent.eus\/productos\/baterias\/bateria-v-mount-swit-s-8192s\/#primaryimage\"},\"thumbnailUrl\":\"https:\/\/akhonrent.eus\/wp-content\/uploads\/2025\/05\/BATERIA-V-MOUNT-SWIT-S-8192S1.jpg\",\"datePublished\":\"2025-05-07T08:17:25+00:00\",\"breadcrumb\":{\"@id\":\"https:\/\/akhonrent.eus\/productos\/baterias\/bateria-v-mount-swit-s-8192s\/#breadcrumb\"},\"inLanguage\":\"eu\",\"potentialAction\":[{\"@type\":\"ReadAction\",\"target\":[\"https:\/\/akhonrent.eus\/productos\/baterias\/bateria-v-mount-swit-s-8192s\/\"]}]},{\"@type\":\"ImageObject\",\"inLanguage\":\"eu\",\"@id\":\"https:\/\/akhonrent.eus\/productos\/baterias\/bateria-v-mount-swit-s-8192s\/#primaryimage\",\"url\":\"https:\/\/akhonrent.eus\/wp-content\/uploads\/2025\/05\/BATERIA-V-MOUNT-SWIT-S-8192S1.jpg\",\"contentUrl\":\"https:\/\/akhonrent.eus\/wp-content\/uploads\/2025\/05\/BATERIA-V-MOUNT-SWIT-S-8192S1.jpg\",\"width\":455,\"height\":455},{\"@type\":\"BreadcrumbList\",\"@id\":\"https:\/\/akhonrent.eus\/productos\/baterias\/bateria-v-mount-swit-s-8192s\/#breadcrumb\",\"itemListElement\":[{\"@type\":\"ListItem\",\"position\":1,\"name\":\"Portada\",\"item\":\"http:\/\/akhonrent.eus\/\"},{\"@type\":\"ListItem\",\"position\":2,\"name\":\"Tienda\",\"item\":\"http:\/\/akhonrent.eus\/productos\/\"},{\"@type\":\"ListItem\",\"position\":3,\"name\":\"BATERIA V-MOUNT SWIT S-8192S\"}]},{\"@type\":\"WebSite\",\"@id\":\"http:\/\/akhonrent.eus\/#website\",\"url\":\"http:\/\/akhonrent.eus\/\",\"name\":\"AKHONrent\",\"description\":\"Alquiler de material audiovisual para empresas: sonido, iluminaci\u00f3n y video de alta calidad. Fiabilidad y asesoramiento de equipo de expertos\",\"publisher\":{\"@id\":\"http:\/\/akhonrent.eus\/#organization\"},\"potentialAction\":[{\"@type\":\"SearchAction\",\"target\":{\"@type\":\"EntryPoint\",\"urlTemplate\":\"http:\/\/akhonrent.eus\/?s={search_term_string}\"},\"query-input\":{\"@type\":\"PropertyValueSpecification\",\"valueRequired\":true,\"valueName\":\"search_term_string\"}}],\"inLanguage\":\"eu\"},{\"@type\":\"Organization\",\"@id\":\"http:\/\/akhonrent.eus\/#organization\",\"name\":\"AKHONrent\",\"url\":\"http:\/\/akhonrent.eus\/\",\"logo\":{\"@type\":\"ImageObject\",\"inLanguage\":\"eu\",\"@id\":\"http:\/\/akhonrent.eus\/#\/schema\/logo\/image\/\",\"url\":\"https:\/\/akhonrent.eus\/wp-content\/uploads\/2024\/06\/cropped-akhon-rent.png\",\"contentUrl\":\"https:\/\/akhonrent.eus\/wp-content\/uploads\/2024\/06\/cropped-akhon-rent.png\",\"width\":576,\"height\":192,\"caption\":\"AKHONrent\"},\"image\":{\"@id\":\"http:\/\/akhonrent.eus\/#\/schema\/logo\/image\/\"}}]}<\/script>\n<!-- \/ Yoast SEO plugin. -->","yoast_head_json":{"title":"BATERIA V-MOUNT SWIT S-8192S - AKHONrent","robots":{"index":"index","follow":"follow","max-snippet":"max-snippet:-1","max-image-preview":"max-image-preview:large","max-video-preview":"max-video-preview:-1"},"canonical":"https:\/\/akhonrent.eus\/eu\/productos\/baterias\/bateria-v-mount-swit-s-8192s\/","og_locale":"en_US","og_type":"article","og_title":"BATERIA V-MOUNT SWIT S-8192S - AKHONrent","og_description":"Bater\u00eda de gran capacidad, Autorizada por IATA. Puesto que las bater\u00edas de gran capacidad son absolutamente necesarias, SWIT proporciona la soluci\u00f3n de la bater\u00eda divisible para cumplir con regulaciones de IATA. Se puede dividir en 2 partes, cada parte contiene 92Wh capacidad, no restringida por el transporte a\u00e9reo. Cuando se utiliza S-8192S, al montar las [&hellip;]","og_url":"https:\/\/akhonrent.eus\/eu\/productos\/baterias\/bateria-v-mount-swit-s-8192s\/","og_site_name":"AKHONrent","og_image":[{"width":455,"height":455,"url":"https:\/\/akhonrent.eus\/wp-content\/uploads\/2025\/05\/BATERIA-V-MOUNT-SWIT-S-8192S1.jpg","type":"image\/jpeg"}],"twitter_card":"summary_large_image","twitter_misc":{"Est. reading time":"1 minutua"},"schema":{"@context":"https:\/\/schema.org","@graph":[{"@type":"WebPage","@id":"https:\/\/akhonrent.eus\/productos\/baterias\/bateria-v-mount-swit-s-8192s\/","url":"https:\/\/akhonrent.eus\/productos\/baterias\/bateria-v-mount-swit-s-8192s\/","name":"BATERIA V-MOUNT SWIT S-8192S - AKHONrent","isPartOf":{"@id":"http:\/\/akhonrent.eus\/#website"},"primaryImageOfPage":{"@id":"https:\/\/akhonrent.eus\/productos\/baterias\/bateria-v-mount-swit-s-8192s\/#primaryimage"},"image":{"@id":"https:\/\/akhonrent.eus\/productos\/baterias\/bateria-v-mount-swit-s-8192s\/#primaryimage"},"thumbnailUrl":"https:\/\/akhonrent.eus\/wp-content\/uploads\/2025\/05\/BATERIA-V-MOUNT-SWIT-S-8192S1.jpg","datePublished":"2025-05-07T08:17:25+00:00","breadcrumb":{"@id":"https:\/\/akhonrent.eus\/productos\/baterias\/bateria-v-mount-swit-s-8192s\/#breadcrumb"},"inLanguage":"eu","potentialAction":[{"@type":"ReadAction","target":["https:\/\/akhonrent.eus\/productos\/baterias\/bateria-v-mount-swit-s-8192s\/"]}]},{"@type":"ImageObject","inLanguage":"eu","@id":"https:\/\/akhonrent.eus\/productos\/baterias\/bateria-v-mount-swit-s-8192s\/#primaryimage","url":"https:\/\/akhonrent.eus\/wp-content\/uploads\/2025\/05\/BATERIA-V-MOUNT-SWIT-S-8192S1.jpg","contentUrl":"https:\/\/akhonrent.eus\/wp-content\/uploads\/2025\/05\/BATERIA-V-MOUNT-SWIT-S-8192S1.jpg","width":455,"height":455},{"@type":"BreadcrumbList","@id":"https:\/\/akhonrent.eus\/productos\/baterias\/bateria-v-mount-swit-s-8192s\/#breadcrumb","itemListElement":[{"@type":"ListItem","position":1,"name":"Portada","item":"http:\/\/akhonrent.eus\/"},{"@type":"ListItem","position":2,"name":"Tienda","item":"http:\/\/akhonrent.eus\/productos\/"},{"@type":"ListItem","position":3,"name":"BATERIA V-MOUNT SWIT S-8192S"}]},{"@type":"WebSite","@id":"http:\/\/akhonrent.eus\/#website","url":"http:\/\/akhonrent.eus\/","name":"AKHONrent","description":"Alquiler de material audiovisual para empresas: sonido, iluminaci\u00f3n y video de alta calidad. Fiabilidad y asesoramiento de equipo de expertos","publisher":{"@id":"http:\/\/akhonrent.eus\/#organization"},"potentialAction":[{"@type":"SearchAction","target":{"@type":"EntryPoint","urlTemplate":"http:\/\/akhonrent.eus\/?s={search_term_string}"},"query-input":{"@type":"PropertyValueSpecification","valueRequired":true,"valueName":"search_term_string"}}],"inLanguage":"eu"},{"@type":"Organization","@id":"http:\/\/akhonrent.eus\/#organization","name":"AKHONrent","url":"http:\/\/akhonrent.eus\/","logo":{"@type":"ImageObject","inLanguage":"eu","@id":"http:\/\/akhonrent.eus\/#\/schema\/logo\/image\/","url":"https:\/\/akhonrent.eus\/wp-content\/uploads\/2024\/06\/cropped-akhon-rent.png","contentUrl":"https:\/\/akhonrent.eus\/wp-content\/uploads\/2024\/06\/cropped-akhon-rent.png","width":576,"height":192,"caption":"AKHONrent"},"image":{"@id":"http:\/\/akhonrent.eus\/#\/schema\/logo\/image\/"}}]}},"_links":{"self":[{"href":"https:\/\/akhonrent.eus\/eu\/wp-json\/wp\/v2\/product\/2975","targetHints":{"allow":["GET"]}}],"collection":[{"href":"https:\/\/akhonrent.eus\/eu\/wp-json\/wp\/v2\/product"}],"about":[{"href":"https:\/\/akhonrent.eus\/eu\/wp-json\/wp\/v2\/types\/product"}],"replies":[{"embeddable":true,"href":"https:\/\/akhonrent.eus\/eu\/wp-json\/wp\/v2\/comments?post=2975"}],"wp:featuredmedia":[{"embeddable":true,"href":"https:\/\/akhonrent.eus\/eu\/wp-json\/wp\/v2\/media\/2976"}],"wp:attachment":[{"href":"https:\/\/akhonrent.eus\/eu\/wp-json\/wp\/v2\/media?parent=2975"}],"wp:term":[{"taxonomy":"product_brand","embeddable":true,"href":"https:\/\/akhonrent.eus\/eu\/wp-json\/wp\/v2\/product_brand?post=2975"},{"taxonomy":"product_cat","embeddable":true,"href":"https:\/\/akhonrent.eus\/eu\/wp-json\/wp\/v2\/product_cat?post=2975"},{"taxonomy":"product_tag","embeddable":true,"href":"https:\/\/akhonrent.eus\/eu\/wp-json\/wp\/v2\/product_tag?post=2975"}],"curies":[{"name":"wp","href":"https:\/\/api.w.org\/{rel}","templated":true}]}}