{"id":2980,"date":"2025-05-07T10:20:23","date_gmt":"2025-05-07T08:20:23","guid":{"rendered":"https:\/\/akhonrent.eus\/?post_type=product&#038;p=2980"},"modified":"2025-05-07T11:49:29","modified_gmt":"2025-05-07T09:49:29","slug":"teradek-prism-801-base-rack-para-3-tarjetas","status":"publish","type":"product","link":"https:\/\/akhonrent.eus\/eu\/productos\/sistemas-4g-5g-satelital\/teradek-prism-801-base-rack-para-3-tarjetas\/","title":{"rendered":"TERADEK PRISM 801 BASE RACK PARA 3 TARJETAS"},"content":{"rendered":"<p>Teradek Prism 801 es un sistema flexible con montura rack para la transmisi\u00f3n de v\u00eddeo con montura de chasis 1RU. Admite hasta 3 tarjetas codificadoras y \/ o decodificadoras Prism Puertos Ethernet dobles. Prism Rack le ofrece transmisi\u00f3n de video HDR de hasta 4K de 10 bits con codificaci\u00f3n y decodificaci\u00f3n de alta densidad para transmisiones en vivo desde su sala de servidores, cami\u00f3n de producci\u00f3n o fly- pack m\u00f3vil. Ultrafiable, latencia ultrabaja y alt\u00edsima calidad: Prism cumple en todos los aspectos. Transmite en HEVC o AVC y selecciona entre una amplia gama de protocolos para enviar tu se\u00f1al de video a OVPS, CDN, decodificadores, soluciones de software y m\u00e1s.<\/p>","protected":false},"excerpt":{"rendered":"<p>Teradek Prism 801 es un sistema flexible con montura rack para la transmisi\u00f3n de v\u00eddeo con montura de chasis 1RU. Admite hasta 3 tarjetas codificadoras y \/ o decodificadoras Prism Puertos Ethernet dobles. Prism Rack le ofrece transmisi\u00f3n de video HDR de hasta 4K de 10 bits con codificaci\u00f3n y decodificaci\u00f3n de alta densidad para [&hellip;]<\/p>","protected":false},"featured_media":2981,"comment_status":"open","ping_status":"closed","template":"","meta":{"_acf_changed":false,"site-sidebar-layout":"default","site-content-layout":"","ast-site-content-layout":"default","site-content-style":"default","site-sidebar-style":"default","ast-global-header-display":"","ast-banner-title-visibility":"","ast-main-header-display":"","ast-hfb-above-header-display":"","ast-hfb-below-header-display":"","ast-hfb-mobile-header-display":"","site-post-title":"","ast-breadcrumbs-content":"","ast-featured-img":"","footer-sml-layout":"","theme-transparent-header-meta":"default","adv-header-id-meta":"","stick-header-meta":"","header-above-stick-meta":"","header-main-stick-meta":"","header-below-stick-meta":"","astra-migrate-meta-layouts":"set","ast-page-background-enabled":"default","ast-page-background-meta":{"desktop":{"background-color":"var(--ast-global-color-4)","background-image":"","background-repeat":"repeat","background-position":"center center","background-size":"auto","background-attachment":"scroll","background-type":"","background-media":"","overlay-type":"","overlay-color":"","overlay-opacity":"","overlay-gradient":""},"tablet":{"background-color":"","background-image":"","background-repeat":"repeat","background-position":"center center","background-size":"auto","background-attachment":"scroll","background-type":"","background-media":"","overlay-type":"","overlay-color":"","overlay-opacity":"","overlay-gradient":""},"mobile":{"background-color":"","background-image":"","background-repeat":"repeat","background-position":"center center","background-size":"auto","background-attachment":"scroll","background-type":"","background-media":"","overlay-type":"","overlay-color":"","overlay-opacity":"","overlay-gradient":""}},"ast-content-background-meta":{"desktop":{"background-color":"var(--ast-global-color-5)","background-image":"","background-repeat":"repeat","background-position":"center center","background-size":"auto","background-attachment":"scroll","background-type":"","background-media":"","overlay-type":"","overlay-color":"","overlay-opacity":"","overlay-gradient":""},"tablet":{"background-color":"var(--ast-global-color-5)","background-image":"","background-repeat":"repeat","background-position":"center center","background-size":"auto","background-attachment":"scroll","background-type":"","background-media":"","overlay-type":"","overlay-color":"","overlay-opacity":"","overlay-gradient":""},"mobile":{"background-color":"var(--ast-global-color-5)","background-image":"","background-repeat":"repeat","background-position":"center center","background-size":"auto","background-attachment":"scroll","background-type":"","background-media":"","overlay-type":"","overlay-color":"","overlay-opacity":"","overlay-gradient":""}}},"product_brand":[],"product_cat":[75],"product_tag":[],"class_list":{"0":"post-2980","1":"product","2":"type-product","3":"status-publish","4":"has-post-thumbnail","6":"product_cat-sistemas-4g-5g-satelital","7":"desktop-align-left","8":"tablet-align-left","9":"mobile-align-left","11":"first","12":"instock","13":"taxable","14":"shipping-taxable","15":"purchasable","16":"product-type-simple"},"acf":[],"yoast_head":"<!-- This site is optimized with the Yoast SEO plugin v24.7 - https:\/\/yoast.com\/wordpress\/plugins\/seo\/ -->\n<title>TERADEK PRISM 801 BASE RACK PARA 3 TARJETAS - AKHONrent<\/title>\n<meta name=\"robots\" content=\"index, follow, max-snippet:-1, max-image-preview:large, max-video-preview:-1\" \/>\n<link rel=\"canonical\" href=\"https:\/\/akhonrent.eus\/eu\/productos\/sistemas-4g-5g-satelital\/teradek-prism-801-base-rack-para-3-tarjetas\/\" \/>\n<meta property=\"og:locale\" content=\"en_US\" \/>\n<meta property=\"og:type\" content=\"article\" \/>\n<meta property=\"og:title\" content=\"TERADEK PRISM 801 BASE RACK PARA 3 TARJETAS - AKHONrent\" \/>\n<meta property=\"og:description\" content=\"Teradek Prism 801 es un sistema flexible con montura rack para la transmisi\u00f3n de v\u00eddeo con montura de chasis 1RU. Admite hasta 3 tarjetas codificadoras y \/ o decodificadoras Prism Puertos Ethernet dobles. Prism Rack le ofrece transmisi\u00f3n de video HDR de hasta 4K de 10 bits con codificaci\u00f3n y decodificaci\u00f3n de alta densidad para [&hellip;]\" \/>\n<meta property=\"og:url\" content=\"https:\/\/akhonrent.eus\/eu\/productos\/sistemas-4g-5g-satelital\/teradek-prism-801-base-rack-para-3-tarjetas\/\" \/>\n<meta property=\"og:site_name\" content=\"AKHONrent\" \/>\n<meta property=\"article:modified_time\" content=\"2025-05-07T09:49:29+00:00\" \/>\n<meta property=\"og:image\" content=\"https:\/\/akhonrent.eus\/wp-content\/uploads\/2025\/05\/TERADEK-PRISM-801-BASE-RACK-PARA-3-TARJETAS-1.jpg\" \/>\n\t<meta property=\"og:image:width\" content=\"855\" \/>\n\t<meta property=\"og:image:height\" content=\"222\" \/>\n\t<meta property=\"og:image:type\" content=\"image\/jpeg\" \/>\n<meta name=\"twitter:card\" content=\"summary_large_image\" \/>\n<meta name=\"twitter:label1\" content=\"Est. reading time\" \/>\n\t<meta name=\"twitter:data1\" content=\"1 minutua\" \/>\n<script type=\"application\/ld+json\" class=\"yoast-schema-graph\">{\"@context\":\"https:\/\/schema.org\",\"@graph\":[{\"@type\":\"WebPage\",\"@id\":\"https:\/\/akhonrent.eus\/productos\/sistemas-4g-5g-satelital\/teradek-prism-801-base-rack-para-3-tarjetas\/\",\"url\":\"https:\/\/akhonrent.eus\/productos\/sistemas-4g-5g-satelital\/teradek-prism-801-base-rack-para-3-tarjetas\/\",\"name\":\"TERADEK PRISM 801 BASE RACK PARA 3 TARJETAS - AKHONrent\",\"isPartOf\":{\"@id\":\"https:\/\/akhonrent.eus\/#website\"},\"primaryImageOfPage\":{\"@id\":\"https:\/\/akhonrent.eus\/productos\/sistemas-4g-5g-satelital\/teradek-prism-801-base-rack-para-3-tarjetas\/#primaryimage\"},\"image\":{\"@id\":\"https:\/\/akhonrent.eus\/productos\/sistemas-4g-5g-satelital\/teradek-prism-801-base-rack-para-3-tarjetas\/#primaryimage\"},\"thumbnailUrl\":\"https:\/\/akhonrent.eus\/wp-content\/uploads\/2025\/05\/TERADEK-PRISM-801-BASE-RACK-PARA-3-TARJETAS-1.jpg\",\"datePublished\":\"2025-05-07T08:20:23+00:00\",\"dateModified\":\"2025-05-07T09:49:29+00:00\",\"breadcrumb\":{\"@id\":\"https:\/\/akhonrent.eus\/productos\/sistemas-4g-5g-satelital\/teradek-prism-801-base-rack-para-3-tarjetas\/#breadcrumb\"},\"inLanguage\":\"eu\",\"potentialAction\":[{\"@type\":\"ReadAction\",\"target\":[\"https:\/\/akhonrent.eus\/productos\/sistemas-4g-5g-satelital\/teradek-prism-801-base-rack-para-3-tarjetas\/\"]}]},{\"@type\":\"ImageObject\",\"inLanguage\":\"eu\",\"@id\":\"https:\/\/akhonrent.eus\/productos\/sistemas-4g-5g-satelital\/teradek-prism-801-base-rack-para-3-tarjetas\/#primaryimage\",\"url\":\"https:\/\/akhonrent.eus\/wp-content\/uploads\/2025\/05\/TERADEK-PRISM-801-BASE-RACK-PARA-3-TARJETAS-1.jpg\",\"contentUrl\":\"https:\/\/akhonrent.eus\/wp-content\/uploads\/2025\/05\/TERADEK-PRISM-801-BASE-RACK-PARA-3-TARJETAS-1.jpg\",\"width\":855,\"height\":222},{\"@type\":\"BreadcrumbList\",\"@id\":\"https:\/\/akhonrent.eus\/productos\/sistemas-4g-5g-satelital\/teradek-prism-801-base-rack-para-3-tarjetas\/#breadcrumb\",\"itemListElement\":[{\"@type\":\"ListItem\",\"position\":1,\"name\":\"Portada\",\"item\":\"https:\/\/akhonrent.eus\/\"},{\"@type\":\"ListItem\",\"position\":2,\"name\":\"Tienda\",\"item\":\"https:\/\/akhonrent.eus\/eu\/productos\/\"},{\"@type\":\"ListItem\",\"position\":3,\"name\":\"TERADEK PRISM 801 BASE RACK PARA 3 TARJETAS\"}]},{\"@type\":\"WebSite\",\"@id\":\"https:\/\/akhonrent.eus\/#website\",\"url\":\"https:\/\/akhonrent.eus\/\",\"name\":\"AKHONrent\",\"description\":\"Alquiler de material audiovisual para empresas: sonido, iluminaci\u00f3n y video de alta calidad. Fiabilidad y asesoramiento de equipo de expertos\",\"publisher\":{\"@id\":\"https:\/\/akhonrent.eus\/#organization\"},\"potentialAction\":[{\"@type\":\"SearchAction\",\"target\":{\"@type\":\"EntryPoint\",\"urlTemplate\":\"https:\/\/akhonrent.eus\/?s={search_term_string}\"},\"query-input\":{\"@type\":\"PropertyValueSpecification\",\"valueRequired\":true,\"valueName\":\"search_term_string\"}}],\"inLanguage\":\"eu\"},{\"@type\":\"Organization\",\"@id\":\"https:\/\/akhonrent.eus\/#organization\",\"name\":\"AKHONrent\",\"url\":\"https:\/\/akhonrent.eus\/\",\"logo\":{\"@type\":\"ImageObject\",\"inLanguage\":\"eu\",\"@id\":\"https:\/\/akhonrent.eus\/#\/schema\/logo\/image\/\",\"url\":\"https:\/\/akhonrent.eus\/wp-content\/uploads\/2024\/06\/cropped-akhon-rent.png\",\"contentUrl\":\"https:\/\/akhonrent.eus\/wp-content\/uploads\/2024\/06\/cropped-akhon-rent.png\",\"width\":576,\"height\":192,\"caption\":\"AKHONrent\"},\"image\":{\"@id\":\"https:\/\/akhonrent.eus\/#\/schema\/logo\/image\/\"}}]}<\/script>\n<!-- \/ Yoast SEO plugin. -->","yoast_head_json":{"title":"TERADEK PRISM 801 BASE RACK PARA 3 TARJETAS - AKHONrent","robots":{"index":"index","follow":"follow","max-snippet":"max-snippet:-1","max-image-preview":"max-image-preview:large","max-video-preview":"max-video-preview:-1"},"canonical":"https:\/\/akhonrent.eus\/eu\/productos\/sistemas-4g-5g-satelital\/teradek-prism-801-base-rack-para-3-tarjetas\/","og_locale":"en_US","og_type":"article","og_title":"TERADEK PRISM 801 BASE RACK PARA 3 TARJETAS - AKHONrent","og_description":"Teradek Prism 801 es un sistema flexible con montura rack para la transmisi\u00f3n de v\u00eddeo con montura de chasis 1RU. Admite hasta 3 tarjetas codificadoras y \/ o decodificadoras Prism Puertos Ethernet dobles. Prism Rack le ofrece transmisi\u00f3n de video HDR de hasta 4K de 10 bits con codificaci\u00f3n y decodificaci\u00f3n de alta densidad para [&hellip;]","og_url":"https:\/\/akhonrent.eus\/eu\/productos\/sistemas-4g-5g-satelital\/teradek-prism-801-base-rack-para-3-tarjetas\/","og_site_name":"AKHONrent","article_modified_time":"2025-05-07T09:49:29+00:00","og_image":[{"width":855,"height":222,"url":"https:\/\/akhonrent.eus\/wp-content\/uploads\/2025\/05\/TERADEK-PRISM-801-BASE-RACK-PARA-3-TARJETAS-1.jpg","type":"image\/jpeg"}],"twitter_card":"summary_large_image","twitter_misc":{"Est. reading time":"1 minutua"},"schema":{"@context":"https:\/\/schema.org","@graph":[{"@type":"WebPage","@id":"https:\/\/akhonrent.eus\/productos\/sistemas-4g-5g-satelital\/teradek-prism-801-base-rack-para-3-tarjetas\/","url":"https:\/\/akhonrent.eus\/productos\/sistemas-4g-5g-satelital\/teradek-prism-801-base-rack-para-3-tarjetas\/","name":"TERADEK PRISM 801 BASE RACK PARA 3 TARJETAS - AKHONrent","isPartOf":{"@id":"https:\/\/akhonrent.eus\/#website"},"primaryImageOfPage":{"@id":"https:\/\/akhonrent.eus\/productos\/sistemas-4g-5g-satelital\/teradek-prism-801-base-rack-para-3-tarjetas\/#primaryimage"},"image":{"@id":"https:\/\/akhonrent.eus\/productos\/sistemas-4g-5g-satelital\/teradek-prism-801-base-rack-para-3-tarjetas\/#primaryimage"},"thumbnailUrl":"https:\/\/akhonrent.eus\/wp-content\/uploads\/2025\/05\/TERADEK-PRISM-801-BASE-RACK-PARA-3-TARJETAS-1.jpg","datePublished":"2025-05-07T08:20:23+00:00","dateModified":"2025-05-07T09:49:29+00:00","breadcrumb":{"@id":"https:\/\/akhonrent.eus\/productos\/sistemas-4g-5g-satelital\/teradek-prism-801-base-rack-para-3-tarjetas\/#breadcrumb"},"inLanguage":"eu","potentialAction":[{"@type":"ReadAction","target":["https:\/\/akhonrent.eus\/productos\/sistemas-4g-5g-satelital\/teradek-prism-801-base-rack-para-3-tarjetas\/"]}]},{"@type":"ImageObject","inLanguage":"eu","@id":"https:\/\/akhonrent.eus\/productos\/sistemas-4g-5g-satelital\/teradek-prism-801-base-rack-para-3-tarjetas\/#primaryimage","url":"https:\/\/akhonrent.eus\/wp-content\/uploads\/2025\/05\/TERADEK-PRISM-801-BASE-RACK-PARA-3-TARJETAS-1.jpg","contentUrl":"https:\/\/akhonrent.eus\/wp-content\/uploads\/2025\/05\/TERADEK-PRISM-801-BASE-RACK-PARA-3-TARJETAS-1.jpg","width":855,"height":222},{"@type":"BreadcrumbList","@id":"https:\/\/akhonrent.eus\/productos\/sistemas-4g-5g-satelital\/teradek-prism-801-base-rack-para-3-tarjetas\/#breadcrumb","itemListElement":[{"@type":"ListItem","position":1,"name":"Portada","item":"https:\/\/akhonrent.eus\/"},{"@type":"ListItem","position":2,"name":"Tienda","item":"https:\/\/akhonrent.eus\/eu\/productos\/"},{"@type":"ListItem","position":3,"name":"TERADEK PRISM 801 BASE RACK PARA 3 TARJETAS"}]},{"@type":"WebSite","@id":"https:\/\/akhonrent.eus\/#website","url":"https:\/\/akhonrent.eus\/","name":"AKHONrent","description":"Alquiler de material audiovisual para empresas: sonido, iluminaci\u00f3n y video de alta calidad. Fiabilidad y asesoramiento de equipo de expertos","publisher":{"@id":"https:\/\/akhonrent.eus\/#organization"},"potentialAction":[{"@type":"SearchAction","target":{"@type":"EntryPoint","urlTemplate":"https:\/\/akhonrent.eus\/?s={search_term_string}"},"query-input":{"@type":"PropertyValueSpecification","valueRequired":true,"valueName":"search_term_string"}}],"inLanguage":"eu"},{"@type":"Organization","@id":"https:\/\/akhonrent.eus\/#organization","name":"AKHONrent","url":"https:\/\/akhonrent.eus\/","logo":{"@type":"ImageObject","inLanguage":"eu","@id":"https:\/\/akhonrent.eus\/#\/schema\/logo\/image\/","url":"https:\/\/akhonrent.eus\/wp-content\/uploads\/2024\/06\/cropped-akhon-rent.png","contentUrl":"https:\/\/akhonrent.eus\/wp-content\/uploads\/2024\/06\/cropped-akhon-rent.png","width":576,"height":192,"caption":"AKHONrent"},"image":{"@id":"https:\/\/akhonrent.eus\/#\/schema\/logo\/image\/"}}]}},"_links":{"self":[{"href":"https:\/\/akhonrent.eus\/eu\/wp-json\/wp\/v2\/product\/2980","targetHints":{"allow":["GET"]}}],"collection":[{"href":"https:\/\/akhonrent.eus\/eu\/wp-json\/wp\/v2\/product"}],"about":[{"href":"https:\/\/akhonrent.eus\/eu\/wp-json\/wp\/v2\/types\/product"}],"replies":[{"embeddable":true,"href":"https:\/\/akhonrent.eus\/eu\/wp-json\/wp\/v2\/comments?post=2980"}],"wp:featuredmedia":[{"embeddable":true,"href":"https:\/\/akhonrent.eus\/eu\/wp-json\/wp\/v2\/media\/2981"}],"wp:attachment":[{"href":"https:\/\/akhonrent.eus\/eu\/wp-json\/wp\/v2\/media?parent=2980"}],"wp:term":[{"taxonomy":"product_brand","embeddable":true,"href":"https:\/\/akhonrent.eus\/eu\/wp-json\/wp\/v2\/product_brand?post=2980"},{"taxonomy":"product_cat","embeddable":true,"href":"https:\/\/akhonrent.eus\/eu\/wp-json\/wp\/v2\/product_cat?post=2980"},{"taxonomy":"product_tag","embeddable":true,"href":"https:\/\/akhonrent.eus\/eu\/wp-json\/wp\/v2\/product_tag?post=2980"}],"curies":[{"name":"wp","href":"https:\/\/api.w.org\/{rel}","templated":true}]}}