{"id":2999,"date":"2025-11-06T13:09:56","date_gmt":"2025-11-06T12:09:56","guid":{"rendered":"https:\/\/akhonrent.eus\/?post_type=product&#038;p=2999"},"modified":"2025-11-06T13:09:57","modified_gmt":"2025-11-06T12:09:57","slug":"hollyland-cosmo-c2-01","status":"publish","type":"product","link":"https:\/\/akhonrent.eus\/eu\/productos\/transmisores-de-video\/hollyland-cosmo-c2-01\/","title":{"rendered":"HOLLYLAND COSMO C2- 01"},"content":{"rendered":"<p>Cosmo C2 permite la transmisi\u00f3n entre dos transmisores y un receptor. Esta configuraci\u00f3n reduce la cantidad de dispositivos y cables necesarios, disminuye la interferencia inal\u00e1mbrica y garantiza una mejor sincronizaci\u00f3n de las transmisiones de video, todo lo cual contribuye a un flujo de trabajo m\u00e1s productivo. Cuenta con salto de frecuencia continuo para una mayor potencia de se\u00f1al y un rendimiento antiinterferencia superior. El RX utiliza un algoritmo de compensaci\u00f3n de velocidad de cuadros de vanguardia para convertir entradas 24\/25\/30P en salidas 60P m\u00e1s fluidas. Una latencia ultrabaja de solo 33 ms y un alcance de l\u00ednea de visi\u00f3n (LOS) de hasta 3000 pies(914,4m). Cuenta con entradas y salidas HDMI y SDI, incluidas capacidades de conversi\u00f3n y loopout. El transmisor es compatible con bater\u00edas de CC y NP-F, mientras que el receptor admite bater\u00edas de CC y V-Mount.<\/p>","protected":false},"excerpt":{"rendered":"<p>Cosmo C2 permite la transmisi\u00f3n entre dos transmisores y un receptor. Esta configuraci\u00f3n reduce la cantidad de dispositivos y cables necesarios, disminuye la interferencia inal\u00e1mbrica y garantiza una mejor sincronizaci\u00f3n de las transmisiones de video, todo lo cual contribuye a un flujo de trabajo m\u00e1s productivo. Cuenta con salto de frecuencia continuo para una mayor [&hellip;]<\/p>","protected":false},"featured_media":2994,"comment_status":"open","ping_status":"closed","template":"","meta":{"_acf_changed":false,"site-sidebar-layout":"default","site-content-layout":"","ast-site-content-layout":"default","site-content-style":"default","site-sidebar-style":"default","ast-global-header-display":"","ast-banner-title-visibility":"","ast-main-header-display":"","ast-hfb-above-header-display":"","ast-hfb-below-header-display":"","ast-hfb-mobile-header-display":"","site-post-title":"","ast-breadcrumbs-content":"","ast-featured-img":"","footer-sml-layout":"","theme-transparent-header-meta":"default","adv-header-id-meta":"","stick-header-meta":"","header-above-stick-meta":"","header-main-stick-meta":"","header-below-stick-meta":"","astra-migrate-meta-layouts":"set","ast-page-background-enabled":"default","ast-page-background-meta":{"desktop":{"background-color":"var(--ast-global-color-4)","background-image":"","background-repeat":"repeat","background-position":"center center","background-size":"auto","background-attachment":"scroll","background-type":"","background-media":"","overlay-type":"","overlay-color":"","overlay-opacity":"","overlay-gradient":""},"tablet":{"background-color":"","background-image":"","background-repeat":"repeat","background-position":"center center","background-size":"auto","background-attachment":"scroll","background-type":"","background-media":"","overlay-type":"","overlay-color":"","overlay-opacity":"","overlay-gradient":""},"mobile":{"background-color":"","background-image":"","background-repeat":"repeat","background-position":"center center","background-size":"auto","background-attachment":"scroll","background-type":"","background-media":"","overlay-type":"","overlay-color":"","overlay-opacity":"","overlay-gradient":""}},"ast-content-background-meta":{"desktop":{"background-color":"var(--ast-global-color-5)","background-image":"","background-repeat":"repeat","background-position":"center center","background-size":"auto","background-attachment":"scroll","background-type":"","background-media":"","overlay-type":"","overlay-color":"","overlay-opacity":"","overlay-gradient":""},"tablet":{"background-color":"var(--ast-global-color-5)","background-image":"","background-repeat":"repeat","background-position":"center center","background-size":"auto","background-attachment":"scroll","background-type":"","background-media":"","overlay-type":"","overlay-color":"","overlay-opacity":"","overlay-gradient":""},"mobile":{"background-color":"var(--ast-global-color-5)","background-image":"","background-repeat":"repeat","background-position":"center center","background-size":"auto","background-attachment":"scroll","background-type":"","background-media":"","overlay-type":"","overlay-color":"","overlay-opacity":"","overlay-gradient":""}}},"product_brand":[],"product_cat":[69,47],"product_tag":[],"class_list":{"0":"post-2999","1":"product","2":"type-product","3":"status-publish","4":"has-post-thumbnail","6":"product_cat-todos-los-productos","7":"product_cat-transmisores-de-video","8":"desktop-align-left","9":"tablet-align-left","10":"mobile-align-left","12":"first","13":"instock","14":"taxable","15":"shipping-taxable","16":"purchasable","17":"product-type-simple"},"acf":[],"yoast_head":"<!-- This site is optimized with the Yoast SEO plugin v24.7 - https:\/\/yoast.com\/wordpress\/plugins\/seo\/ -->\n<title>HOLLYLAND COSMO C2- 01 - AKHONrent<\/title>\n<meta name=\"robots\" content=\"index, follow, max-snippet:-1, max-image-preview:large, max-video-preview:-1\" \/>\n<link rel=\"canonical\" href=\"https:\/\/akhonrent.eus\/eu\/productos\/transmisores-de-video\/hollyland-cosmo-c2-01\/\" \/>\n<meta property=\"og:locale\" content=\"en_US\" \/>\n<meta property=\"og:type\" content=\"article\" \/>\n<meta property=\"og:title\" content=\"HOLLYLAND COSMO C2- 01 - AKHONrent\" \/>\n<meta property=\"og:description\" content=\"Cosmo C2 permite la transmisi\u00f3n entre dos transmisores y un receptor. Esta configuraci\u00f3n reduce la cantidad de dispositivos y cables necesarios, disminuye la interferencia inal\u00e1mbrica y garantiza una mejor sincronizaci\u00f3n de las transmisiones de video, todo lo cual contribuye a un flujo de trabajo m\u00e1s productivo. Cuenta con salto de frecuencia continuo para una mayor [&hellip;]\" \/>\n<meta property=\"og:url\" content=\"https:\/\/akhonrent.eus\/eu\/productos\/transmisores-de-video\/hollyland-cosmo-c2-01\/\" \/>\n<meta property=\"og:site_name\" content=\"AKHONrent\" \/>\n<meta property=\"article:modified_time\" content=\"2025-11-06T12:09:57+00:00\" \/>\n<meta property=\"og:image\" content=\"https:\/\/akhonrent.eus\/wp-content\/uploads\/2025\/11\/HOLLYLAND-COSMO-C21.jpg\" \/>\n\t<meta property=\"og:image:width\" content=\"679\" \/>\n\t<meta property=\"og:image:height\" content=\"712\" \/>\n\t<meta property=\"og:image:type\" content=\"image\/jpeg\" \/>\n<meta name=\"twitter:card\" content=\"summary_large_image\" \/>\n<meta name=\"twitter:label1\" content=\"Est. reading time\" \/>\n\t<meta name=\"twitter:data1\" content=\"1 minutua\" \/>\n<script type=\"application\/ld+json\" class=\"yoast-schema-graph\">{\"@context\":\"https:\/\/schema.org\",\"@graph\":[{\"@type\":\"WebPage\",\"@id\":\"https:\/\/akhonrent.eus\/productos\/transmisores-de-video\/hollyland-cosmo-c2-01\/\",\"url\":\"https:\/\/akhonrent.eus\/productos\/transmisores-de-video\/hollyland-cosmo-c2-01\/\",\"name\":\"HOLLYLAND COSMO C2- 01 - AKHONrent\",\"isPartOf\":{\"@id\":\"https:\/\/akhonrent.eus\/#website\"},\"primaryImageOfPage\":{\"@id\":\"https:\/\/akhonrent.eus\/productos\/transmisores-de-video\/hollyland-cosmo-c2-01\/#primaryimage\"},\"image\":{\"@id\":\"https:\/\/akhonrent.eus\/productos\/transmisores-de-video\/hollyland-cosmo-c2-01\/#primaryimage\"},\"thumbnailUrl\":\"https:\/\/akhonrent.eus\/wp-content\/uploads\/2025\/11\/HOLLYLAND-COSMO-C21.jpg\",\"datePublished\":\"2025-11-06T12:09:56+00:00\",\"dateModified\":\"2025-11-06T12:09:57+00:00\",\"breadcrumb\":{\"@id\":\"https:\/\/akhonrent.eus\/productos\/transmisores-de-video\/hollyland-cosmo-c2-01\/#breadcrumb\"},\"inLanguage\":\"eu\",\"potentialAction\":[{\"@type\":\"ReadAction\",\"target\":[\"https:\/\/akhonrent.eus\/productos\/transmisores-de-video\/hollyland-cosmo-c2-01\/\"]}]},{\"@type\":\"ImageObject\",\"inLanguage\":\"eu\",\"@id\":\"https:\/\/akhonrent.eus\/productos\/transmisores-de-video\/hollyland-cosmo-c2-01\/#primaryimage\",\"url\":\"https:\/\/akhonrent.eus\/wp-content\/uploads\/2025\/11\/HOLLYLAND-COSMO-C21.jpg\",\"contentUrl\":\"https:\/\/akhonrent.eus\/wp-content\/uploads\/2025\/11\/HOLLYLAND-COSMO-C21.jpg\",\"width\":679,\"height\":712},{\"@type\":\"BreadcrumbList\",\"@id\":\"https:\/\/akhonrent.eus\/productos\/transmisores-de-video\/hollyland-cosmo-c2-01\/#breadcrumb\",\"itemListElement\":[{\"@type\":\"ListItem\",\"position\":1,\"name\":\"Portada\",\"item\":\"https:\/\/akhonrent.eus\/\"},{\"@type\":\"ListItem\",\"position\":2,\"name\":\"Tienda\",\"item\":\"https:\/\/akhonrent.eus\/eu\/productos\/\"},{\"@type\":\"ListItem\",\"position\":3,\"name\":\"HOLLYLAND COSMO C2- 01\"}]},{\"@type\":\"WebSite\",\"@id\":\"https:\/\/akhonrent.eus\/#website\",\"url\":\"https:\/\/akhonrent.eus\/\",\"name\":\"AKHONrent\",\"description\":\"Alquiler de material audiovisual para empresas: sonido, iluminaci\u00f3n y video de alta calidad. Fiabilidad y asesoramiento de equipo de expertos\",\"publisher\":{\"@id\":\"https:\/\/akhonrent.eus\/#organization\"},\"potentialAction\":[{\"@type\":\"SearchAction\",\"target\":{\"@type\":\"EntryPoint\",\"urlTemplate\":\"https:\/\/akhonrent.eus\/?s={search_term_string}\"},\"query-input\":{\"@type\":\"PropertyValueSpecification\",\"valueRequired\":true,\"valueName\":\"search_term_string\"}}],\"inLanguage\":\"eu\"},{\"@type\":\"Organization\",\"@id\":\"https:\/\/akhonrent.eus\/#organization\",\"name\":\"AKHONrent\",\"url\":\"https:\/\/akhonrent.eus\/\",\"logo\":{\"@type\":\"ImageObject\",\"inLanguage\":\"eu\",\"@id\":\"https:\/\/akhonrent.eus\/#\/schema\/logo\/image\/\",\"url\":\"https:\/\/akhonrent.eus\/wp-content\/uploads\/2024\/06\/cropped-akhon-rent.png\",\"contentUrl\":\"https:\/\/akhonrent.eus\/wp-content\/uploads\/2024\/06\/cropped-akhon-rent.png\",\"width\":576,\"height\":192,\"caption\":\"AKHONrent\"},\"image\":{\"@id\":\"https:\/\/akhonrent.eus\/#\/schema\/logo\/image\/\"}}]}<\/script>\n<!-- \/ Yoast SEO plugin. -->","yoast_head_json":{"title":"HOLLYLAND COSMO C2- 01 - AKHONrent","robots":{"index":"index","follow":"follow","max-snippet":"max-snippet:-1","max-image-preview":"max-image-preview:large","max-video-preview":"max-video-preview:-1"},"canonical":"https:\/\/akhonrent.eus\/eu\/productos\/transmisores-de-video\/hollyland-cosmo-c2-01\/","og_locale":"en_US","og_type":"article","og_title":"HOLLYLAND COSMO C2- 01 - AKHONrent","og_description":"Cosmo C2 permite la transmisi\u00f3n entre dos transmisores y un receptor. Esta configuraci\u00f3n reduce la cantidad de dispositivos y cables necesarios, disminuye la interferencia inal\u00e1mbrica y garantiza una mejor sincronizaci\u00f3n de las transmisiones de video, todo lo cual contribuye a un flujo de trabajo m\u00e1s productivo. Cuenta con salto de frecuencia continuo para una mayor [&hellip;]","og_url":"https:\/\/akhonrent.eus\/eu\/productos\/transmisores-de-video\/hollyland-cosmo-c2-01\/","og_site_name":"AKHONrent","article_modified_time":"2025-11-06T12:09:57+00:00","og_image":[{"width":679,"height":712,"url":"https:\/\/akhonrent.eus\/wp-content\/uploads\/2025\/11\/HOLLYLAND-COSMO-C21.jpg","type":"image\/jpeg"}],"twitter_card":"summary_large_image","twitter_misc":{"Est. reading time":"1 minutua"},"schema":{"@context":"https:\/\/schema.org","@graph":[{"@type":"WebPage","@id":"https:\/\/akhonrent.eus\/productos\/transmisores-de-video\/hollyland-cosmo-c2-01\/","url":"https:\/\/akhonrent.eus\/productos\/transmisores-de-video\/hollyland-cosmo-c2-01\/","name":"HOLLYLAND COSMO C2- 01 - AKHONrent","isPartOf":{"@id":"https:\/\/akhonrent.eus\/#website"},"primaryImageOfPage":{"@id":"https:\/\/akhonrent.eus\/productos\/transmisores-de-video\/hollyland-cosmo-c2-01\/#primaryimage"},"image":{"@id":"https:\/\/akhonrent.eus\/productos\/transmisores-de-video\/hollyland-cosmo-c2-01\/#primaryimage"},"thumbnailUrl":"https:\/\/akhonrent.eus\/wp-content\/uploads\/2025\/11\/HOLLYLAND-COSMO-C21.jpg","datePublished":"2025-11-06T12:09:56+00:00","dateModified":"2025-11-06T12:09:57+00:00","breadcrumb":{"@id":"https:\/\/akhonrent.eus\/productos\/transmisores-de-video\/hollyland-cosmo-c2-01\/#breadcrumb"},"inLanguage":"eu","potentialAction":[{"@type":"ReadAction","target":["https:\/\/akhonrent.eus\/productos\/transmisores-de-video\/hollyland-cosmo-c2-01\/"]}]},{"@type":"ImageObject","inLanguage":"eu","@id":"https:\/\/akhonrent.eus\/productos\/transmisores-de-video\/hollyland-cosmo-c2-01\/#primaryimage","url":"https:\/\/akhonrent.eus\/wp-content\/uploads\/2025\/11\/HOLLYLAND-COSMO-C21.jpg","contentUrl":"https:\/\/akhonrent.eus\/wp-content\/uploads\/2025\/11\/HOLLYLAND-COSMO-C21.jpg","width":679,"height":712},{"@type":"BreadcrumbList","@id":"https:\/\/akhonrent.eus\/productos\/transmisores-de-video\/hollyland-cosmo-c2-01\/#breadcrumb","itemListElement":[{"@type":"ListItem","position":1,"name":"Portada","item":"https:\/\/akhonrent.eus\/"},{"@type":"ListItem","position":2,"name":"Tienda","item":"https:\/\/akhonrent.eus\/eu\/productos\/"},{"@type":"ListItem","position":3,"name":"HOLLYLAND COSMO C2- 01"}]},{"@type":"WebSite","@id":"https:\/\/akhonrent.eus\/#website","url":"https:\/\/akhonrent.eus\/","name":"AKHONrent","description":"Alquiler de material audiovisual para empresas: sonido, iluminaci\u00f3n y video de alta calidad. Fiabilidad y asesoramiento de equipo de expertos","publisher":{"@id":"https:\/\/akhonrent.eus\/#organization"},"potentialAction":[{"@type":"SearchAction","target":{"@type":"EntryPoint","urlTemplate":"https:\/\/akhonrent.eus\/?s={search_term_string}"},"query-input":{"@type":"PropertyValueSpecification","valueRequired":true,"valueName":"search_term_string"}}],"inLanguage":"eu"},{"@type":"Organization","@id":"https:\/\/akhonrent.eus\/#organization","name":"AKHONrent","url":"https:\/\/akhonrent.eus\/","logo":{"@type":"ImageObject","inLanguage":"eu","@id":"https:\/\/akhonrent.eus\/#\/schema\/logo\/image\/","url":"https:\/\/akhonrent.eus\/wp-content\/uploads\/2024\/06\/cropped-akhon-rent.png","contentUrl":"https:\/\/akhonrent.eus\/wp-content\/uploads\/2024\/06\/cropped-akhon-rent.png","width":576,"height":192,"caption":"AKHONrent"},"image":{"@id":"https:\/\/akhonrent.eus\/#\/schema\/logo\/image\/"}}]}},"_links":{"self":[{"href":"https:\/\/akhonrent.eus\/eu\/wp-json\/wp\/v2\/product\/2999","targetHints":{"allow":["GET"]}}],"collection":[{"href":"https:\/\/akhonrent.eus\/eu\/wp-json\/wp\/v2\/product"}],"about":[{"href":"https:\/\/akhonrent.eus\/eu\/wp-json\/wp\/v2\/types\/product"}],"replies":[{"embeddable":true,"href":"https:\/\/akhonrent.eus\/eu\/wp-json\/wp\/v2\/comments?post=2999"}],"wp:featuredmedia":[{"embeddable":true,"href":"https:\/\/akhonrent.eus\/eu\/wp-json\/wp\/v2\/media\/2994"}],"wp:attachment":[{"href":"https:\/\/akhonrent.eus\/eu\/wp-json\/wp\/v2\/media?parent=2999"}],"wp:term":[{"taxonomy":"product_brand","embeddable":true,"href":"https:\/\/akhonrent.eus\/eu\/wp-json\/wp\/v2\/product_brand?post=2999"},{"taxonomy":"product_cat","embeddable":true,"href":"https:\/\/akhonrent.eus\/eu\/wp-json\/wp\/v2\/product_cat?post=2999"},{"taxonomy":"product_tag","embeddable":true,"href":"https:\/\/akhonrent.eus\/eu\/wp-json\/wp\/v2\/product_tag?post=2999"}],"curies":[{"name":"wp","href":"https:\/\/api.w.org\/{rel}","templated":true}]}}