{"id":3000,"date":"2025-11-06T13:13:26","date_gmt":"2025-11-06T12:13:26","guid":{"rendered":"https:\/\/akhonrent.eus\/?post_type=product&#038;p=3000"},"modified":"2026-02-06T13:15:49","modified_gmt":"2026-02-06T12:15:49","slug":"objetivo-sony-fullframe-28-135mm-f4-01","status":"publish","type":"product","link":"https:\/\/akhonrent.eus\/eu\/productos\/objetivos\/objetivo-sony-fullframe-28-135mm-f4-01\/","title":{"rendered":"OBJETIVO SONY FULLFRAME 28-135mm\/ f4 -01"},"content":{"rendered":"<p>Objetivo G de fotograma completo para la grabaci\u00f3n de v\u00eddeos profesionales. Este objetivo de precisi\u00f3n es compatible con 4K y futuros formatos de alta resoluci\u00f3n, y ofrece una variaci\u00f3n de la longitud focal y desplazamiento de imagen m\u00ednimos. Los 3 anillos proporcionan control manual para el exigente gran formato, mientras el primer motor SSM en un objetivo dise\u00f1ado para v\u00eddeo permite un uso silencioso del zoom. El dise\u00f1o impecable del objetivo G de Sony mantiene un elegante equilibrio entre la alta resoluci\u00f3n y el asombroso efecto bokeh de fondo para resaltar la visi\u00f3n del artista. Apertura m\u00e1xima F4 constante en todo el alcance del zoom. Di\u00e1metro de filtro 95 mm.<\/p>","protected":false},"excerpt":{"rendered":"<p>Objetivo G de fotograma completo para la grabaci\u00f3n de v\u00eddeos profesionales. Este objetivo de precisi\u00f3n es compatible con 4K y futuros formatos de alta resoluci\u00f3n, y ofrece una variaci\u00f3n de la longitud focal y desplazamiento de imagen m\u00ednimos. Los 3 anillos proporcionan control manual para el exigente gran formato, mientras el primer motor SSM en [&hellip;]<\/p>","protected":false},"featured_media":3001,"comment_status":"open","ping_status":"closed","template":"","meta":{"_acf_changed":false,"site-sidebar-layout":"default","site-content-layout":"","ast-site-content-layout":"default","site-content-style":"default","site-sidebar-style":"default","ast-global-header-display":"","ast-banner-title-visibility":"","ast-main-header-display":"","ast-hfb-above-header-display":"","ast-hfb-below-header-display":"","ast-hfb-mobile-header-display":"","site-post-title":"","ast-breadcrumbs-content":"","ast-featured-img":"","footer-sml-layout":"","theme-transparent-header-meta":"default","adv-header-id-meta":"","stick-header-meta":"","header-above-stick-meta":"","header-main-stick-meta":"","header-below-stick-meta":"","astra-migrate-meta-layouts":"set","ast-page-background-enabled":"default","ast-page-background-meta":{"desktop":{"background-color":"var(--ast-global-color-4)","background-image":"","background-repeat":"repeat","background-position":"center center","background-size":"auto","background-attachment":"scroll","background-type":"","background-media":"","overlay-type":"","overlay-color":"","overlay-opacity":"","overlay-gradient":""},"tablet":{"background-color":"","background-image":"","background-repeat":"repeat","background-position":"center center","background-size":"auto","background-attachment":"scroll","background-type":"","background-media":"","overlay-type":"","overlay-color":"","overlay-opacity":"","overlay-gradient":""},"mobile":{"background-color":"","background-image":"","background-repeat":"repeat","background-position":"center center","background-size":"auto","background-attachment":"scroll","background-type":"","background-media":"","overlay-type":"","overlay-color":"","overlay-opacity":"","overlay-gradient":""}},"ast-content-background-meta":{"desktop":{"background-color":"var(--ast-global-color-5)","background-image":"","background-repeat":"repeat","background-position":"center center","background-size":"auto","background-attachment":"scroll","background-type":"","background-media":"","overlay-type":"","overlay-color":"","overlay-opacity":"","overlay-gradient":""},"tablet":{"background-color":"var(--ast-global-color-5)","background-image":"","background-repeat":"repeat","background-position":"center center","background-size":"auto","background-attachment":"scroll","background-type":"","background-media":"","overlay-type":"","overlay-color":"","overlay-opacity":"","overlay-gradient":""},"mobile":{"background-color":"var(--ast-global-color-5)","background-image":"","background-repeat":"repeat","background-position":"center center","background-size":"auto","background-attachment":"scroll","background-type":"","background-media":"","overlay-type":"","overlay-color":"","overlay-opacity":"","overlay-gradient":""}}},"product_brand":[],"product_cat":[69,27],"product_tag":[],"class_list":{"0":"post-3000","1":"product","2":"type-product","3":"status-publish","4":"has-post-thumbnail","6":"product_cat-todos-los-productos","7":"product_cat-objetivos","8":"desktop-align-left","9":"tablet-align-left","10":"mobile-align-left","12":"first","13":"instock","14":"taxable","15":"shipping-taxable","16":"purchasable","17":"product-type-simple"},"acf":[],"yoast_head":"<!-- This site is optimized with the Yoast SEO plugin v24.7 - https:\/\/yoast.com\/wordpress\/plugins\/seo\/ -->\n<title>OBJETIVO SONY FULLFRAME 28-135mm\/ f4 -01 - AKHONrent<\/title>\n<meta name=\"robots\" content=\"index, follow, max-snippet:-1, max-image-preview:large, max-video-preview:-1\" \/>\n<link rel=\"canonical\" href=\"https:\/\/akhonrent.eus\/eu\/productos\/objetivos\/objetivo-sony-fullframe-28-135mm-f4-01\/\" \/>\n<meta property=\"og:locale\" content=\"en_US\" \/>\n<meta property=\"og:type\" content=\"article\" \/>\n<meta property=\"og:title\" content=\"OBJETIVO SONY FULLFRAME 28-135mm\/ f4 -01 - AKHONrent\" \/>\n<meta property=\"og:description\" content=\"Objetivo G de fotograma completo para la grabaci\u00f3n de v\u00eddeos profesionales. Este objetivo de precisi\u00f3n es compatible con 4K y futuros formatos de alta resoluci\u00f3n, y ofrece una variaci\u00f3n de la longitud focal y desplazamiento de imagen m\u00ednimos. Los 3 anillos proporcionan control manual para el exigente gran formato, mientras el primer motor SSM en [&hellip;]\" \/>\n<meta property=\"og:url\" content=\"https:\/\/akhonrent.eus\/eu\/productos\/objetivos\/objetivo-sony-fullframe-28-135mm-f4-01\/\" \/>\n<meta property=\"og:site_name\" content=\"AKHONrent\" \/>\n<meta property=\"article:modified_time\" content=\"2026-02-06T12:15:49+00:00\" \/>\n<meta property=\"og:image\" content=\"https:\/\/akhonrent.eus\/wp-content\/uploads\/2025\/11\/OBJETIVO-SONY-FULLFRAME-28-135mm_-f41.jpg\" \/>\n\t<meta property=\"og:image:width\" content=\"2000\" \/>\n\t<meta property=\"og:image:height\" content=\"1504\" \/>\n\t<meta property=\"og:image:type\" content=\"image\/jpeg\" \/>\n<meta name=\"twitter:card\" content=\"summary_large_image\" \/>\n<meta name=\"twitter:label1\" content=\"Est. reading time\" \/>\n\t<meta name=\"twitter:data1\" content=\"1 minutua\" \/>\n<script type=\"application\/ld+json\" class=\"yoast-schema-graph\">{\"@context\":\"https:\/\/schema.org\",\"@graph\":[{\"@type\":\"WebPage\",\"@id\":\"https:\/\/akhonrent.eus\/productos\/objetivos\/objetivo-sony-fullframe-28-135mm-f4-01\/\",\"url\":\"https:\/\/akhonrent.eus\/productos\/objetivos\/objetivo-sony-fullframe-28-135mm-f4-01\/\",\"name\":\"OBJETIVO SONY FULLFRAME 28-135mm\/ f4 -01 - AKHONrent\",\"isPartOf\":{\"@id\":\"https:\/\/akhonrent.eus\/#website\"},\"primaryImageOfPage\":{\"@id\":\"https:\/\/akhonrent.eus\/productos\/objetivos\/objetivo-sony-fullframe-28-135mm-f4-01\/#primaryimage\"},\"image\":{\"@id\":\"https:\/\/akhonrent.eus\/productos\/objetivos\/objetivo-sony-fullframe-28-135mm-f4-01\/#primaryimage\"},\"thumbnailUrl\":\"https:\/\/akhonrent.eus\/wp-content\/uploads\/2025\/11\/OBJETIVO-SONY-FULLFRAME-28-135mm_-f41.jpg\",\"datePublished\":\"2025-11-06T12:13:26+00:00\",\"dateModified\":\"2026-02-06T12:15:49+00:00\",\"breadcrumb\":{\"@id\":\"https:\/\/akhonrent.eus\/productos\/objetivos\/objetivo-sony-fullframe-28-135mm-f4-01\/#breadcrumb\"},\"inLanguage\":\"eu\",\"potentialAction\":[{\"@type\":\"ReadAction\",\"target\":[\"https:\/\/akhonrent.eus\/productos\/objetivos\/objetivo-sony-fullframe-28-135mm-f4-01\/\"]}]},{\"@type\":\"ImageObject\",\"inLanguage\":\"eu\",\"@id\":\"https:\/\/akhonrent.eus\/productos\/objetivos\/objetivo-sony-fullframe-28-135mm-f4-01\/#primaryimage\",\"url\":\"https:\/\/akhonrent.eus\/wp-content\/uploads\/2025\/11\/OBJETIVO-SONY-FULLFRAME-28-135mm_-f41.jpg\",\"contentUrl\":\"https:\/\/akhonrent.eus\/wp-content\/uploads\/2025\/11\/OBJETIVO-SONY-FULLFRAME-28-135mm_-f41.jpg\",\"width\":2000,\"height\":1504},{\"@type\":\"BreadcrumbList\",\"@id\":\"https:\/\/akhonrent.eus\/productos\/objetivos\/objetivo-sony-fullframe-28-135mm-f4-01\/#breadcrumb\",\"itemListElement\":[{\"@type\":\"ListItem\",\"position\":1,\"name\":\"Portada\",\"item\":\"https:\/\/akhonrent.eus\/\"},{\"@type\":\"ListItem\",\"position\":2,\"name\":\"Tienda\",\"item\":\"https:\/\/akhonrent.eus\/eu\/productos\/\"},{\"@type\":\"ListItem\",\"position\":3,\"name\":\"OBJETIVO SONY FULLFRAME 28-135mm\/ f4 -01\"}]},{\"@type\":\"WebSite\",\"@id\":\"https:\/\/akhonrent.eus\/#website\",\"url\":\"https:\/\/akhonrent.eus\/\",\"name\":\"AKHONrent\",\"description\":\"Alquiler de material audiovisual para empresas: sonido, iluminaci\u00f3n y video de alta calidad. Fiabilidad y asesoramiento de equipo de expertos\",\"publisher\":{\"@id\":\"https:\/\/akhonrent.eus\/#organization\"},\"potentialAction\":[{\"@type\":\"SearchAction\",\"target\":{\"@type\":\"EntryPoint\",\"urlTemplate\":\"https:\/\/akhonrent.eus\/?s={search_term_string}\"},\"query-input\":{\"@type\":\"PropertyValueSpecification\",\"valueRequired\":true,\"valueName\":\"search_term_string\"}}],\"inLanguage\":\"eu\"},{\"@type\":\"Organization\",\"@id\":\"https:\/\/akhonrent.eus\/#organization\",\"name\":\"AKHONrent\",\"url\":\"https:\/\/akhonrent.eus\/\",\"logo\":{\"@type\":\"ImageObject\",\"inLanguage\":\"eu\",\"@id\":\"https:\/\/akhonrent.eus\/#\/schema\/logo\/image\/\",\"url\":\"https:\/\/akhonrent.eus\/wp-content\/uploads\/2024\/06\/cropped-akhon-rent.png\",\"contentUrl\":\"https:\/\/akhonrent.eus\/wp-content\/uploads\/2024\/06\/cropped-akhon-rent.png\",\"width\":576,\"height\":192,\"caption\":\"AKHONrent\"},\"image\":{\"@id\":\"https:\/\/akhonrent.eus\/#\/schema\/logo\/image\/\"}}]}<\/script>\n<!-- \/ Yoast SEO plugin. -->","yoast_head_json":{"title":"OBJETIVO SONY FULLFRAME 28-135mm\/ f4 -01 - AKHONrent","robots":{"index":"index","follow":"follow","max-snippet":"max-snippet:-1","max-image-preview":"max-image-preview:large","max-video-preview":"max-video-preview:-1"},"canonical":"https:\/\/akhonrent.eus\/eu\/productos\/objetivos\/objetivo-sony-fullframe-28-135mm-f4-01\/","og_locale":"en_US","og_type":"article","og_title":"OBJETIVO SONY FULLFRAME 28-135mm\/ f4 -01 - AKHONrent","og_description":"Objetivo G de fotograma completo para la grabaci\u00f3n de v\u00eddeos profesionales. Este objetivo de precisi\u00f3n es compatible con 4K y futuros formatos de alta resoluci\u00f3n, y ofrece una variaci\u00f3n de la longitud focal y desplazamiento de imagen m\u00ednimos. Los 3 anillos proporcionan control manual para el exigente gran formato, mientras el primer motor SSM en [&hellip;]","og_url":"https:\/\/akhonrent.eus\/eu\/productos\/objetivos\/objetivo-sony-fullframe-28-135mm-f4-01\/","og_site_name":"AKHONrent","article_modified_time":"2026-02-06T12:15:49+00:00","og_image":[{"width":2000,"height":1504,"url":"https:\/\/akhonrent.eus\/wp-content\/uploads\/2025\/11\/OBJETIVO-SONY-FULLFRAME-28-135mm_-f41.jpg","type":"image\/jpeg"}],"twitter_card":"summary_large_image","twitter_misc":{"Est. reading time":"1 minutua"},"schema":{"@context":"https:\/\/schema.org","@graph":[{"@type":"WebPage","@id":"https:\/\/akhonrent.eus\/productos\/objetivos\/objetivo-sony-fullframe-28-135mm-f4-01\/","url":"https:\/\/akhonrent.eus\/productos\/objetivos\/objetivo-sony-fullframe-28-135mm-f4-01\/","name":"OBJETIVO SONY FULLFRAME 28-135mm\/ f4 -01 - AKHONrent","isPartOf":{"@id":"https:\/\/akhonrent.eus\/#website"},"primaryImageOfPage":{"@id":"https:\/\/akhonrent.eus\/productos\/objetivos\/objetivo-sony-fullframe-28-135mm-f4-01\/#primaryimage"},"image":{"@id":"https:\/\/akhonrent.eus\/productos\/objetivos\/objetivo-sony-fullframe-28-135mm-f4-01\/#primaryimage"},"thumbnailUrl":"https:\/\/akhonrent.eus\/wp-content\/uploads\/2025\/11\/OBJETIVO-SONY-FULLFRAME-28-135mm_-f41.jpg","datePublished":"2025-11-06T12:13:26+00:00","dateModified":"2026-02-06T12:15:49+00:00","breadcrumb":{"@id":"https:\/\/akhonrent.eus\/productos\/objetivos\/objetivo-sony-fullframe-28-135mm-f4-01\/#breadcrumb"},"inLanguage":"eu","potentialAction":[{"@type":"ReadAction","target":["https:\/\/akhonrent.eus\/productos\/objetivos\/objetivo-sony-fullframe-28-135mm-f4-01\/"]}]},{"@type":"ImageObject","inLanguage":"eu","@id":"https:\/\/akhonrent.eus\/productos\/objetivos\/objetivo-sony-fullframe-28-135mm-f4-01\/#primaryimage","url":"https:\/\/akhonrent.eus\/wp-content\/uploads\/2025\/11\/OBJETIVO-SONY-FULLFRAME-28-135mm_-f41.jpg","contentUrl":"https:\/\/akhonrent.eus\/wp-content\/uploads\/2025\/11\/OBJETIVO-SONY-FULLFRAME-28-135mm_-f41.jpg","width":2000,"height":1504},{"@type":"BreadcrumbList","@id":"https:\/\/akhonrent.eus\/productos\/objetivos\/objetivo-sony-fullframe-28-135mm-f4-01\/#breadcrumb","itemListElement":[{"@type":"ListItem","position":1,"name":"Portada","item":"https:\/\/akhonrent.eus\/"},{"@type":"ListItem","position":2,"name":"Tienda","item":"https:\/\/akhonrent.eus\/eu\/productos\/"},{"@type":"ListItem","position":3,"name":"OBJETIVO SONY FULLFRAME 28-135mm\/ f4 -01"}]},{"@type":"WebSite","@id":"https:\/\/akhonrent.eus\/#website","url":"https:\/\/akhonrent.eus\/","name":"AKHONrent","description":"Alquiler de material audiovisual para empresas: sonido, iluminaci\u00f3n y video de alta calidad. Fiabilidad y asesoramiento de equipo de expertos","publisher":{"@id":"https:\/\/akhonrent.eus\/#organization"},"potentialAction":[{"@type":"SearchAction","target":{"@type":"EntryPoint","urlTemplate":"https:\/\/akhonrent.eus\/?s={search_term_string}"},"query-input":{"@type":"PropertyValueSpecification","valueRequired":true,"valueName":"search_term_string"}}],"inLanguage":"eu"},{"@type":"Organization","@id":"https:\/\/akhonrent.eus\/#organization","name":"AKHONrent","url":"https:\/\/akhonrent.eus\/","logo":{"@type":"ImageObject","inLanguage":"eu","@id":"https:\/\/akhonrent.eus\/#\/schema\/logo\/image\/","url":"https:\/\/akhonrent.eus\/wp-content\/uploads\/2024\/06\/cropped-akhon-rent.png","contentUrl":"https:\/\/akhonrent.eus\/wp-content\/uploads\/2024\/06\/cropped-akhon-rent.png","width":576,"height":192,"caption":"AKHONrent"},"image":{"@id":"https:\/\/akhonrent.eus\/#\/schema\/logo\/image\/"}}]}},"_links":{"self":[{"href":"https:\/\/akhonrent.eus\/eu\/wp-json\/wp\/v2\/product\/3000","targetHints":{"allow":["GET"]}}],"collection":[{"href":"https:\/\/akhonrent.eus\/eu\/wp-json\/wp\/v2\/product"}],"about":[{"href":"https:\/\/akhonrent.eus\/eu\/wp-json\/wp\/v2\/types\/product"}],"replies":[{"embeddable":true,"href":"https:\/\/akhonrent.eus\/eu\/wp-json\/wp\/v2\/comments?post=3000"}],"wp:featuredmedia":[{"embeddable":true,"href":"https:\/\/akhonrent.eus\/eu\/wp-json\/wp\/v2\/media\/3001"}],"wp:attachment":[{"href":"https:\/\/akhonrent.eus\/eu\/wp-json\/wp\/v2\/media?parent=3000"}],"wp:term":[{"taxonomy":"product_brand","embeddable":true,"href":"https:\/\/akhonrent.eus\/eu\/wp-json\/wp\/v2\/product_brand?post=3000"},{"taxonomy":"product_cat","embeddable":true,"href":"https:\/\/akhonrent.eus\/eu\/wp-json\/wp\/v2\/product_cat?post=3000"},{"taxonomy":"product_tag","embeddable":true,"href":"https:\/\/akhonrent.eus\/eu\/wp-json\/wp\/v2\/product_tag?post=3000"}],"curies":[{"name":"wp","href":"https:\/\/api.w.org\/{rel}","templated":true}]}}