{"id":3004,"date":"2025-11-06T13:16:43","date_gmt":"2025-11-06T12:16:43","guid":{"rendered":"https:\/\/akhonrent.eus\/?post_type=product&#038;p=3004"},"modified":"2025-11-06T13:16:44","modified_gmt":"2025-11-06T12:16:44","slug":"micro-cascos-beyerdynamic-dt-290-01","status":"publish","type":"product","link":"https:\/\/akhonrent.eus\/eu\/productos\/todos-los-productos\/micro-cascos-beyerdynamic-dt-290-01\/","title":{"rendered":"MICRO-CASCOS BEYERDYNAMIC DT 290- 01"},"content":{"rendered":"<p>Micr\u00f3fono din\u00e1mico de alta calidad con caracter\u00edstica hipercardioide (alta prevenci\u00f3n de retroalimentaci\u00f3n). Cuello de cisne flexible y giratorio para un posicionamiento \u00f3ptimo. Sistema de im\u00e1n de neodimio de alto rendimiento para una excelente precisi\u00f3n de reproducci\u00f3n. Hecho en Alemania.<\/p>","protected":false},"excerpt":{"rendered":"<p>Micr\u00f3fono din\u00e1mico de alta calidad con caracter\u00edstica hipercardioide (alta prevenci\u00f3n de retroalimentaci\u00f3n). Cuello de cisne flexible y giratorio para un posicionamiento \u00f3ptimo. Sistema de im\u00e1n de neodimio de alto rendimiento para una excelente precisi\u00f3n de reproducci\u00f3n. Hecho en Alemania.<\/p>","protected":false},"featured_media":3005,"comment_status":"open","ping_status":"closed","template":"","meta":{"_acf_changed":false,"site-sidebar-layout":"default","site-content-layout":"","ast-site-content-layout":"default","site-content-style":"default","site-sidebar-style":"default","ast-global-header-display":"","ast-banner-title-visibility":"","ast-main-header-display":"","ast-hfb-above-header-display":"","ast-hfb-below-header-display":"","ast-hfb-mobile-header-display":"","site-post-title":"","ast-breadcrumbs-content":"","ast-featured-img":"","footer-sml-layout":"","theme-transparent-header-meta":"default","adv-header-id-meta":"","stick-header-meta":"","header-above-stick-meta":"","header-main-stick-meta":"","header-below-stick-meta":"","astra-migrate-meta-layouts":"set","ast-page-background-enabled":"default","ast-page-background-meta":{"desktop":{"background-color":"var(--ast-global-color-4)","background-image":"","background-repeat":"repeat","background-position":"center center","background-size":"auto","background-attachment":"scroll","background-type":"","background-media":"","overlay-type":"","overlay-color":"","overlay-opacity":"","overlay-gradient":""},"tablet":{"background-color":"","background-image":"","background-repeat":"repeat","background-position":"center center","background-size":"auto","background-attachment":"scroll","background-type":"","background-media":"","overlay-type":"","overlay-color":"","overlay-opacity":"","overlay-gradient":""},"mobile":{"background-color":"","background-image":"","background-repeat":"repeat","background-position":"center center","background-size":"auto","background-attachment":"scroll","background-type":"","background-media":"","overlay-type":"","overlay-color":"","overlay-opacity":"","overlay-gradient":""}},"ast-content-background-meta":{"desktop":{"background-color":"var(--ast-global-color-5)","background-image":"","background-repeat":"repeat","background-position":"center center","background-size":"auto","background-attachment":"scroll","background-type":"","background-media":"","overlay-type":"","overlay-color":"","overlay-opacity":"","overlay-gradient":""},"tablet":{"background-color":"var(--ast-global-color-5)","background-image":"","background-repeat":"repeat","background-position":"center center","background-size":"auto","background-attachment":"scroll","background-type":"","background-media":"","overlay-type":"","overlay-color":"","overlay-opacity":"","overlay-gradient":""},"mobile":{"background-color":"var(--ast-global-color-5)","background-image":"","background-repeat":"repeat","background-position":"center center","background-size":"auto","background-attachment":"scroll","background-type":"","background-media":"","overlay-type":"","overlay-color":"","overlay-opacity":"","overlay-gradient":""}}},"product_brand":[],"product_cat":[69,72],"product_tag":[],"class_list":{"0":"post-3004","1":"product","2":"type-product","3":"status-publish","4":"has-post-thumbnail","6":"product_cat-todos-los-productos","7":"product_cat-audio","8":"desktop-align-left","9":"tablet-align-left","10":"mobile-align-left","12":"first","13":"instock","14":"taxable","15":"shipping-taxable","16":"purchasable","17":"product-type-simple"},"acf":[],"yoast_head":"<!-- This site is optimized with the Yoast SEO plugin v24.7 - https:\/\/yoast.com\/wordpress\/plugins\/seo\/ -->\n<title>MICRO-CASCOS BEYERDYNAMIC DT 290- 01 - AKHONrent<\/title>\n<meta name=\"robots\" content=\"index, follow, max-snippet:-1, max-image-preview:large, max-video-preview:-1\" \/>\n<link rel=\"canonical\" href=\"https:\/\/akhonrent.eus\/eu\/productos\/todos-los-productos\/micro-cascos-beyerdynamic-dt-290-01\/\" \/>\n<meta property=\"og:locale\" content=\"en_US\" \/>\n<meta property=\"og:type\" content=\"article\" \/>\n<meta property=\"og:title\" content=\"MICRO-CASCOS BEYERDYNAMIC DT 290- 01 - AKHONrent\" \/>\n<meta property=\"og:description\" content=\"Micr\u00f3fono din\u00e1mico de alta calidad con caracter\u00edstica hipercardioide (alta prevenci\u00f3n de retroalimentaci\u00f3n). Cuello de cisne flexible y giratorio para un posicionamiento \u00f3ptimo. Sistema de im\u00e1n de neodimio de alto rendimiento para una excelente precisi\u00f3n de reproducci\u00f3n. Hecho en Alemania.\" \/>\n<meta property=\"og:url\" content=\"https:\/\/akhonrent.eus\/eu\/productos\/todos-los-productos\/micro-cascos-beyerdynamic-dt-290-01\/\" \/>\n<meta property=\"og:site_name\" content=\"AKHONrent\" \/>\n<meta property=\"article:modified_time\" content=\"2025-11-06T12:16:44+00:00\" \/>\n<meta property=\"og:image\" content=\"https:\/\/akhonrent.eus\/wp-content\/uploads\/2025\/11\/MICRO-CASCOS-BEYERDYNAMIC-DT-2901.jpg\" \/>\n\t<meta property=\"og:image:width\" content=\"1800\" \/>\n\t<meta property=\"og:image:height\" content=\"1610\" \/>\n\t<meta property=\"og:image:type\" content=\"image\/jpeg\" \/>\n<meta name=\"twitter:card\" content=\"summary_large_image\" \/>\n<meta name=\"twitter:label1\" content=\"Est. reading time\" \/>\n\t<meta name=\"twitter:data1\" content=\"1 minutua\" \/>\n<script type=\"application\/ld+json\" class=\"yoast-schema-graph\">{\"@context\":\"https:\/\/schema.org\",\"@graph\":[{\"@type\":\"WebPage\",\"@id\":\"https:\/\/akhonrent.eus\/eu\/productos\/todos-los-productos\/micro-cascos-beyerdynamic-dt-290-01\/\",\"url\":\"https:\/\/akhonrent.eus\/eu\/productos\/todos-los-productos\/micro-cascos-beyerdynamic-dt-290-01\/\",\"name\":\"MICRO-CASCOS BEYERDYNAMIC DT 290- 01 - AKHONrent\",\"isPartOf\":{\"@id\":\"http:\/\/akhonrent.eus\/#website\"},\"primaryImageOfPage\":{\"@id\":\"https:\/\/akhonrent.eus\/eu\/productos\/todos-los-productos\/micro-cascos-beyerdynamic-dt-290-01\/#primaryimage\"},\"image\":{\"@id\":\"https:\/\/akhonrent.eus\/eu\/productos\/todos-los-productos\/micro-cascos-beyerdynamic-dt-290-01\/#primaryimage\"},\"thumbnailUrl\":\"https:\/\/akhonrent.eus\/wp-content\/uploads\/2025\/11\/MICRO-CASCOS-BEYERDYNAMIC-DT-2901.jpg\",\"datePublished\":\"2025-11-06T12:16:43+00:00\",\"dateModified\":\"2025-11-06T12:16:44+00:00\",\"breadcrumb\":{\"@id\":\"https:\/\/akhonrent.eus\/eu\/productos\/todos-los-productos\/micro-cascos-beyerdynamic-dt-290-01\/#breadcrumb\"},\"inLanguage\":\"eu\",\"potentialAction\":[{\"@type\":\"ReadAction\",\"target\":[\"https:\/\/akhonrent.eus\/eu\/productos\/todos-los-productos\/micro-cascos-beyerdynamic-dt-290-01\/\"]}]},{\"@type\":\"ImageObject\",\"inLanguage\":\"eu\",\"@id\":\"https:\/\/akhonrent.eus\/eu\/productos\/todos-los-productos\/micro-cascos-beyerdynamic-dt-290-01\/#primaryimage\",\"url\":\"https:\/\/akhonrent.eus\/wp-content\/uploads\/2025\/11\/MICRO-CASCOS-BEYERDYNAMIC-DT-2901.jpg\",\"contentUrl\":\"https:\/\/akhonrent.eus\/wp-content\/uploads\/2025\/11\/MICRO-CASCOS-BEYERDYNAMIC-DT-2901.jpg\",\"width\":1800,\"height\":1610},{\"@type\":\"BreadcrumbList\",\"@id\":\"https:\/\/akhonrent.eus\/eu\/productos\/todos-los-productos\/micro-cascos-beyerdynamic-dt-290-01\/#breadcrumb\",\"itemListElement\":[{\"@type\":\"ListItem\",\"position\":1,\"name\":\"Portada\",\"item\":\"http:\/\/akhonrent.eus\/\"},{\"@type\":\"ListItem\",\"position\":2,\"name\":\"Tienda\",\"item\":\"http:\/\/akhonrent.eus\/productos\/\"},{\"@type\":\"ListItem\",\"position\":3,\"name\":\"MICRO-CASCOS BEYERDYNAMIC DT 290- 01\"}]},{\"@type\":\"WebSite\",\"@id\":\"http:\/\/akhonrent.eus\/#website\",\"url\":\"http:\/\/akhonrent.eus\/\",\"name\":\"AKHONrent\",\"description\":\"Alquiler de material audiovisual para empresas: sonido, iluminaci\u00f3n y video de alta calidad. Fiabilidad y asesoramiento de equipo de expertos\",\"publisher\":{\"@id\":\"http:\/\/akhonrent.eus\/#organization\"},\"potentialAction\":[{\"@type\":\"SearchAction\",\"target\":{\"@type\":\"EntryPoint\",\"urlTemplate\":\"http:\/\/akhonrent.eus\/?s={search_term_string}\"},\"query-input\":{\"@type\":\"PropertyValueSpecification\",\"valueRequired\":true,\"valueName\":\"search_term_string\"}}],\"inLanguage\":\"eu\"},{\"@type\":\"Organization\",\"@id\":\"http:\/\/akhonrent.eus\/#organization\",\"name\":\"AKHONrent\",\"url\":\"http:\/\/akhonrent.eus\/\",\"logo\":{\"@type\":\"ImageObject\",\"inLanguage\":\"eu\",\"@id\":\"http:\/\/akhonrent.eus\/#\/schema\/logo\/image\/\",\"url\":\"https:\/\/akhonrent.eus\/wp-content\/uploads\/2024\/06\/cropped-akhon-rent.png\",\"contentUrl\":\"https:\/\/akhonrent.eus\/wp-content\/uploads\/2024\/06\/cropped-akhon-rent.png\",\"width\":576,\"height\":192,\"caption\":\"AKHONrent\"},\"image\":{\"@id\":\"http:\/\/akhonrent.eus\/#\/schema\/logo\/image\/\"}}]}<\/script>\n<!-- \/ Yoast SEO plugin. -->","yoast_head_json":{"title":"MICRO-CASCOS BEYERDYNAMIC DT 290- 01 - AKHONrent","robots":{"index":"index","follow":"follow","max-snippet":"max-snippet:-1","max-image-preview":"max-image-preview:large","max-video-preview":"max-video-preview:-1"},"canonical":"https:\/\/akhonrent.eus\/eu\/productos\/todos-los-productos\/micro-cascos-beyerdynamic-dt-290-01\/","og_locale":"en_US","og_type":"article","og_title":"MICRO-CASCOS BEYERDYNAMIC DT 290- 01 - AKHONrent","og_description":"Micr\u00f3fono din\u00e1mico de alta calidad con caracter\u00edstica hipercardioide (alta prevenci\u00f3n de retroalimentaci\u00f3n). Cuello de cisne flexible y giratorio para un posicionamiento \u00f3ptimo. Sistema de im\u00e1n de neodimio de alto rendimiento para una excelente precisi\u00f3n de reproducci\u00f3n. Hecho en Alemania.","og_url":"https:\/\/akhonrent.eus\/eu\/productos\/todos-los-productos\/micro-cascos-beyerdynamic-dt-290-01\/","og_site_name":"AKHONrent","article_modified_time":"2025-11-06T12:16:44+00:00","og_image":[{"width":1800,"height":1610,"url":"https:\/\/akhonrent.eus\/wp-content\/uploads\/2025\/11\/MICRO-CASCOS-BEYERDYNAMIC-DT-2901.jpg","type":"image\/jpeg"}],"twitter_card":"summary_large_image","twitter_misc":{"Est. reading time":"1 minutua"},"schema":{"@context":"https:\/\/schema.org","@graph":[{"@type":"WebPage","@id":"https:\/\/akhonrent.eus\/eu\/productos\/todos-los-productos\/micro-cascos-beyerdynamic-dt-290-01\/","url":"https:\/\/akhonrent.eus\/eu\/productos\/todos-los-productos\/micro-cascos-beyerdynamic-dt-290-01\/","name":"MICRO-CASCOS BEYERDYNAMIC DT 290- 01 - AKHONrent","isPartOf":{"@id":"http:\/\/akhonrent.eus\/#website"},"primaryImageOfPage":{"@id":"https:\/\/akhonrent.eus\/eu\/productos\/todos-los-productos\/micro-cascos-beyerdynamic-dt-290-01\/#primaryimage"},"image":{"@id":"https:\/\/akhonrent.eus\/eu\/productos\/todos-los-productos\/micro-cascos-beyerdynamic-dt-290-01\/#primaryimage"},"thumbnailUrl":"https:\/\/akhonrent.eus\/wp-content\/uploads\/2025\/11\/MICRO-CASCOS-BEYERDYNAMIC-DT-2901.jpg","datePublished":"2025-11-06T12:16:43+00:00","dateModified":"2025-11-06T12:16:44+00:00","breadcrumb":{"@id":"https:\/\/akhonrent.eus\/eu\/productos\/todos-los-productos\/micro-cascos-beyerdynamic-dt-290-01\/#breadcrumb"},"inLanguage":"eu","potentialAction":[{"@type":"ReadAction","target":["https:\/\/akhonrent.eus\/eu\/productos\/todos-los-productos\/micro-cascos-beyerdynamic-dt-290-01\/"]}]},{"@type":"ImageObject","inLanguage":"eu","@id":"https:\/\/akhonrent.eus\/eu\/productos\/todos-los-productos\/micro-cascos-beyerdynamic-dt-290-01\/#primaryimage","url":"https:\/\/akhonrent.eus\/wp-content\/uploads\/2025\/11\/MICRO-CASCOS-BEYERDYNAMIC-DT-2901.jpg","contentUrl":"https:\/\/akhonrent.eus\/wp-content\/uploads\/2025\/11\/MICRO-CASCOS-BEYERDYNAMIC-DT-2901.jpg","width":1800,"height":1610},{"@type":"BreadcrumbList","@id":"https:\/\/akhonrent.eus\/eu\/productos\/todos-los-productos\/micro-cascos-beyerdynamic-dt-290-01\/#breadcrumb","itemListElement":[{"@type":"ListItem","position":1,"name":"Portada","item":"http:\/\/akhonrent.eus\/"},{"@type":"ListItem","position":2,"name":"Tienda","item":"http:\/\/akhonrent.eus\/productos\/"},{"@type":"ListItem","position":3,"name":"MICRO-CASCOS BEYERDYNAMIC DT 290- 01"}]},{"@type":"WebSite","@id":"http:\/\/akhonrent.eus\/#website","url":"http:\/\/akhonrent.eus\/","name":"AKHONrent","description":"Alquiler de material audiovisual para empresas: sonido, iluminaci\u00f3n y video de alta calidad. Fiabilidad y asesoramiento de equipo de expertos","publisher":{"@id":"http:\/\/akhonrent.eus\/#organization"},"potentialAction":[{"@type":"SearchAction","target":{"@type":"EntryPoint","urlTemplate":"http:\/\/akhonrent.eus\/?s={search_term_string}"},"query-input":{"@type":"PropertyValueSpecification","valueRequired":true,"valueName":"search_term_string"}}],"inLanguage":"eu"},{"@type":"Organization","@id":"http:\/\/akhonrent.eus\/#organization","name":"AKHONrent","url":"http:\/\/akhonrent.eus\/","logo":{"@type":"ImageObject","inLanguage":"eu","@id":"http:\/\/akhonrent.eus\/#\/schema\/logo\/image\/","url":"https:\/\/akhonrent.eus\/wp-content\/uploads\/2024\/06\/cropped-akhon-rent.png","contentUrl":"https:\/\/akhonrent.eus\/wp-content\/uploads\/2024\/06\/cropped-akhon-rent.png","width":576,"height":192,"caption":"AKHONrent"},"image":{"@id":"http:\/\/akhonrent.eus\/#\/schema\/logo\/image\/"}}]}},"_links":{"self":[{"href":"https:\/\/akhonrent.eus\/eu\/wp-json\/wp\/v2\/product\/3004","targetHints":{"allow":["GET"]}}],"collection":[{"href":"https:\/\/akhonrent.eus\/eu\/wp-json\/wp\/v2\/product"}],"about":[{"href":"https:\/\/akhonrent.eus\/eu\/wp-json\/wp\/v2\/types\/product"}],"replies":[{"embeddable":true,"href":"https:\/\/akhonrent.eus\/eu\/wp-json\/wp\/v2\/comments?post=3004"}],"wp:featuredmedia":[{"embeddable":true,"href":"https:\/\/akhonrent.eus\/eu\/wp-json\/wp\/v2\/media\/3005"}],"wp:attachment":[{"href":"https:\/\/akhonrent.eus\/eu\/wp-json\/wp\/v2\/media?parent=3004"}],"wp:term":[{"taxonomy":"product_brand","embeddable":true,"href":"https:\/\/akhonrent.eus\/eu\/wp-json\/wp\/v2\/product_brand?post=3004"},{"taxonomy":"product_cat","embeddable":true,"href":"https:\/\/akhonrent.eus\/eu\/wp-json\/wp\/v2\/product_cat?post=3004"},{"taxonomy":"product_tag","embeddable":true,"href":"https:\/\/akhonrent.eus\/eu\/wp-json\/wp\/v2\/product_tag?post=3004"}],"curies":[{"name":"wp","href":"https:\/\/api.w.org\/{rel}","templated":true}]}}