{"id":3008,"date":"2025-11-06T13:19:15","date_gmt":"2025-11-06T12:19:15","guid":{"rendered":"https:\/\/akhonrent.eus\/?post_type=product&#038;p=3008"},"modified":"2025-11-06T13:19:15","modified_gmt":"2025-11-06T12:19:15","slug":"micro-cascos-audio-technica-ath-m50xsts-01","status":"publish","type":"product","link":"https:\/\/akhonrent.eus\/eu\/productos\/todos-los-productos\/micro-cascos-audio-technica-ath-m50xsts-01\/","title":{"rendered":"MICRO-CASCOS AUDIO-TECHNICA ATH-M50xSTS- 01"},"content":{"rendered":"<p>El legendario sonido de estudio de los auriculares ATH-M50x combinado con la reconocida nitidez de los micr\u00f3fonos de la serie 20 para crear los auriculares perfectos para streaming en directo. Transductores patentados de 45 mm de gran apertura con imanes de tierras raras y bobinas de hilo de aluminio revestido de cobre. Claridad excepcional en todo el rango de frecuencias, con una respuesta de graves profunda y precisa. El micr\u00f3fono de condensador cardioide, basado en los ic\u00f3nicos micr\u00f3fonos de la serie 20, ofrece una articulaci\u00f3n e inteligibilidad con calidad de estudio. Est\u00e1n equipados con un cable de conexi\u00f3n fijo de 2 m (6,6&#8242;) con jack de auriculares de 3,5 mm (1\/8&#8243;) y salida de micr\u00f3fono XLR para conectarlos a una interfaz de audio o a un mezclador.<\/p>","protected":false},"excerpt":{"rendered":"<p>El legendario sonido de estudio de los auriculares ATH-M50x combinado con la reconocida nitidez de los micr\u00f3fonos de la serie 20 para crear los auriculares perfectos para streaming en directo. Transductores patentados de 45 mm de gran apertura con imanes de tierras raras y bobinas de hilo de aluminio revestido de cobre. Claridad excepcional en [&hellip;]<\/p>","protected":false},"featured_media":3009,"comment_status":"open","ping_status":"closed","template":"","meta":{"_acf_changed":false,"site-sidebar-layout":"default","site-content-layout":"","ast-site-content-layout":"default","site-content-style":"default","site-sidebar-style":"default","ast-global-header-display":"","ast-banner-title-visibility":"","ast-main-header-display":"","ast-hfb-above-header-display":"","ast-hfb-below-header-display":"","ast-hfb-mobile-header-display":"","site-post-title":"","ast-breadcrumbs-content":"","ast-featured-img":"","footer-sml-layout":"","theme-transparent-header-meta":"default","adv-header-id-meta":"","stick-header-meta":"","header-above-stick-meta":"","header-main-stick-meta":"","header-below-stick-meta":"","astra-migrate-meta-layouts":"set","ast-page-background-enabled":"default","ast-page-background-meta":{"desktop":{"background-color":"var(--ast-global-color-4)","background-image":"","background-repeat":"repeat","background-position":"center center","background-size":"auto","background-attachment":"scroll","background-type":"","background-media":"","overlay-type":"","overlay-color":"","overlay-opacity":"","overlay-gradient":""},"tablet":{"background-color":"","background-image":"","background-repeat":"repeat","background-position":"center center","background-size":"auto","background-attachment":"scroll","background-type":"","background-media":"","overlay-type":"","overlay-color":"","overlay-opacity":"","overlay-gradient":""},"mobile":{"background-color":"","background-image":"","background-repeat":"repeat","background-position":"center center","background-size":"auto","background-attachment":"scroll","background-type":"","background-media":"","overlay-type":"","overlay-color":"","overlay-opacity":"","overlay-gradient":""}},"ast-content-background-meta":{"desktop":{"background-color":"var(--ast-global-color-5)","background-image":"","background-repeat":"repeat","background-position":"center center","background-size":"auto","background-attachment":"scroll","background-type":"","background-media":"","overlay-type":"","overlay-color":"","overlay-opacity":"","overlay-gradient":""},"tablet":{"background-color":"var(--ast-global-color-5)","background-image":"","background-repeat":"repeat","background-position":"center center","background-size":"auto","background-attachment":"scroll","background-type":"","background-media":"","overlay-type":"","overlay-color":"","overlay-opacity":"","overlay-gradient":""},"mobile":{"background-color":"var(--ast-global-color-5)","background-image":"","background-repeat":"repeat","background-position":"center center","background-size":"auto","background-attachment":"scroll","background-type":"","background-media":"","overlay-type":"","overlay-color":"","overlay-opacity":"","overlay-gradient":""}}},"product_brand":[],"product_cat":[69,72],"product_tag":[],"class_list":{"0":"post-3008","1":"product","2":"type-product","3":"status-publish","4":"has-post-thumbnail","6":"product_cat-todos-los-productos","7":"product_cat-audio","8":"desktop-align-left","9":"tablet-align-left","10":"mobile-align-left","12":"first","13":"instock","14":"taxable","15":"shipping-taxable","16":"purchasable","17":"product-type-simple"},"acf":[],"yoast_head":"<!-- This site is optimized with the Yoast SEO plugin v24.7 - https:\/\/yoast.com\/wordpress\/plugins\/seo\/ -->\n<title>MICRO-CASCOS AUDIO-TECHNICA ATH-M50xSTS- 01 - AKHONrent<\/title>\n<meta name=\"robots\" content=\"index, follow, max-snippet:-1, max-image-preview:large, max-video-preview:-1\" \/>\n<link rel=\"canonical\" href=\"http:\/\/akhonrent.eus\/eu\/productos\/todos-los-productos\/micro-cascos-audio-technica-ath-m50xsts-01\/\" \/>\n<meta property=\"og:locale\" content=\"en_US\" \/>\n<meta property=\"og:type\" content=\"article\" \/>\n<meta property=\"og:title\" content=\"MICRO-CASCOS AUDIO-TECHNICA ATH-M50xSTS- 01 - AKHONrent\" \/>\n<meta property=\"og:description\" content=\"El legendario sonido de estudio de los auriculares ATH-M50x combinado con la reconocida nitidez de los micr\u00f3fonos de la serie 20 para crear los auriculares perfectos para streaming en directo. Transductores patentados de 45 mm de gran apertura con imanes de tierras raras y bobinas de hilo de aluminio revestido de cobre. Claridad excepcional en [&hellip;]\" \/>\n<meta property=\"og:url\" content=\"http:\/\/akhonrent.eus\/eu\/productos\/todos-los-productos\/micro-cascos-audio-technica-ath-m50xsts-01\/\" \/>\n<meta property=\"og:site_name\" content=\"AKHONrent\" \/>\n<meta property=\"og:image\" content=\"http:\/\/akhonrent.eus\/wp-content\/uploads\/2025\/11\/MICRO-CASCOS-AUDIO-TECHNICA-ATH-M50xSTS1.jpg\" \/>\n\t<meta property=\"og:image:width\" content=\"1125\" \/>\n\t<meta property=\"og:image:height\" content=\"1500\" \/>\n\t<meta property=\"og:image:type\" content=\"image\/jpeg\" \/>\n<meta name=\"twitter:card\" content=\"summary_large_image\" \/>\n<meta name=\"twitter:label1\" content=\"Est. reading time\" \/>\n\t<meta name=\"twitter:data1\" content=\"1 minutua\" \/>\n<script type=\"application\/ld+json\" class=\"yoast-schema-graph\">{\"@context\":\"https:\/\/schema.org\",\"@graph\":[{\"@type\":\"WebPage\",\"@id\":\"http:\/\/akhonrent.eus\/productos\/todos-los-productos\/micro-cascos-audio-technica-ath-m50xsts-01\/\",\"url\":\"http:\/\/akhonrent.eus\/productos\/todos-los-productos\/micro-cascos-audio-technica-ath-m50xsts-01\/\",\"name\":\"MICRO-CASCOS AUDIO-TECHNICA ATH-M50xSTS- 01 - AKHONrent\",\"isPartOf\":{\"@id\":\"https:\/\/akhonrent.eus\/#website\"},\"primaryImageOfPage\":{\"@id\":\"http:\/\/akhonrent.eus\/productos\/todos-los-productos\/micro-cascos-audio-technica-ath-m50xsts-01\/#primaryimage\"},\"image\":{\"@id\":\"http:\/\/akhonrent.eus\/productos\/todos-los-productos\/micro-cascos-audio-technica-ath-m50xsts-01\/#primaryimage\"},\"thumbnailUrl\":\"https:\/\/akhonrent.eus\/wp-content\/uploads\/2025\/11\/MICRO-CASCOS-AUDIO-TECHNICA-ATH-M50xSTS1.jpg\",\"datePublished\":\"2025-11-06T12:19:15+00:00\",\"breadcrumb\":{\"@id\":\"http:\/\/akhonrent.eus\/productos\/todos-los-productos\/micro-cascos-audio-technica-ath-m50xsts-01\/#breadcrumb\"},\"inLanguage\":\"eu\",\"potentialAction\":[{\"@type\":\"ReadAction\",\"target\":[\"http:\/\/akhonrent.eus\/productos\/todos-los-productos\/micro-cascos-audio-technica-ath-m50xsts-01\/\"]}]},{\"@type\":\"ImageObject\",\"inLanguage\":\"eu\",\"@id\":\"http:\/\/akhonrent.eus\/productos\/todos-los-productos\/micro-cascos-audio-technica-ath-m50xsts-01\/#primaryimage\",\"url\":\"https:\/\/akhonrent.eus\/wp-content\/uploads\/2025\/11\/MICRO-CASCOS-AUDIO-TECHNICA-ATH-M50xSTS1.jpg\",\"contentUrl\":\"https:\/\/akhonrent.eus\/wp-content\/uploads\/2025\/11\/MICRO-CASCOS-AUDIO-TECHNICA-ATH-M50xSTS1.jpg\",\"width\":1125,\"height\":1500},{\"@type\":\"BreadcrumbList\",\"@id\":\"http:\/\/akhonrent.eus\/productos\/todos-los-productos\/micro-cascos-audio-technica-ath-m50xsts-01\/#breadcrumb\",\"itemListElement\":[{\"@type\":\"ListItem\",\"position\":1,\"name\":\"Portada\",\"item\":\"https:\/\/akhonrent.eus\/\"},{\"@type\":\"ListItem\",\"position\":2,\"name\":\"Tienda\",\"item\":\"https:\/\/akhonrent.eus\/eu\/productos\/\"},{\"@type\":\"ListItem\",\"position\":3,\"name\":\"MICRO-CASCOS AUDIO-TECHNICA ATH-M50xSTS- 01\"}]},{\"@type\":\"WebSite\",\"@id\":\"https:\/\/akhonrent.eus\/#website\",\"url\":\"https:\/\/akhonrent.eus\/\",\"name\":\"AKHONrent\",\"description\":\"Alquiler de material audiovisual para empresas: sonido, iluminaci\u00f3n y video de alta calidad. Fiabilidad y asesoramiento de equipo de expertos\",\"publisher\":{\"@id\":\"https:\/\/akhonrent.eus\/#organization\"},\"potentialAction\":[{\"@type\":\"SearchAction\",\"target\":{\"@type\":\"EntryPoint\",\"urlTemplate\":\"https:\/\/akhonrent.eus\/?s={search_term_string}\"},\"query-input\":{\"@type\":\"PropertyValueSpecification\",\"valueRequired\":true,\"valueName\":\"search_term_string\"}}],\"inLanguage\":\"eu\"},{\"@type\":\"Organization\",\"@id\":\"https:\/\/akhonrent.eus\/#organization\",\"name\":\"AKHONrent\",\"url\":\"https:\/\/akhonrent.eus\/\",\"logo\":{\"@type\":\"ImageObject\",\"inLanguage\":\"eu\",\"@id\":\"https:\/\/akhonrent.eus\/#\/schema\/logo\/image\/\",\"url\":\"https:\/\/akhonrent.eus\/wp-content\/uploads\/2024\/06\/cropped-akhon-rent.png\",\"contentUrl\":\"https:\/\/akhonrent.eus\/wp-content\/uploads\/2024\/06\/cropped-akhon-rent.png\",\"width\":576,\"height\":192,\"caption\":\"AKHONrent\"},\"image\":{\"@id\":\"https:\/\/akhonrent.eus\/#\/schema\/logo\/image\/\"}}]}<\/script>\n<!-- \/ Yoast SEO plugin. -->","yoast_head_json":{"title":"MICRO-CASCOS AUDIO-TECHNICA ATH-M50xSTS- 01 - AKHONrent","robots":{"index":"index","follow":"follow","max-snippet":"max-snippet:-1","max-image-preview":"max-image-preview:large","max-video-preview":"max-video-preview:-1"},"canonical":"http:\/\/akhonrent.eus\/eu\/productos\/todos-los-productos\/micro-cascos-audio-technica-ath-m50xsts-01\/","og_locale":"en_US","og_type":"article","og_title":"MICRO-CASCOS AUDIO-TECHNICA ATH-M50xSTS- 01 - AKHONrent","og_description":"El legendario sonido de estudio de los auriculares ATH-M50x combinado con la reconocida nitidez de los micr\u00f3fonos de la serie 20 para crear los auriculares perfectos para streaming en directo. Transductores patentados de 45 mm de gran apertura con imanes de tierras raras y bobinas de hilo de aluminio revestido de cobre. Claridad excepcional en [&hellip;]","og_url":"http:\/\/akhonrent.eus\/eu\/productos\/todos-los-productos\/micro-cascos-audio-technica-ath-m50xsts-01\/","og_site_name":"AKHONrent","og_image":[{"width":1125,"height":1500,"url":"http:\/\/akhonrent.eus\/wp-content\/uploads\/2025\/11\/MICRO-CASCOS-AUDIO-TECHNICA-ATH-M50xSTS1.jpg","type":"image\/jpeg"}],"twitter_card":"summary_large_image","twitter_misc":{"Est. reading time":"1 minutua"},"schema":{"@context":"https:\/\/schema.org","@graph":[{"@type":"WebPage","@id":"http:\/\/akhonrent.eus\/productos\/todos-los-productos\/micro-cascos-audio-technica-ath-m50xsts-01\/","url":"http:\/\/akhonrent.eus\/productos\/todos-los-productos\/micro-cascos-audio-technica-ath-m50xsts-01\/","name":"MICRO-CASCOS AUDIO-TECHNICA ATH-M50xSTS- 01 - AKHONrent","isPartOf":{"@id":"https:\/\/akhonrent.eus\/#website"},"primaryImageOfPage":{"@id":"http:\/\/akhonrent.eus\/productos\/todos-los-productos\/micro-cascos-audio-technica-ath-m50xsts-01\/#primaryimage"},"image":{"@id":"http:\/\/akhonrent.eus\/productos\/todos-los-productos\/micro-cascos-audio-technica-ath-m50xsts-01\/#primaryimage"},"thumbnailUrl":"https:\/\/akhonrent.eus\/wp-content\/uploads\/2025\/11\/MICRO-CASCOS-AUDIO-TECHNICA-ATH-M50xSTS1.jpg","datePublished":"2025-11-06T12:19:15+00:00","breadcrumb":{"@id":"http:\/\/akhonrent.eus\/productos\/todos-los-productos\/micro-cascos-audio-technica-ath-m50xsts-01\/#breadcrumb"},"inLanguage":"eu","potentialAction":[{"@type":"ReadAction","target":["http:\/\/akhonrent.eus\/productos\/todos-los-productos\/micro-cascos-audio-technica-ath-m50xsts-01\/"]}]},{"@type":"ImageObject","inLanguage":"eu","@id":"http:\/\/akhonrent.eus\/productos\/todos-los-productos\/micro-cascos-audio-technica-ath-m50xsts-01\/#primaryimage","url":"https:\/\/akhonrent.eus\/wp-content\/uploads\/2025\/11\/MICRO-CASCOS-AUDIO-TECHNICA-ATH-M50xSTS1.jpg","contentUrl":"https:\/\/akhonrent.eus\/wp-content\/uploads\/2025\/11\/MICRO-CASCOS-AUDIO-TECHNICA-ATH-M50xSTS1.jpg","width":1125,"height":1500},{"@type":"BreadcrumbList","@id":"http:\/\/akhonrent.eus\/productos\/todos-los-productos\/micro-cascos-audio-technica-ath-m50xsts-01\/#breadcrumb","itemListElement":[{"@type":"ListItem","position":1,"name":"Portada","item":"https:\/\/akhonrent.eus\/"},{"@type":"ListItem","position":2,"name":"Tienda","item":"https:\/\/akhonrent.eus\/eu\/productos\/"},{"@type":"ListItem","position":3,"name":"MICRO-CASCOS AUDIO-TECHNICA ATH-M50xSTS- 01"}]},{"@type":"WebSite","@id":"https:\/\/akhonrent.eus\/#website","url":"https:\/\/akhonrent.eus\/","name":"AKHONrent","description":"Alquiler de material audiovisual para empresas: sonido, iluminaci\u00f3n y video de alta calidad. Fiabilidad y asesoramiento de equipo de expertos","publisher":{"@id":"https:\/\/akhonrent.eus\/#organization"},"potentialAction":[{"@type":"SearchAction","target":{"@type":"EntryPoint","urlTemplate":"https:\/\/akhonrent.eus\/?s={search_term_string}"},"query-input":{"@type":"PropertyValueSpecification","valueRequired":true,"valueName":"search_term_string"}}],"inLanguage":"eu"},{"@type":"Organization","@id":"https:\/\/akhonrent.eus\/#organization","name":"AKHONrent","url":"https:\/\/akhonrent.eus\/","logo":{"@type":"ImageObject","inLanguage":"eu","@id":"https:\/\/akhonrent.eus\/#\/schema\/logo\/image\/","url":"https:\/\/akhonrent.eus\/wp-content\/uploads\/2024\/06\/cropped-akhon-rent.png","contentUrl":"https:\/\/akhonrent.eus\/wp-content\/uploads\/2024\/06\/cropped-akhon-rent.png","width":576,"height":192,"caption":"AKHONrent"},"image":{"@id":"https:\/\/akhonrent.eus\/#\/schema\/logo\/image\/"}}]}},"_links":{"self":[{"href":"https:\/\/akhonrent.eus\/eu\/wp-json\/wp\/v2\/product\/3008","targetHints":{"allow":["GET"]}}],"collection":[{"href":"https:\/\/akhonrent.eus\/eu\/wp-json\/wp\/v2\/product"}],"about":[{"href":"https:\/\/akhonrent.eus\/eu\/wp-json\/wp\/v2\/types\/product"}],"replies":[{"embeddable":true,"href":"https:\/\/akhonrent.eus\/eu\/wp-json\/wp\/v2\/comments?post=3008"}],"wp:featuredmedia":[{"embeddable":true,"href":"https:\/\/akhonrent.eus\/eu\/wp-json\/wp\/v2\/media\/3009"}],"wp:attachment":[{"href":"https:\/\/akhonrent.eus\/eu\/wp-json\/wp\/v2\/media?parent=3008"}],"wp:term":[{"taxonomy":"product_brand","embeddable":true,"href":"https:\/\/akhonrent.eus\/eu\/wp-json\/wp\/v2\/product_brand?post=3008"},{"taxonomy":"product_cat","embeddable":true,"href":"https:\/\/akhonrent.eus\/eu\/wp-json\/wp\/v2\/product_cat?post=3008"},{"taxonomy":"product_tag","embeddable":true,"href":"https:\/\/akhonrent.eus\/eu\/wp-json\/wp\/v2\/product_tag?post=3008"}],"curies":[{"name":"wp","href":"https:\/\/api.w.org\/{rel}","templated":true}]}}