{"id":3011,"date":"2025-11-06T13:22:15","date_gmt":"2025-11-06T12:22:15","guid":{"rendered":"https:\/\/akhonrent.eus\/?post_type=product&#038;p=3011"},"modified":"2026-04-20T11:11:04","modified_gmt":"2026-04-20T09:11:04","slug":"objetivo-sigma-fullframe-28-70mm-f2-8-dg-dn-01","status":"publish","type":"product","link":"https:\/\/akhonrent.eus\/eu\/productos\/objetivos\/objetivo-sigma-fullframe-28-70mm-f2-8-dg-dn-01\/","title":{"rendered":"OBJETIVO SIGMA FULLFRAME 28- 70mm\/ f2.8 DG DN- 01"},"content":{"rendered":"<p>El SIGMA 28-70mm F2.8 DG DN | Contemporary redefine el zoom est\u00e1ndar para c\u00e1maras sin espejo mediante la combinaci\u00f3n de un rendimiento \u00f3ptico excepcional, una apertura constante de F2.8 y un cuerpo ligero y compacto. Permaneciendo fiel al concepto central de la l\u00ednea Contemporary de mantener un equilibrio \u00f3ptimo entre calidad \u00f3ptica y tama\u00f1o, este zoom ofrece resultados de calidad profesional en un cuerpo lo suficientemente peque\u00f1o como para llevarlo siempre encima. Los ingenieros \u00f3pticos de SIGMA han introducido una nueva combinaci\u00f3n de recubrimientos y elementos estructurales que hacen que este zoom est\u00e1ndar est\u00e9 bien equipado para su uso en una amplia variedad de entornos de disparo. Del mismo modo, se han empleado las \u00faltimas t\u00e9cnicas de producci\u00f3n y fabricaci\u00f3n para garantizar una calidad de construcci\u00f3n excepcionalmente alta. El 28-70mm F2.8 DG DN | Contemporary recal\u00f3 en el mercado como el zoom est\u00e1ndar m\u00e1s peque\u00f1o y ligero para c\u00e1maras sin espejo de formato completo.<\/p>","protected":false},"excerpt":{"rendered":"<p>El SIGMA 28-70mm F2.8 DG DN | Contemporary redefine el zoom est\u00e1ndar para c\u00e1maras sin espejo mediante la combinaci\u00f3n de un rendimiento \u00f3ptico excepcional, una apertura constante de F2.8 y un cuerpo ligero y compacto. Permaneciendo fiel al concepto central de la l\u00ednea Contemporary de mantener un equilibrio \u00f3ptimo entre calidad \u00f3ptica y tama\u00f1o, este [&hellip;]<\/p>","protected":false},"featured_media":3012,"comment_status":"open","ping_status":"closed","template":"","meta":{"_acf_changed":false,"site-sidebar-layout":"default","site-content-layout":"","ast-site-content-layout":"default","site-content-style":"default","site-sidebar-style":"default","ast-global-header-display":"","ast-banner-title-visibility":"","ast-main-header-display":"","ast-hfb-above-header-display":"","ast-hfb-below-header-display":"","ast-hfb-mobile-header-display":"","site-post-title":"","ast-breadcrumbs-content":"","ast-featured-img":"","footer-sml-layout":"","theme-transparent-header-meta":"default","adv-header-id-meta":"","stick-header-meta":"","header-above-stick-meta":"","header-main-stick-meta":"","header-below-stick-meta":"","astra-migrate-meta-layouts":"set","ast-page-background-enabled":"default","ast-page-background-meta":{"desktop":{"background-color":"var(--ast-global-color-4)","background-image":"","background-repeat":"repeat","background-position":"center center","background-size":"auto","background-attachment":"scroll","background-type":"","background-media":"","overlay-type":"","overlay-color":"","overlay-opacity":"","overlay-gradient":""},"tablet":{"background-color":"","background-image":"","background-repeat":"repeat","background-position":"center center","background-size":"auto","background-attachment":"scroll","background-type":"","background-media":"","overlay-type":"","overlay-color":"","overlay-opacity":"","overlay-gradient":""},"mobile":{"background-color":"","background-image":"","background-repeat":"repeat","background-position":"center center","background-size":"auto","background-attachment":"scroll","background-type":"","background-media":"","overlay-type":"","overlay-color":"","overlay-opacity":"","overlay-gradient":""}},"ast-content-background-meta":{"desktop":{"background-color":"var(--ast-global-color-5)","background-image":"","background-repeat":"repeat","background-position":"center center","background-size":"auto","background-attachment":"scroll","background-type":"","background-media":"","overlay-type":"","overlay-color":"","overlay-opacity":"","overlay-gradient":""},"tablet":{"background-color":"var(--ast-global-color-5)","background-image":"","background-repeat":"repeat","background-position":"center center","background-size":"auto","background-attachment":"scroll","background-type":"","background-media":"","overlay-type":"","overlay-color":"","overlay-opacity":"","overlay-gradient":""},"mobile":{"background-color":"var(--ast-global-color-5)","background-image":"","background-repeat":"repeat","background-position":"center center","background-size":"auto","background-attachment":"scroll","background-type":"","background-media":"","overlay-type":"","overlay-color":"","overlay-opacity":"","overlay-gradient":""}}},"product_brand":[],"product_cat":[69,27],"product_tag":[],"class_list":{"0":"post-3011","1":"product","2":"type-product","3":"status-publish","4":"has-post-thumbnail","6":"product_cat-todos-los-productos","7":"product_cat-objetivos","8":"desktop-align-left","9":"tablet-align-left","10":"mobile-align-left","12":"first","13":"instock","14":"taxable","15":"shipping-taxable","16":"purchasable","17":"product-type-simple"},"acf":[],"yoast_head":"<!-- This site is optimized with the Yoast SEO plugin v24.7 - https:\/\/yoast.com\/wordpress\/plugins\/seo\/ -->\n<title>OBJETIVO SIGMA FULLFRAME 28- 70mm\/ f2.8 DG DN- 01 - AKHONrent<\/title>\n<meta name=\"robots\" content=\"index, follow, max-snippet:-1, max-image-preview:large, max-video-preview:-1\" \/>\n<link rel=\"canonical\" href=\"https:\/\/akhonrent.eus\/eu\/productos\/objetivos\/objetivo-sigma-fullframe-28-70mm-f2-8-dg-dn-01\/\" \/>\n<meta property=\"og:locale\" content=\"en_US\" \/>\n<meta property=\"og:type\" content=\"article\" \/>\n<meta property=\"og:title\" content=\"OBJETIVO SIGMA FULLFRAME 28- 70mm\/ f2.8 DG DN- 01 - AKHONrent\" \/>\n<meta property=\"og:description\" content=\"El SIGMA 28-70mm F2.8 DG DN | Contemporary redefine el zoom est\u00e1ndar para c\u00e1maras sin espejo mediante la combinaci\u00f3n de un rendimiento \u00f3ptico excepcional, una apertura constante de F2.8 y un cuerpo ligero y compacto. Permaneciendo fiel al concepto central de la l\u00ednea Contemporary de mantener un equilibrio \u00f3ptimo entre calidad \u00f3ptica y tama\u00f1o, este [&hellip;]\" \/>\n<meta property=\"og:url\" content=\"https:\/\/akhonrent.eus\/eu\/productos\/objetivos\/objetivo-sigma-fullframe-28-70mm-f2-8-dg-dn-01\/\" \/>\n<meta property=\"og:site_name\" content=\"AKHONrent\" \/>\n<meta property=\"article:modified_time\" content=\"2026-04-20T09:11:04+00:00\" \/>\n<meta property=\"og:image\" content=\"https:\/\/akhonrent.eus\/wp-content\/uploads\/2025\/11\/OBJETIVO-SIGMA-FULLFRAME-28-70mm_-f2.8-DG-DN1.jpg\" \/>\n\t<meta property=\"og:image:width\" content=\"1100\" \/>\n\t<meta property=\"og:image:height\" content=\"1422\" \/>\n\t<meta property=\"og:image:type\" content=\"image\/jpeg\" \/>\n<meta name=\"twitter:card\" content=\"summary_large_image\" \/>\n<meta name=\"twitter:label1\" content=\"Est. reading time\" \/>\n\t<meta name=\"twitter:data1\" content=\"1 minutua\" \/>\n<script type=\"application\/ld+json\" class=\"yoast-schema-graph\">{\"@context\":\"https:\/\/schema.org\",\"@graph\":[{\"@type\":\"WebPage\",\"@id\":\"https:\/\/akhonrent.eus\/eu\/productos\/objetivos\/objetivo-sigma-fullframe-28-70mm-f2-8-dg-dn-01\/\",\"url\":\"https:\/\/akhonrent.eus\/eu\/productos\/objetivos\/objetivo-sigma-fullframe-28-70mm-f2-8-dg-dn-01\/\",\"name\":\"OBJETIVO SIGMA FULLFRAME 28- 70mm\/ f2.8 DG DN- 01 - AKHONrent\",\"isPartOf\":{\"@id\":\"http:\/\/akhonrent.eus\/#website\"},\"primaryImageOfPage\":{\"@id\":\"https:\/\/akhonrent.eus\/eu\/productos\/objetivos\/objetivo-sigma-fullframe-28-70mm-f2-8-dg-dn-01\/#primaryimage\"},\"image\":{\"@id\":\"https:\/\/akhonrent.eus\/eu\/productos\/objetivos\/objetivo-sigma-fullframe-28-70mm-f2-8-dg-dn-01\/#primaryimage\"},\"thumbnailUrl\":\"https:\/\/akhonrent.eus\/wp-content\/uploads\/2025\/11\/OBJETIVO-SIGMA-FULLFRAME-28-70mm_-f2.8-DG-DN1.jpg\",\"datePublished\":\"2025-11-06T12:22:15+00:00\",\"dateModified\":\"2026-04-20T09:11:04+00:00\",\"breadcrumb\":{\"@id\":\"https:\/\/akhonrent.eus\/eu\/productos\/objetivos\/objetivo-sigma-fullframe-28-70mm-f2-8-dg-dn-01\/#breadcrumb\"},\"inLanguage\":\"eu\",\"potentialAction\":[{\"@type\":\"ReadAction\",\"target\":[\"https:\/\/akhonrent.eus\/eu\/productos\/objetivos\/objetivo-sigma-fullframe-28-70mm-f2-8-dg-dn-01\/\"]}]},{\"@type\":\"ImageObject\",\"inLanguage\":\"eu\",\"@id\":\"https:\/\/akhonrent.eus\/eu\/productos\/objetivos\/objetivo-sigma-fullframe-28-70mm-f2-8-dg-dn-01\/#primaryimage\",\"url\":\"https:\/\/akhonrent.eus\/wp-content\/uploads\/2025\/11\/OBJETIVO-SIGMA-FULLFRAME-28-70mm_-f2.8-DG-DN1.jpg\",\"contentUrl\":\"https:\/\/akhonrent.eus\/wp-content\/uploads\/2025\/11\/OBJETIVO-SIGMA-FULLFRAME-28-70mm_-f2.8-DG-DN1.jpg\",\"width\":1100,\"height\":1422},{\"@type\":\"BreadcrumbList\",\"@id\":\"https:\/\/akhonrent.eus\/eu\/productos\/objetivos\/objetivo-sigma-fullframe-28-70mm-f2-8-dg-dn-01\/#breadcrumb\",\"itemListElement\":[{\"@type\":\"ListItem\",\"position\":1,\"name\":\"Portada\",\"item\":\"http:\/\/akhonrent.eus\/\"},{\"@type\":\"ListItem\",\"position\":2,\"name\":\"Tienda\",\"item\":\"http:\/\/akhonrent.eus\/productos\/\"},{\"@type\":\"ListItem\",\"position\":3,\"name\":\"OBJETIVO SIGMA FULLFRAME 28- 70mm\/ f2.8 DG DN- 01\"}]},{\"@type\":\"WebSite\",\"@id\":\"http:\/\/akhonrent.eus\/#website\",\"url\":\"http:\/\/akhonrent.eus\/\",\"name\":\"AKHONrent\",\"description\":\"Alquiler de material audiovisual para empresas: sonido, iluminaci\u00f3n y video de alta calidad. Fiabilidad y asesoramiento de equipo de expertos\",\"publisher\":{\"@id\":\"http:\/\/akhonrent.eus\/#organization\"},\"potentialAction\":[{\"@type\":\"SearchAction\",\"target\":{\"@type\":\"EntryPoint\",\"urlTemplate\":\"http:\/\/akhonrent.eus\/?s={search_term_string}\"},\"query-input\":{\"@type\":\"PropertyValueSpecification\",\"valueRequired\":true,\"valueName\":\"search_term_string\"}}],\"inLanguage\":\"eu\"},{\"@type\":\"Organization\",\"@id\":\"http:\/\/akhonrent.eus\/#organization\",\"name\":\"AKHONrent\",\"url\":\"http:\/\/akhonrent.eus\/\",\"logo\":{\"@type\":\"ImageObject\",\"inLanguage\":\"eu\",\"@id\":\"http:\/\/akhonrent.eus\/#\/schema\/logo\/image\/\",\"url\":\"https:\/\/akhonrent.eus\/wp-content\/uploads\/2024\/06\/cropped-akhon-rent.png\",\"contentUrl\":\"https:\/\/akhonrent.eus\/wp-content\/uploads\/2024\/06\/cropped-akhon-rent.png\",\"width\":576,\"height\":192,\"caption\":\"AKHONrent\"},\"image\":{\"@id\":\"http:\/\/akhonrent.eus\/#\/schema\/logo\/image\/\"}}]}<\/script>\n<!-- \/ Yoast SEO plugin. -->","yoast_head_json":{"title":"OBJETIVO SIGMA FULLFRAME 28- 70mm\/ f2.8 DG DN- 01 - AKHONrent","robots":{"index":"index","follow":"follow","max-snippet":"max-snippet:-1","max-image-preview":"max-image-preview:large","max-video-preview":"max-video-preview:-1"},"canonical":"https:\/\/akhonrent.eus\/eu\/productos\/objetivos\/objetivo-sigma-fullframe-28-70mm-f2-8-dg-dn-01\/","og_locale":"en_US","og_type":"article","og_title":"OBJETIVO SIGMA FULLFRAME 28- 70mm\/ f2.8 DG DN- 01 - AKHONrent","og_description":"El SIGMA 28-70mm F2.8 DG DN | Contemporary redefine el zoom est\u00e1ndar para c\u00e1maras sin espejo mediante la combinaci\u00f3n de un rendimiento \u00f3ptico excepcional, una apertura constante de F2.8 y un cuerpo ligero y compacto. Permaneciendo fiel al concepto central de la l\u00ednea Contemporary de mantener un equilibrio \u00f3ptimo entre calidad \u00f3ptica y tama\u00f1o, este [&hellip;]","og_url":"https:\/\/akhonrent.eus\/eu\/productos\/objetivos\/objetivo-sigma-fullframe-28-70mm-f2-8-dg-dn-01\/","og_site_name":"AKHONrent","article_modified_time":"2026-04-20T09:11:04+00:00","og_image":[{"width":1100,"height":1422,"url":"https:\/\/akhonrent.eus\/wp-content\/uploads\/2025\/11\/OBJETIVO-SIGMA-FULLFRAME-28-70mm_-f2.8-DG-DN1.jpg","type":"image\/jpeg"}],"twitter_card":"summary_large_image","twitter_misc":{"Est. reading time":"1 minutua"},"schema":{"@context":"https:\/\/schema.org","@graph":[{"@type":"WebPage","@id":"https:\/\/akhonrent.eus\/eu\/productos\/objetivos\/objetivo-sigma-fullframe-28-70mm-f2-8-dg-dn-01\/","url":"https:\/\/akhonrent.eus\/eu\/productos\/objetivos\/objetivo-sigma-fullframe-28-70mm-f2-8-dg-dn-01\/","name":"OBJETIVO SIGMA FULLFRAME 28- 70mm\/ f2.8 DG DN- 01 - AKHONrent","isPartOf":{"@id":"http:\/\/akhonrent.eus\/#website"},"primaryImageOfPage":{"@id":"https:\/\/akhonrent.eus\/eu\/productos\/objetivos\/objetivo-sigma-fullframe-28-70mm-f2-8-dg-dn-01\/#primaryimage"},"image":{"@id":"https:\/\/akhonrent.eus\/eu\/productos\/objetivos\/objetivo-sigma-fullframe-28-70mm-f2-8-dg-dn-01\/#primaryimage"},"thumbnailUrl":"https:\/\/akhonrent.eus\/wp-content\/uploads\/2025\/11\/OBJETIVO-SIGMA-FULLFRAME-28-70mm_-f2.8-DG-DN1.jpg","datePublished":"2025-11-06T12:22:15+00:00","dateModified":"2026-04-20T09:11:04+00:00","breadcrumb":{"@id":"https:\/\/akhonrent.eus\/eu\/productos\/objetivos\/objetivo-sigma-fullframe-28-70mm-f2-8-dg-dn-01\/#breadcrumb"},"inLanguage":"eu","potentialAction":[{"@type":"ReadAction","target":["https:\/\/akhonrent.eus\/eu\/productos\/objetivos\/objetivo-sigma-fullframe-28-70mm-f2-8-dg-dn-01\/"]}]},{"@type":"ImageObject","inLanguage":"eu","@id":"https:\/\/akhonrent.eus\/eu\/productos\/objetivos\/objetivo-sigma-fullframe-28-70mm-f2-8-dg-dn-01\/#primaryimage","url":"https:\/\/akhonrent.eus\/wp-content\/uploads\/2025\/11\/OBJETIVO-SIGMA-FULLFRAME-28-70mm_-f2.8-DG-DN1.jpg","contentUrl":"https:\/\/akhonrent.eus\/wp-content\/uploads\/2025\/11\/OBJETIVO-SIGMA-FULLFRAME-28-70mm_-f2.8-DG-DN1.jpg","width":1100,"height":1422},{"@type":"BreadcrumbList","@id":"https:\/\/akhonrent.eus\/eu\/productos\/objetivos\/objetivo-sigma-fullframe-28-70mm-f2-8-dg-dn-01\/#breadcrumb","itemListElement":[{"@type":"ListItem","position":1,"name":"Portada","item":"http:\/\/akhonrent.eus\/"},{"@type":"ListItem","position":2,"name":"Tienda","item":"http:\/\/akhonrent.eus\/productos\/"},{"@type":"ListItem","position":3,"name":"OBJETIVO SIGMA FULLFRAME 28- 70mm\/ f2.8 DG DN- 01"}]},{"@type":"WebSite","@id":"http:\/\/akhonrent.eus\/#website","url":"http:\/\/akhonrent.eus\/","name":"AKHONrent","description":"Alquiler de material audiovisual para empresas: sonido, iluminaci\u00f3n y video de alta calidad. Fiabilidad y asesoramiento de equipo de expertos","publisher":{"@id":"http:\/\/akhonrent.eus\/#organization"},"potentialAction":[{"@type":"SearchAction","target":{"@type":"EntryPoint","urlTemplate":"http:\/\/akhonrent.eus\/?s={search_term_string}"},"query-input":{"@type":"PropertyValueSpecification","valueRequired":true,"valueName":"search_term_string"}}],"inLanguage":"eu"},{"@type":"Organization","@id":"http:\/\/akhonrent.eus\/#organization","name":"AKHONrent","url":"http:\/\/akhonrent.eus\/","logo":{"@type":"ImageObject","inLanguage":"eu","@id":"http:\/\/akhonrent.eus\/#\/schema\/logo\/image\/","url":"https:\/\/akhonrent.eus\/wp-content\/uploads\/2024\/06\/cropped-akhon-rent.png","contentUrl":"https:\/\/akhonrent.eus\/wp-content\/uploads\/2024\/06\/cropped-akhon-rent.png","width":576,"height":192,"caption":"AKHONrent"},"image":{"@id":"http:\/\/akhonrent.eus\/#\/schema\/logo\/image\/"}}]}},"_links":{"self":[{"href":"https:\/\/akhonrent.eus\/eu\/wp-json\/wp\/v2\/product\/3011","targetHints":{"allow":["GET"]}}],"collection":[{"href":"https:\/\/akhonrent.eus\/eu\/wp-json\/wp\/v2\/product"}],"about":[{"href":"https:\/\/akhonrent.eus\/eu\/wp-json\/wp\/v2\/types\/product"}],"replies":[{"embeddable":true,"href":"https:\/\/akhonrent.eus\/eu\/wp-json\/wp\/v2\/comments?post=3011"}],"wp:featuredmedia":[{"embeddable":true,"href":"https:\/\/akhonrent.eus\/eu\/wp-json\/wp\/v2\/media\/3012"}],"wp:attachment":[{"href":"https:\/\/akhonrent.eus\/eu\/wp-json\/wp\/v2\/media?parent=3011"}],"wp:term":[{"taxonomy":"product_brand","embeddable":true,"href":"https:\/\/akhonrent.eus\/eu\/wp-json\/wp\/v2\/product_brand?post=3011"},{"taxonomy":"product_cat","embeddable":true,"href":"https:\/\/akhonrent.eus\/eu\/wp-json\/wp\/v2\/product_cat?post=3011"},{"taxonomy":"product_tag","embeddable":true,"href":"https:\/\/akhonrent.eus\/eu\/wp-json\/wp\/v2\/product_tag?post=3011"}],"curies":[{"name":"wp","href":"https:\/\/api.w.org\/{rel}","templated":true}]}}