{"id":3021,"date":"2025-11-06T13:28:12","date_gmt":"2025-11-06T12:28:12","guid":{"rendered":"https:\/\/akhonrent.eus\/?post_type=product&#038;p=3021"},"modified":"2025-11-06T13:28:12","modified_gmt":"2025-11-06T12:28:12","slug":"empunadura-anular-basica-plus-tilta-para-dji-ronin","status":"publish","type":"product","link":"https:\/\/akhonrent.eus\/eu\/productos\/todos-los-productos\/empunadura-anular-basica-plus-tilta-para-dji-ronin\/","title":{"rendered":"EMPU\u00d1ADURA ANULAR BASICA PLUS TILTA PARA DJI RONIN"},"content":{"rendered":"<p>El Anillo de Sujeci\u00f3n B\u00e1sico Plus es el sistema de sujeci\u00f3n m\u00e1s rentable para los cardanes DJI RS2, RS3\/3 Pro y RS4\/4 Pro. Esta versi\u00f3n mejorada de la empu\u00f1adura anular b\u00e1sica admite todos los accesorios de las versiones anteriores, incluidos el mando a distancia y las asas de doble canal. Utilizando una nueva aleaci\u00f3n de aluminio y magnesio, el Agarre Anular B\u00e1sico Plus mejora el modelo anterior con un peso ligeramente m\u00e1s ligero y una mayor durabilidad. Permite convertir la empu\u00f1adura de la bater\u00eda del card\u00e1n en una empu\u00f1adura superior, para que puedas pasar r\u00e1pidamente a tomas de \u00e1ngulo bajo mientras proporcionas potencia adicional a tu card\u00e1n. Un pie de apoyo integrado te permite colocar f\u00e1cilmente el card\u00e1n entre tomas.<\/p>","protected":false},"excerpt":{"rendered":"<p>El Anillo de Sujeci\u00f3n B\u00e1sico Plus es el sistema de sujeci\u00f3n m\u00e1s rentable para los cardanes DJI RS2, RS3\/3 Pro y RS4\/4 Pro. Esta versi\u00f3n mejorada de la empu\u00f1adura anular b\u00e1sica admite todos los accesorios de las versiones anteriores, incluidos el mando a distancia y las asas de doble canal. Utilizando una nueva aleaci\u00f3n de [&hellip;]<\/p>","protected":false},"featured_media":3022,"comment_status":"open","ping_status":"closed","template":"","meta":{"_acf_changed":false,"site-sidebar-layout":"default","site-content-layout":"","ast-site-content-layout":"default","site-content-style":"default","site-sidebar-style":"default","ast-global-header-display":"","ast-banner-title-visibility":"","ast-main-header-display":"","ast-hfb-above-header-display":"","ast-hfb-below-header-display":"","ast-hfb-mobile-header-display":"","site-post-title":"","ast-breadcrumbs-content":"","ast-featured-img":"","footer-sml-layout":"","theme-transparent-header-meta":"default","adv-header-id-meta":"","stick-header-meta":"","header-above-stick-meta":"","header-main-stick-meta":"","header-below-stick-meta":"","astra-migrate-meta-layouts":"set","ast-page-background-enabled":"default","ast-page-background-meta":{"desktop":{"background-color":"var(--ast-global-color-4)","background-image":"","background-repeat":"repeat","background-position":"center center","background-size":"auto","background-attachment":"scroll","background-type":"","background-media":"","overlay-type":"","overlay-color":"","overlay-opacity":"","overlay-gradient":""},"tablet":{"background-color":"","background-image":"","background-repeat":"repeat","background-position":"center center","background-size":"auto","background-attachment":"scroll","background-type":"","background-media":"","overlay-type":"","overlay-color":"","overlay-opacity":"","overlay-gradient":""},"mobile":{"background-color":"","background-image":"","background-repeat":"repeat","background-position":"center center","background-size":"auto","background-attachment":"scroll","background-type":"","background-media":"","overlay-type":"","overlay-color":"","overlay-opacity":"","overlay-gradient":""}},"ast-content-background-meta":{"desktop":{"background-color":"var(--ast-global-color-5)","background-image":"","background-repeat":"repeat","background-position":"center center","background-size":"auto","background-attachment":"scroll","background-type":"","background-media":"","overlay-type":"","overlay-color":"","overlay-opacity":"","overlay-gradient":""},"tablet":{"background-color":"var(--ast-global-color-5)","background-image":"","background-repeat":"repeat","background-position":"center center","background-size":"auto","background-attachment":"scroll","background-type":"","background-media":"","overlay-type":"","overlay-color":"","overlay-opacity":"","overlay-gradient":""},"mobile":{"background-color":"var(--ast-global-color-5)","background-image":"","background-repeat":"repeat","background-position":"center center","background-size":"auto","background-attachment":"scroll","background-type":"","background-media":"","overlay-type":"","overlay-color":"","overlay-opacity":"","overlay-gradient":""}}},"product_brand":[],"product_cat":[69,81],"product_tag":[],"class_list":{"0":"post-3021","1":"product","2":"type-product","3":"status-publish","4":"has-post-thumbnail","6":"product_cat-todos-los-productos","7":"product_cat-estabilizadores","8":"desktop-align-left","9":"tablet-align-left","10":"mobile-align-left","12":"first","13":"instock","14":"taxable","15":"shipping-taxable","16":"purchasable","17":"product-type-simple"},"acf":[],"yoast_head":"<!-- This site is optimized with the Yoast SEO plugin v24.7 - https:\/\/yoast.com\/wordpress\/plugins\/seo\/ -->\n<title>EMPU\u00d1ADURA ANULAR BASICA PLUS TILTA PARA DJI RONIN - AKHONrent<\/title>\n<meta name=\"robots\" content=\"index, follow, max-snippet:-1, max-image-preview:large, max-video-preview:-1\" \/>\n<link rel=\"canonical\" href=\"https:\/\/akhonrent.eus\/eu\/productos\/todos-los-productos\/empunadura-anular-basica-plus-tilta-para-dji-ronin\/\" \/>\n<meta property=\"og:locale\" content=\"en_US\" \/>\n<meta property=\"og:type\" content=\"article\" \/>\n<meta property=\"og:title\" content=\"EMPU\u00d1ADURA ANULAR BASICA PLUS TILTA PARA DJI RONIN - AKHONrent\" \/>\n<meta property=\"og:description\" content=\"El Anillo de Sujeci\u00f3n B\u00e1sico Plus es el sistema de sujeci\u00f3n m\u00e1s rentable para los cardanes DJI RS2, RS3\/3 Pro y RS4\/4 Pro. Esta versi\u00f3n mejorada de la empu\u00f1adura anular b\u00e1sica admite todos los accesorios de las versiones anteriores, incluidos el mando a distancia y las asas de doble canal. Utilizando una nueva aleaci\u00f3n de [&hellip;]\" \/>\n<meta property=\"og:url\" content=\"https:\/\/akhonrent.eus\/eu\/productos\/todos-los-productos\/empunadura-anular-basica-plus-tilta-para-dji-ronin\/\" \/>\n<meta property=\"og:site_name\" content=\"AKHONrent\" \/>\n<meta property=\"og:image\" content=\"https:\/\/akhonrent.eus\/wp-content\/uploads\/2025\/11\/EMPUNADURA-ANULAR-BASICA-PLUS-TILTA-PARA-DJI-RONIN1.jpg\" \/>\n\t<meta property=\"og:image:width\" content=\"2048\" \/>\n\t<meta property=\"og:image:height\" content=\"1154\" \/>\n\t<meta property=\"og:image:type\" content=\"image\/jpeg\" \/>\n<meta name=\"twitter:card\" content=\"summary_large_image\" \/>\n<meta name=\"twitter:label1\" content=\"Est. reading time\" \/>\n\t<meta name=\"twitter:data1\" content=\"1 minutua\" \/>\n<script type=\"application\/ld+json\" class=\"yoast-schema-graph\">{\"@context\":\"https:\/\/schema.org\",\"@graph\":[{\"@type\":\"WebPage\",\"@id\":\"https:\/\/akhonrent.eus\/eu\/productos\/todos-los-productos\/empunadura-anular-basica-plus-tilta-para-dji-ronin\/\",\"url\":\"https:\/\/akhonrent.eus\/eu\/productos\/todos-los-productos\/empunadura-anular-basica-plus-tilta-para-dji-ronin\/\",\"name\":\"EMPU\u00d1ADURA ANULAR BASICA PLUS TILTA PARA DJI RONIN - AKHONrent\",\"isPartOf\":{\"@id\":\"http:\/\/akhonrent.eus\/#website\"},\"primaryImageOfPage\":{\"@id\":\"https:\/\/akhonrent.eus\/eu\/productos\/todos-los-productos\/empunadura-anular-basica-plus-tilta-para-dji-ronin\/#primaryimage\"},\"image\":{\"@id\":\"https:\/\/akhonrent.eus\/eu\/productos\/todos-los-productos\/empunadura-anular-basica-plus-tilta-para-dji-ronin\/#primaryimage\"},\"thumbnailUrl\":\"https:\/\/akhonrent.eus\/wp-content\/uploads\/2025\/11\/EMPUNADURA-ANULAR-BASICA-PLUS-TILTA-PARA-DJI-RONIN1.jpg\",\"datePublished\":\"2025-11-06T12:28:12+00:00\",\"breadcrumb\":{\"@id\":\"https:\/\/akhonrent.eus\/eu\/productos\/todos-los-productos\/empunadura-anular-basica-plus-tilta-para-dji-ronin\/#breadcrumb\"},\"inLanguage\":\"eu\",\"potentialAction\":[{\"@type\":\"ReadAction\",\"target\":[\"https:\/\/akhonrent.eus\/eu\/productos\/todos-los-productos\/empunadura-anular-basica-plus-tilta-para-dji-ronin\/\"]}]},{\"@type\":\"ImageObject\",\"inLanguage\":\"eu\",\"@id\":\"https:\/\/akhonrent.eus\/eu\/productos\/todos-los-productos\/empunadura-anular-basica-plus-tilta-para-dji-ronin\/#primaryimage\",\"url\":\"https:\/\/akhonrent.eus\/wp-content\/uploads\/2025\/11\/EMPUNADURA-ANULAR-BASICA-PLUS-TILTA-PARA-DJI-RONIN1.jpg\",\"contentUrl\":\"https:\/\/akhonrent.eus\/wp-content\/uploads\/2025\/11\/EMPUNADURA-ANULAR-BASICA-PLUS-TILTA-PARA-DJI-RONIN1.jpg\",\"width\":2048,\"height\":1154},{\"@type\":\"BreadcrumbList\",\"@id\":\"https:\/\/akhonrent.eus\/eu\/productos\/todos-los-productos\/empunadura-anular-basica-plus-tilta-para-dji-ronin\/#breadcrumb\",\"itemListElement\":[{\"@type\":\"ListItem\",\"position\":1,\"name\":\"Portada\",\"item\":\"http:\/\/akhonrent.eus\/\"},{\"@type\":\"ListItem\",\"position\":2,\"name\":\"Tienda\",\"item\":\"http:\/\/akhonrent.eus\/productos\/\"},{\"@type\":\"ListItem\",\"position\":3,\"name\":\"EMPU\u00d1ADURA ANULAR BASICA PLUS TILTA PARA DJI RONIN\"}]},{\"@type\":\"WebSite\",\"@id\":\"http:\/\/akhonrent.eus\/#website\",\"url\":\"http:\/\/akhonrent.eus\/\",\"name\":\"AKHONrent\",\"description\":\"Alquiler de material audiovisual para empresas: sonido, iluminaci\u00f3n y video de alta calidad. Fiabilidad y asesoramiento de equipo de expertos\",\"publisher\":{\"@id\":\"http:\/\/akhonrent.eus\/#organization\"},\"potentialAction\":[{\"@type\":\"SearchAction\",\"target\":{\"@type\":\"EntryPoint\",\"urlTemplate\":\"http:\/\/akhonrent.eus\/?s={search_term_string}\"},\"query-input\":{\"@type\":\"PropertyValueSpecification\",\"valueRequired\":true,\"valueName\":\"search_term_string\"}}],\"inLanguage\":\"eu\"},{\"@type\":\"Organization\",\"@id\":\"http:\/\/akhonrent.eus\/#organization\",\"name\":\"AKHONrent\",\"url\":\"http:\/\/akhonrent.eus\/\",\"logo\":{\"@type\":\"ImageObject\",\"inLanguage\":\"eu\",\"@id\":\"http:\/\/akhonrent.eus\/#\/schema\/logo\/image\/\",\"url\":\"https:\/\/akhonrent.eus\/wp-content\/uploads\/2024\/06\/cropped-akhon-rent.png\",\"contentUrl\":\"https:\/\/akhonrent.eus\/wp-content\/uploads\/2024\/06\/cropped-akhon-rent.png\",\"width\":576,\"height\":192,\"caption\":\"AKHONrent\"},\"image\":{\"@id\":\"http:\/\/akhonrent.eus\/#\/schema\/logo\/image\/\"}}]}<\/script>\n<!-- \/ Yoast SEO plugin. -->","yoast_head_json":{"title":"EMPU\u00d1ADURA ANULAR BASICA PLUS TILTA PARA DJI RONIN - AKHONrent","robots":{"index":"index","follow":"follow","max-snippet":"max-snippet:-1","max-image-preview":"max-image-preview:large","max-video-preview":"max-video-preview:-1"},"canonical":"https:\/\/akhonrent.eus\/eu\/productos\/todos-los-productos\/empunadura-anular-basica-plus-tilta-para-dji-ronin\/","og_locale":"en_US","og_type":"article","og_title":"EMPU\u00d1ADURA ANULAR BASICA PLUS TILTA PARA DJI RONIN - AKHONrent","og_description":"El Anillo de Sujeci\u00f3n B\u00e1sico Plus es el sistema de sujeci\u00f3n m\u00e1s rentable para los cardanes DJI RS2, RS3\/3 Pro y RS4\/4 Pro. Esta versi\u00f3n mejorada de la empu\u00f1adura anular b\u00e1sica admite todos los accesorios de las versiones anteriores, incluidos el mando a distancia y las asas de doble canal. Utilizando una nueva aleaci\u00f3n de [&hellip;]","og_url":"https:\/\/akhonrent.eus\/eu\/productos\/todos-los-productos\/empunadura-anular-basica-plus-tilta-para-dji-ronin\/","og_site_name":"AKHONrent","og_image":[{"width":2048,"height":1154,"url":"https:\/\/akhonrent.eus\/wp-content\/uploads\/2025\/11\/EMPUNADURA-ANULAR-BASICA-PLUS-TILTA-PARA-DJI-RONIN1.jpg","type":"image\/jpeg"}],"twitter_card":"summary_large_image","twitter_misc":{"Est. reading time":"1 minutua"},"schema":{"@context":"https:\/\/schema.org","@graph":[{"@type":"WebPage","@id":"https:\/\/akhonrent.eus\/eu\/productos\/todos-los-productos\/empunadura-anular-basica-plus-tilta-para-dji-ronin\/","url":"https:\/\/akhonrent.eus\/eu\/productos\/todos-los-productos\/empunadura-anular-basica-plus-tilta-para-dji-ronin\/","name":"EMPU\u00d1ADURA ANULAR BASICA PLUS TILTA PARA DJI RONIN - AKHONrent","isPartOf":{"@id":"http:\/\/akhonrent.eus\/#website"},"primaryImageOfPage":{"@id":"https:\/\/akhonrent.eus\/eu\/productos\/todos-los-productos\/empunadura-anular-basica-plus-tilta-para-dji-ronin\/#primaryimage"},"image":{"@id":"https:\/\/akhonrent.eus\/eu\/productos\/todos-los-productos\/empunadura-anular-basica-plus-tilta-para-dji-ronin\/#primaryimage"},"thumbnailUrl":"https:\/\/akhonrent.eus\/wp-content\/uploads\/2025\/11\/EMPUNADURA-ANULAR-BASICA-PLUS-TILTA-PARA-DJI-RONIN1.jpg","datePublished":"2025-11-06T12:28:12+00:00","breadcrumb":{"@id":"https:\/\/akhonrent.eus\/eu\/productos\/todos-los-productos\/empunadura-anular-basica-plus-tilta-para-dji-ronin\/#breadcrumb"},"inLanguage":"eu","potentialAction":[{"@type":"ReadAction","target":["https:\/\/akhonrent.eus\/eu\/productos\/todos-los-productos\/empunadura-anular-basica-plus-tilta-para-dji-ronin\/"]}]},{"@type":"ImageObject","inLanguage":"eu","@id":"https:\/\/akhonrent.eus\/eu\/productos\/todos-los-productos\/empunadura-anular-basica-plus-tilta-para-dji-ronin\/#primaryimage","url":"https:\/\/akhonrent.eus\/wp-content\/uploads\/2025\/11\/EMPUNADURA-ANULAR-BASICA-PLUS-TILTA-PARA-DJI-RONIN1.jpg","contentUrl":"https:\/\/akhonrent.eus\/wp-content\/uploads\/2025\/11\/EMPUNADURA-ANULAR-BASICA-PLUS-TILTA-PARA-DJI-RONIN1.jpg","width":2048,"height":1154},{"@type":"BreadcrumbList","@id":"https:\/\/akhonrent.eus\/eu\/productos\/todos-los-productos\/empunadura-anular-basica-plus-tilta-para-dji-ronin\/#breadcrumb","itemListElement":[{"@type":"ListItem","position":1,"name":"Portada","item":"http:\/\/akhonrent.eus\/"},{"@type":"ListItem","position":2,"name":"Tienda","item":"http:\/\/akhonrent.eus\/productos\/"},{"@type":"ListItem","position":3,"name":"EMPU\u00d1ADURA ANULAR BASICA PLUS TILTA PARA DJI RONIN"}]},{"@type":"WebSite","@id":"http:\/\/akhonrent.eus\/#website","url":"http:\/\/akhonrent.eus\/","name":"AKHONrent","description":"Alquiler de material audiovisual para empresas: sonido, iluminaci\u00f3n y video de alta calidad. Fiabilidad y asesoramiento de equipo de expertos","publisher":{"@id":"http:\/\/akhonrent.eus\/#organization"},"potentialAction":[{"@type":"SearchAction","target":{"@type":"EntryPoint","urlTemplate":"http:\/\/akhonrent.eus\/?s={search_term_string}"},"query-input":{"@type":"PropertyValueSpecification","valueRequired":true,"valueName":"search_term_string"}}],"inLanguage":"eu"},{"@type":"Organization","@id":"http:\/\/akhonrent.eus\/#organization","name":"AKHONrent","url":"http:\/\/akhonrent.eus\/","logo":{"@type":"ImageObject","inLanguage":"eu","@id":"http:\/\/akhonrent.eus\/#\/schema\/logo\/image\/","url":"https:\/\/akhonrent.eus\/wp-content\/uploads\/2024\/06\/cropped-akhon-rent.png","contentUrl":"https:\/\/akhonrent.eus\/wp-content\/uploads\/2024\/06\/cropped-akhon-rent.png","width":576,"height":192,"caption":"AKHONrent"},"image":{"@id":"http:\/\/akhonrent.eus\/#\/schema\/logo\/image\/"}}]}},"_links":{"self":[{"href":"https:\/\/akhonrent.eus\/eu\/wp-json\/wp\/v2\/product\/3021","targetHints":{"allow":["GET"]}}],"collection":[{"href":"https:\/\/akhonrent.eus\/eu\/wp-json\/wp\/v2\/product"}],"about":[{"href":"https:\/\/akhonrent.eus\/eu\/wp-json\/wp\/v2\/types\/product"}],"replies":[{"embeddable":true,"href":"https:\/\/akhonrent.eus\/eu\/wp-json\/wp\/v2\/comments?post=3021"}],"wp:featuredmedia":[{"embeddable":true,"href":"https:\/\/akhonrent.eus\/eu\/wp-json\/wp\/v2\/media\/3022"}],"wp:attachment":[{"href":"https:\/\/akhonrent.eus\/eu\/wp-json\/wp\/v2\/media?parent=3021"}],"wp:term":[{"taxonomy":"product_brand","embeddable":true,"href":"https:\/\/akhonrent.eus\/eu\/wp-json\/wp\/v2\/product_brand?post=3021"},{"taxonomy":"product_cat","embeddable":true,"href":"https:\/\/akhonrent.eus\/eu\/wp-json\/wp\/v2\/product_cat?post=3021"},{"taxonomy":"product_tag","embeddable":true,"href":"https:\/\/akhonrent.eus\/eu\/wp-json\/wp\/v2\/product_tag?post=3021"}],"curies":[{"name":"wp","href":"https:\/\/api.w.org\/{rel}","templated":true}]}}